{"id":145975,"date":"2025-11-17T06:16:06","date_gmt":"2025-11-17T05:16:06","guid":{"rendered":"https:\/\/www.ernstbrunn-apotheke.at\/katalog\/produkt\/st-severin-beifuss-tropfen-einjaehrig\/"},"modified":"2025-12-09T10:57:58","modified_gmt":"2025-12-09T09:57:58","slug":"st-severin-beifuss-tropfen-einjaehrig","status":"publish","type":"product","link":"https:\/\/www.ernstbrunn-apotheke.at\/katalog\/produkt\/st-severin-beifuss-tropfen-einjaehrig\/","title":{"rendered":"St. Severin Beifuss Tropfen Einj\u00e4hrig"},"content":{"rendered":"<p>Produktbeschreibung: Bei Bedarf 2 &#8211; 3 x 10 &#8211; 20 Tropfen verd\u00fcnnt mit einem Glas Wasser einnehmen. Der einj\u00e4hrige Beifu\u00df ist eine Pflanzenart in der Gattung Artemisia aus der Familie der Korbbl\u00fctler. Ein wichtiger Inhaltsstoff der Pflanze ist das Artemisinin. Schon lange wird der Beifu\u00df in China bei Fieber angewendet. Antibakterielle, antivirale und fungizide Eigenschaften werden der Pflanze au\u00dferdem zugesprochen. Auch bei Problemen im Magen-Darm-Bereich kann der einj\u00e4hrige Beifu\u00df Hilfe leisten.<\/p>\n<p>Zusammensetzung: Beifusstropfen und \u2013 spray enthalten einen hochwertigen w\u00e4ssrig\/alkoholischen Auszug aus Beifusskraut einj\u00e4hrig, hergestellt laut Arzneibuch. Alkoholgehalt: 66 % Vol<\/p>\n","protected":false},"excerpt":{"rendered":"<p>Produktbeschreibung: Bei Bedarf 2 &#8211; 3 x 10 &#8211; 20 Tropfen verd\u00fcnnt mit einem Glas Wasser einnehmen. Der einj\u00e4hrige Beifu\u00df ist eine Pflanzenart in der Gattung Artemisia aus der Familie der Korbbl\u00fctler. Ein wichtiger Inhaltsstoff der Pflanze ist das Artemisinin. Schon lange wird der Beifu\u00df in China bei Fieber angewendet. Antibakterielle, antivirale und fungizide Eigenschaften [&hellip;]<\/p>\n","protected":false},"featured_media":145977,"template":"","meta":{"_acf_changed":false},"product_brand":[435],"product_cat":[791],"product_tag":[],"class_list":{"0":"post-145975","1":"product","2":"type-product","3":"status-publish","4":"has-post-thumbnail","6":"product_brand-st-severin","7":"product_cat-s","8":"pa_packungsgroesse-100ml","10":"first","11":"instock","12":"shipping-taxable","13":"purchasable","14":"product-type-simple"},"acf":[],"_links":{"self":[{"href":"https:\/\/www.ernstbrunn-apotheke.at\/katalog\/wp-json\/wp\/v2\/product\/145975","targetHints":{"allow":["GET"]}}],"collection":[{"href":"https:\/\/www.ernstbrunn-apotheke.at\/katalog\/wp-json\/wp\/v2\/product"}],"about":[{"href":"https:\/\/www.ernstbrunn-apotheke.at\/katalog\/wp-json\/wp\/v2\/types\/product"}],"wp:featuredmedia":[{"embeddable":true,"href":"https:\/\/www.ernstbrunn-apotheke.at\/katalog\/wp-json\/wp\/v2\/media\/145977"}],"wp:attachment":[{"href":"https:\/\/www.ernstbrunn-apotheke.at\/katalog\/wp-json\/wp\/v2\/media?parent=145975"}],"wp:term":[{"taxonomy":"product_brand","embeddable":true,"href":"https:\/\/www.ernstbrunn-apotheke.at\/katalog\/wp-json\/wp\/v2\/product_brand?post=145975"},{"taxonomy":"product_cat","embeddable":true,"href":"https:\/\/www.ernstbrunn-apotheke.at\/katalog\/wp-json\/wp\/v2\/product_cat?post=145975"},{"taxonomy":"product_tag","embeddable":true,"href":"https:\/\/www.ernstbrunn-apotheke.at\/katalog\/wp-json\/wp\/v2\/product_tag?post=145975"}],"curies":[{"name":"wp","href":"https:\/\/api.w.org\/{rel}","templated":true}]}}