{"id":145969,"date":"2025-11-17T06:16:06","date_gmt":"2025-11-17T05:16:06","guid":{"rendered":"https:\/\/www.ernstbrunn-apotheke.at\/katalog\/produkt\/bausch-lomb-renu-multi-purpuse-6-monate\/"},"modified":"2025-12-09T10:57:55","modified_gmt":"2025-12-09T09:57:55","slug":"bausch-lomb-renu-multi-purpuse-6-monate","status":"publish","type":"product","link":"https:\/\/www.ernstbrunn-apotheke.at\/katalog\/produkt\/bausch-lomb-renu-multi-purpuse-6-monate\/","title":{"rendered":"Bausch &#038; Lomb ReNu Multi-Purpuse 6 Monate"},"content":{"rendered":"<p>Bausch &#038; Lomb ReNu Multi-Purpuse 6 Monate enth\u00e4lt 6&#215;240 ml und ist ein All-in-one Pflegemittel f\u00fcr alle weichen Kontaktlinsen inklusive Silikon-Hydrogel-Kontaktlinsen f\u00fcr Kontaktlinsentr\u00e4ger mit empfindlichen Augen. Es zeichnet sich durch eine erprobte Wirksamkeit bei der Reinigung von Kontaktlinsen aus.<\/p>\n","protected":false},"excerpt":{"rendered":"<p>Bausch &#038; Lomb ReNu Multi-Purpuse 6 Monate enth\u00e4lt 6&#215;240 ml und ist ein All-in-one Pflegemittel f\u00fcr alle weichen Kontaktlinsen inklusive Silikon-Hydrogel-Kontaktlinsen f\u00fcr Kontaktlinsentr\u00e4ger mit empfindlichen Augen. Es zeichnet sich durch eine erprobte Wirksamkeit bei der Reinigung von Kontaktlinsen aus.<\/p>\n","protected":false},"featured_media":0,"template":"","meta":{"_acf_changed":false},"product_brand":[],"product_cat":[802],"product_tag":[],"class_list":{"0":"post-145969","1":"product","2":"type-product","3":"status-publish","5":"product_cat-b","6":"pa_packungsgroesse-500","8":"first","9":"instock","10":"shipping-taxable","11":"purchasable","12":"product-type-simple"},"acf":[],"_links":{"self":[{"href":"https:\/\/www.ernstbrunn-apotheke.at\/katalog\/wp-json\/wp\/v2\/product\/145969","targetHints":{"allow":["GET"]}}],"collection":[{"href":"https:\/\/www.ernstbrunn-apotheke.at\/katalog\/wp-json\/wp\/v2\/product"}],"about":[{"href":"https:\/\/www.ernstbrunn-apotheke.at\/katalog\/wp-json\/wp\/v2\/types\/product"}],"wp:attachment":[{"href":"https:\/\/www.ernstbrunn-apotheke.at\/katalog\/wp-json\/wp\/v2\/media?parent=145969"}],"wp:term":[{"taxonomy":"product_brand","embeddable":true,"href":"https:\/\/www.ernstbrunn-apotheke.at\/katalog\/wp-json\/wp\/v2\/product_brand?post=145969"},{"taxonomy":"product_cat","embeddable":true,"href":"https:\/\/www.ernstbrunn-apotheke.at\/katalog\/wp-json\/wp\/v2\/product_cat?post=145969"},{"taxonomy":"product_tag","embeddable":true,"href":"https:\/\/www.ernstbrunn-apotheke.at\/katalog\/wp-json\/wp\/v2\/product_tag?post=145969"}],"curies":[{"name":"wp","href":"https:\/\/api.w.org\/{rel}","templated":true}]}}