{"id":145948,"date":"2025-11-17T06:15:43","date_gmt":"2025-11-17T05:15:43","guid":{"rendered":"https:\/\/www.ernstbrunn-apotheke.at\/katalog\/produkt\/st-severin-basilikum-tropfen\/"},"modified":"2025-12-09T10:57:50","modified_gmt":"2025-12-09T09:57:50","slug":"st-severin-basilikum-tropfen","status":"publish","type":"product","link":"https:\/\/www.ernstbrunn-apotheke.at\/katalog\/produkt\/st-severin-basilikum-tropfen\/","title":{"rendered":"St. Severin Basilikum Tropfen"},"content":{"rendered":"<p>Produktbeschreibung: Bei Bedarf 2 &#8211; 3 x 10 &#8211; 20 Tropfen verd\u00fcnnt mit einem Glas Wasser einnehmen. Basilikum (Ocimum basilicum L.) z\u00e4hlt zu den Lippenbl\u00fctengew\u00e4chsen (Lamiaceae). Die Hauptinhaltsstoffe sind \u00e4therisches \u00d6l, Gerbstoffe und Flavonoide. Bereits Hildegard von Bingen erw\u00e4hnte Basilikum in ihren Schriften. In der Volksmedizin sch\u00e4tzt man vor allem den positiven Effekt des Basilikumkrautes auf den Magen Darmtrakt. Es wird bei Bl\u00e4hungen und bei V\u00f6llegef\u00fchl eingesetzt, sowie zur F\u00f6r derung des Appetits. Aber auch in der K\u00fcche wird Basilikum sehr gesch\u00e4tzt. Ob Salate, Suppen oder Weichk\u00e4se \u2013 Basilikum ist vielseitig einsetzbar und verleiht den Gerichten eine besondere Note.<\/p>\n<p>Zusammensetzung :Basilikumtropfen enthalten einen hochwertigen w\u00e4ssrig\/alkoholischen Auszug aus Basilikumkraut, hergestellt laut Arzneibuch. Alkoholgehalt: 66 % Vol<\/p>\n","protected":false},"excerpt":{"rendered":"<p>Produktbeschreibung: Bei Bedarf 2 &#8211; 3 x 10 &#8211; 20 Tropfen verd\u00fcnnt mit einem Glas Wasser einnehmen. Basilikum (Ocimum basilicum L.) z\u00e4hlt zu den Lippenbl\u00fctengew\u00e4chsen (Lamiaceae). Die Hauptinhaltsstoffe sind \u00e4therisches \u00d6l, Gerbstoffe und Flavonoide. Bereits Hildegard von Bingen erw\u00e4hnte Basilikum in ihren Schriften. In der Volksmedizin sch\u00e4tzt man vor allem den positiven Effekt des Basilikumkrautes [&hellip;]<\/p>\n","protected":false},"featured_media":145950,"template":"","meta":{"_acf_changed":false},"product_brand":[435],"product_cat":[791],"product_tag":[],"class_list":{"0":"post-145948","1":"product","2":"type-product","3":"status-publish","4":"has-post-thumbnail","6":"product_brand-st-severin","7":"product_cat-s","8":"pa_packungsgroesse-100ml","10":"first","11":"instock","12":"shipping-taxable","13":"purchasable","14":"product-type-simple"},"acf":[],"_links":{"self":[{"href":"https:\/\/www.ernstbrunn-apotheke.at\/katalog\/wp-json\/wp\/v2\/product\/145948","targetHints":{"allow":["GET"]}}],"collection":[{"href":"https:\/\/www.ernstbrunn-apotheke.at\/katalog\/wp-json\/wp\/v2\/product"}],"about":[{"href":"https:\/\/www.ernstbrunn-apotheke.at\/katalog\/wp-json\/wp\/v2\/types\/product"}],"wp:featuredmedia":[{"embeddable":true,"href":"https:\/\/www.ernstbrunn-apotheke.at\/katalog\/wp-json\/wp\/v2\/media\/145950"}],"wp:attachment":[{"href":"https:\/\/www.ernstbrunn-apotheke.at\/katalog\/wp-json\/wp\/v2\/media?parent=145948"}],"wp:term":[{"taxonomy":"product_brand","embeddable":true,"href":"https:\/\/www.ernstbrunn-apotheke.at\/katalog\/wp-json\/wp\/v2\/product_brand?post=145948"},{"taxonomy":"product_cat","embeddable":true,"href":"https:\/\/www.ernstbrunn-apotheke.at\/katalog\/wp-json\/wp\/v2\/product_cat?post=145948"},{"taxonomy":"product_tag","embeddable":true,"href":"https:\/\/www.ernstbrunn-apotheke.at\/katalog\/wp-json\/wp\/v2\/product_tag?post=145948"}],"curies":[{"name":"wp","href":"https:\/\/api.w.org\/{rel}","templated":true}]}}