{"id":145869,"date":"2025-11-17T06:14:26","date_gmt":"2025-11-17T05:14:26","guid":{"rendered":"https:\/\/www.ernstbrunn-apotheke.at\/katalog\/produkt\/bachbluete-nr-37-wild-rose-tropfen-20-ml\/"},"modified":"2025-12-09T10:57:25","modified_gmt":"2025-12-09T09:57:25","slug":"bachbluete-nr-37-wild-rose-tropfen-20-ml","status":"publish","type":"product","link":"https:\/\/www.ernstbrunn-apotheke.at\/katalog\/produkt\/bachbluete-nr-37-wild-rose-tropfen-20-ml\/","title":{"rendered":"Bachbl\u00fcte Nr. 37 Wild Rose Tropfen 20 ml"},"content":{"rendered":"<p>Die original Bach\u00ae-Bl\u00fcten:In den 1930er Jahren definierte der Engl\u00e4nderEdward Bach 38 grundlegende Gef\u00fchlszust\u00e4ndeund entwickelte damit korrespondierendeBl\u00fctenessenzen. Diese sind als die original Bach\u00ae-Bl\u00fcten bekannt. Zur Herstellung verwendete er dieBl\u00fcten wild wachsender Pflanzen und B\u00e4umesowie ein Felswasser. Die original Bach\u00ae-Bl\u00fctenk\u00f6nnen uns dabei unterst\u00fctzen, den emotionalenHerausforderungen des t\u00e4glichen Lebens zubegegnen. Sie k\u00f6nnen die original Bach\u00ae-Bl\u00fcteneinzeln verwenden oder sich eine Bach\u00ae-Bl\u00fctenmischung zusammenstellen, die auf Ihrejeweilige Gef\u00fchlssituation zugeschnitten ist.Noch heute werden die meisten der original Bach\u00ae-Bl\u00fcten und Pflanzen an den original Fundstellenim Garten des Bach Centres gesammelt. DieHerstellung der original Bach\u00ae-Bl\u00fcten Produktefolgt bis heute strikt den original Anweisungen vonEdward Bach. Sie haben das Gef\u00fchl, Sie reagieren gleichg\u00fcltigund setzen sich nicht gerne mit Unangenehmenauseinander?Positives Potenzial der original Bach\u00ae-Bl\u00fcte WildRose: Lebenslust.<\/p>\n","protected":false},"excerpt":{"rendered":"<p>Die original Bach\u00ae-Bl\u00fcten:In den 1930er Jahren definierte der Engl\u00e4nderEdward Bach 38 grundlegende Gef\u00fchlszust\u00e4ndeund entwickelte damit korrespondierendeBl\u00fctenessenzen. Diese sind als die original Bach\u00ae-Bl\u00fcten bekannt. Zur Herstellung verwendete er dieBl\u00fcten wild wachsender Pflanzen und B\u00e4umesowie ein Felswasser. Die original Bach\u00ae-Bl\u00fctenk\u00f6nnen uns dabei unterst\u00fctzen, den emotionalenHerausforderungen des t\u00e4glichen Lebens zubegegnen. Sie k\u00f6nnen die original Bach\u00ae-Bl\u00fcteneinzeln verwenden oder sich [&hellip;]<\/p>\n","protected":false},"featured_media":145871,"template":"","meta":{"_acf_changed":false},"product_brand":[],"product_cat":[802],"product_tag":[],"class_list":{"0":"post-145869","1":"product","2":"type-product","3":"status-publish","4":"has-post-thumbnail","6":"product_cat-b","7":"pa_packungsgroesse-20ml","9":"first","10":"instock","11":"shipping-taxable","12":"purchasable","13":"product-type-simple"},"acf":[],"_links":{"self":[{"href":"https:\/\/www.ernstbrunn-apotheke.at\/katalog\/wp-json\/wp\/v2\/product\/145869","targetHints":{"allow":["GET"]}}],"collection":[{"href":"https:\/\/www.ernstbrunn-apotheke.at\/katalog\/wp-json\/wp\/v2\/product"}],"about":[{"href":"https:\/\/www.ernstbrunn-apotheke.at\/katalog\/wp-json\/wp\/v2\/types\/product"}],"wp:featuredmedia":[{"embeddable":true,"href":"https:\/\/www.ernstbrunn-apotheke.at\/katalog\/wp-json\/wp\/v2\/media\/145871"}],"wp:attachment":[{"href":"https:\/\/www.ernstbrunn-apotheke.at\/katalog\/wp-json\/wp\/v2\/media?parent=145869"}],"wp:term":[{"taxonomy":"product_brand","embeddable":true,"href":"https:\/\/www.ernstbrunn-apotheke.at\/katalog\/wp-json\/wp\/v2\/product_brand?post=145869"},{"taxonomy":"product_cat","embeddable":true,"href":"https:\/\/www.ernstbrunn-apotheke.at\/katalog\/wp-json\/wp\/v2\/product_cat?post=145869"},{"taxonomy":"product_tag","embeddable":true,"href":"https:\/\/www.ernstbrunn-apotheke.at\/katalog\/wp-json\/wp\/v2\/product_tag?post=145869"}],"curies":[{"name":"wp","href":"https:\/\/api.w.org\/{rel}","templated":true}]}}