{"id":14574,"date":"2025-11-07T17:52:33","date_gmt":"2025-11-07T16:52:33","guid":{"rendered":"https:\/\/www.ernstbrunn-apotheke.at\/katalog\/produkt\/isla-ingwer-honig-pastillen\/"},"modified":"2025-12-08T13:48:09","modified_gmt":"2025-12-08T12:48:09","slug":"isla-ingwer-honig-pastillen","status":"publish","type":"product","link":"https:\/\/www.ernstbrunn-apotheke.at\/katalog\/produkt\/isla-ingwer-honig-pastillen\/","title":{"rendered":"isla Ingwer + Honig Pastillen"},"content":{"rendered":"<p>isla Ingwer + Honig \u2013 Der aromatische Geschmack von Ingwer, die s\u00fc\u00dfe Milde von Honig! Die Lutschpastillen mit dem Extrakt aus Isl\u00e4ndisch Moos beruhigen bei Hustenreiz und Heiserkeit. Die in den Pastillen konzentrierten Schleimstoffe legen sich wie ein Schutzfilm \u00fcber die Schleimh\u00e4ute in Hals und Rachen und sch\u00fctzen sie so vor weiteren Angriffen..<\/p>\n","protected":false},"excerpt":{"rendered":"<p>isla Ingwer + Honig \u2013 Der aromatische Geschmack von Ingwer, die s\u00fc\u00dfe Milde von Honig! Die Lutschpastillen mit dem Extrakt aus Isl\u00e4ndisch Moos beruhigen bei Hustenreiz und Heiserkeit. Die in den Pastillen konzentrierten Schleimstoffe legen sich wie ein Schutzfilm \u00fcber die Schleimh\u00e4ute in Hals und Rachen und sch\u00fctzen sie so vor weiteren Angriffen..<\/p>\n","protected":false},"featured_media":14576,"template":"","meta":{"_acf_changed":false},"product_brand":[542],"product_cat":[823],"product_tag":[],"class_list":{"0":"post-14574","1":"product","2":"type-product","3":"status-publish","4":"has-post-thumbnail","6":"product_brand-isla","7":"product_cat-i","8":"pa_geschmack-ingwer-honig","9":"pa_packungsgroesse-30-stueck","11":"first","12":"instock","13":"shipping-taxable","14":"purchasable","15":"product-type-simple"},"acf":[],"_links":{"self":[{"href":"https:\/\/www.ernstbrunn-apotheke.at\/katalog\/wp-json\/wp\/v2\/product\/14574","targetHints":{"allow":["GET"]}}],"collection":[{"href":"https:\/\/www.ernstbrunn-apotheke.at\/katalog\/wp-json\/wp\/v2\/product"}],"about":[{"href":"https:\/\/www.ernstbrunn-apotheke.at\/katalog\/wp-json\/wp\/v2\/types\/product"}],"wp:featuredmedia":[{"embeddable":true,"href":"https:\/\/www.ernstbrunn-apotheke.at\/katalog\/wp-json\/wp\/v2\/media\/14576"}],"wp:attachment":[{"href":"https:\/\/www.ernstbrunn-apotheke.at\/katalog\/wp-json\/wp\/v2\/media?parent=14574"}],"wp:term":[{"taxonomy":"product_brand","embeddable":true,"href":"https:\/\/www.ernstbrunn-apotheke.at\/katalog\/wp-json\/wp\/v2\/product_brand?post=14574"},{"taxonomy":"product_cat","embeddable":true,"href":"https:\/\/www.ernstbrunn-apotheke.at\/katalog\/wp-json\/wp\/v2\/product_cat?post=14574"},{"taxonomy":"product_tag","embeddable":true,"href":"https:\/\/www.ernstbrunn-apotheke.at\/katalog\/wp-json\/wp\/v2\/product_tag?post=14574"}],"curies":[{"name":"wp","href":"https:\/\/api.w.org\/{rel}","templated":true}]}}