{"id":145648,"date":"2025-11-15T00:15:30","date_gmt":"2025-11-14T23:15:30","guid":{"rendered":"https:\/\/www.ernstbrunn-apotheke.at\/katalog\/produkt\/australische-buschbluetenessenz-wild-potato-15-ml\/"},"modified":"2025-12-09T10:56:36","modified_gmt":"2025-12-09T09:56:36","slug":"australische-buschbluetenessenz-wild-potato-15-ml","status":"publish","type":"product","link":"https:\/\/www.ernstbrunn-apotheke.at\/katalog\/produkt\/australische-buschbluetenessenz-wild-potato-15-ml\/","title":{"rendered":"Australische Buschbl\u00fctenessenz Wild Potato 15 ml"},"content":{"rendered":"<p>Australische Buschbl\u00fctenessenz Wild Potato schenkt neue Begeisterung, das Gef\u00fchl von Leichtigkeit und die F\u00e4higkeit, im Leben voranzugehen. Gerade f\u00fcr Menschen, die sich schwerf\u00e4llig f\u00fchlen, gern aus ihrer Haut schl\u00fcpfen m\u00f6chten, es aber allzu schwierig empfinden, ist diese Bl\u00fctenessenz hervorragend geeignet.<\/p>\n","protected":false},"excerpt":{"rendered":"<p>Australische Buschbl\u00fctenessenz Wild Potato schenkt neue Begeisterung, das Gef\u00fchl von Leichtigkeit und die F\u00e4higkeit, im Leben voranzugehen. Gerade f\u00fcr Menschen, die sich schwerf\u00e4llig f\u00fchlen, gern aus ihrer Haut schl\u00fcpfen m\u00f6chten, es aber allzu schwierig empfinden, ist diese Bl\u00fctenessenz hervorragend geeignet.<\/p>\n","protected":false},"featured_media":0,"template":"","meta":{"_acf_changed":false},"product_brand":[],"product_cat":[801],"product_tag":[],"class_list":{"0":"post-145648","1":"product","2":"type-product","3":"status-publish","5":"product_cat-a","6":"pa_packungsgroesse-15ml","8":"first","9":"instock","10":"shipping-taxable","11":"purchasable","12":"product-type-simple"},"acf":[],"_links":{"self":[{"href":"https:\/\/www.ernstbrunn-apotheke.at\/katalog\/wp-json\/wp\/v2\/product\/145648","targetHints":{"allow":["GET"]}}],"collection":[{"href":"https:\/\/www.ernstbrunn-apotheke.at\/katalog\/wp-json\/wp\/v2\/product"}],"about":[{"href":"https:\/\/www.ernstbrunn-apotheke.at\/katalog\/wp-json\/wp\/v2\/types\/product"}],"wp:attachment":[{"href":"https:\/\/www.ernstbrunn-apotheke.at\/katalog\/wp-json\/wp\/v2\/media?parent=145648"}],"wp:term":[{"taxonomy":"product_brand","embeddable":true,"href":"https:\/\/www.ernstbrunn-apotheke.at\/katalog\/wp-json\/wp\/v2\/product_brand?post=145648"},{"taxonomy":"product_cat","embeddable":true,"href":"https:\/\/www.ernstbrunn-apotheke.at\/katalog\/wp-json\/wp\/v2\/product_cat?post=145648"},{"taxonomy":"product_tag","embeddable":true,"href":"https:\/\/www.ernstbrunn-apotheke.at\/katalog\/wp-json\/wp\/v2\/product_tag?post=145648"}],"curies":[{"name":"wp","href":"https:\/\/api.w.org\/{rel}","templated":true}]}}