{"id":145646,"date":"2025-11-15T00:15:30","date_gmt":"2025-11-14T23:15:30","guid":{"rendered":"https:\/\/www.ernstbrunn-apotheke.at\/katalog\/produkt\/australische-buschblueten-essenzen-30-ml-purifying\/"},"modified":"2025-12-09T10:56:33","modified_gmt":"2025-12-09T09:56:33","slug":"australische-buschblueten-essenzen-30-ml-purifying","status":"publish","type":"product","link":"https:\/\/www.ernstbrunn-apotheke.at\/katalog\/produkt\/australische-buschblueten-essenzen-30-ml-purifying\/","title":{"rendered":"Australische Buschbl\u00fcten Essenzen  30 ml Purifying"},"content":{"rendered":"<p>Australische Buschbl\u00fcten Essenz Purifying erm\u00f6glicht es, sich allen unn\u00f6tigen, negativen und belastenden Gef\u00fchlen zu entledigen. Die Mischung aus Bauhinia, Bush Iris, Bottlebrush, Dagger Hakea, Dog Rose und Wild Potato Bush gilt als DIE seelische M\u00fcllabfuhr unter den Kombinations-Essenzen.<\/p>\n","protected":false},"excerpt":{"rendered":"<p>Australische Buschbl\u00fcten Essenz Purifying erm\u00f6glicht es, sich allen unn\u00f6tigen, negativen und belastenden Gef\u00fchlen zu entledigen. Die Mischung aus Bauhinia, Bush Iris, Bottlebrush, Dagger Hakea, Dog Rose und Wild Potato Bush gilt als DIE seelische M\u00fcllabfuhr unter den Kombinations-Essenzen.<\/p>\n","protected":false},"featured_media":0,"template":"","meta":{"_acf_changed":false},"product_brand":[],"product_cat":[801],"product_tag":[],"class_list":{"0":"post-145646","1":"product","2":"type-product","3":"status-publish","5":"product_cat-a","6":"pa_packungsgroesse-30ml","8":"first","9":"instock","10":"shipping-taxable","11":"purchasable","12":"product-type-simple"},"acf":[],"_links":{"self":[{"href":"https:\/\/www.ernstbrunn-apotheke.at\/katalog\/wp-json\/wp\/v2\/product\/145646","targetHints":{"allow":["GET"]}}],"collection":[{"href":"https:\/\/www.ernstbrunn-apotheke.at\/katalog\/wp-json\/wp\/v2\/product"}],"about":[{"href":"https:\/\/www.ernstbrunn-apotheke.at\/katalog\/wp-json\/wp\/v2\/types\/product"}],"wp:attachment":[{"href":"https:\/\/www.ernstbrunn-apotheke.at\/katalog\/wp-json\/wp\/v2\/media?parent=145646"}],"wp:term":[{"taxonomy":"product_brand","embeddable":true,"href":"https:\/\/www.ernstbrunn-apotheke.at\/katalog\/wp-json\/wp\/v2\/product_brand?post=145646"},{"taxonomy":"product_cat","embeddable":true,"href":"https:\/\/www.ernstbrunn-apotheke.at\/katalog\/wp-json\/wp\/v2\/product_cat?post=145646"},{"taxonomy":"product_tag","embeddable":true,"href":"https:\/\/www.ernstbrunn-apotheke.at\/katalog\/wp-json\/wp\/v2\/product_tag?post=145646"}],"curies":[{"name":"wp","href":"https:\/\/api.w.org\/{rel}","templated":true}]}}