{"id":145640,"date":"2025-11-15T00:15:14","date_gmt":"2025-11-14T23:15:14","guid":{"rendered":"https:\/\/www.ernstbrunn-apotheke.at\/katalog\/produkt\/augentrost-tropfen-100-ml\/"},"modified":"2025-12-09T10:56:32","modified_gmt":"2025-12-09T09:56:32","slug":"augentrost-tropfen-100-ml","status":"publish","type":"product","link":"https:\/\/www.ernstbrunn-apotheke.at\/katalog\/produkt\/augentrost-tropfen-100-ml\/","title":{"rendered":"Augentrost Tropfen 100 ml"},"content":{"rendered":"<p>Augentrost Tropfen enthalten einen w\u00e4ssrig-alkoholischen Auszug aus Augentrostkraut. Verwendet wird das bl\u00fchende Kraut des Augentrostes. Dem Augentrost wird zugesagt, dass er bei Entz\u00fcndungen der Augenbindehaut einen positiven Effekt aus\u00fcbt. Ebenfalls kann dieser als Tee zu sich genommen werden  jetzt online bestellen > durch GRATIS Lieferung* bares Geld sparen!<\/p>\n","protected":false},"excerpt":{"rendered":"<p>Augentrost Tropfen enthalten einen w\u00e4ssrig-alkoholischen Auszug aus Augentrostkraut. Verwendet wird das bl\u00fchende Kraut des Augentrostes. Dem Augentrost wird zugesagt, dass er bei Entz\u00fcndungen der Augenbindehaut einen positiven Effekt aus\u00fcbt. Ebenfalls kann dieser als Tee zu sich genommen werden jetzt online bestellen > durch GRATIS Lieferung* bares Geld sparen!<\/p>\n","protected":false},"featured_media":0,"template":"","meta":{"_acf_changed":false},"product_brand":[435],"product_cat":[801],"product_tag":[],"class_list":{"0":"post-145640","1":"product","2":"type-product","3":"status-publish","5":"product_brand-st-severin","6":"product_cat-a","7":"pa_packungsgroesse-100ml","9":"first","10":"instock","11":"shipping-taxable","12":"purchasable","13":"product-type-simple"},"acf":[],"_links":{"self":[{"href":"https:\/\/www.ernstbrunn-apotheke.at\/katalog\/wp-json\/wp\/v2\/product\/145640","targetHints":{"allow":["GET"]}}],"collection":[{"href":"https:\/\/www.ernstbrunn-apotheke.at\/katalog\/wp-json\/wp\/v2\/product"}],"about":[{"href":"https:\/\/www.ernstbrunn-apotheke.at\/katalog\/wp-json\/wp\/v2\/types\/product"}],"wp:attachment":[{"href":"https:\/\/www.ernstbrunn-apotheke.at\/katalog\/wp-json\/wp\/v2\/media?parent=145640"}],"wp:term":[{"taxonomy":"product_brand","embeddable":true,"href":"https:\/\/www.ernstbrunn-apotheke.at\/katalog\/wp-json\/wp\/v2\/product_brand?post=145640"},{"taxonomy":"product_cat","embeddable":true,"href":"https:\/\/www.ernstbrunn-apotheke.at\/katalog\/wp-json\/wp\/v2\/product_cat?post=145640"},{"taxonomy":"product_tag","embeddable":true,"href":"https:\/\/www.ernstbrunn-apotheke.at\/katalog\/wp-json\/wp\/v2\/product_tag?post=145640"}],"curies":[{"name":"wp","href":"https:\/\/api.w.org\/{rel}","templated":true}]}}