{"id":14555,"date":"2025-11-07T17:52:33","date_gmt":"2025-11-07T16:52:33","guid":{"rendered":"https:\/\/www.ernstbrunn-apotheke.at\/katalog\/produkt\/easyangin-spray-30-ml\/"},"modified":"2025-12-08T13:48:03","modified_gmt":"2025-12-08T12:48:03","slug":"easyangin-spray-30-ml","status":"publish","type":"product","link":"https:\/\/www.ernstbrunn-apotheke.at\/katalog\/produkt\/easyangin-spray-30-ml\/","title":{"rendered":"Easyangin Spray 30 ml"},"content":{"rendered":"<p>easyangin spray ist ein rezeptfreies Arzneimittel. easyangin spray ist ein Spray zur \u00f6rtlichen Anwendung im Mund- und Rachenraum. easyangin spray beinhaltet das keimt\u00f6tende Mittel (Antiseptikum) Chlorhexidin und das \u00f6rtlich schmerzstillend wirkende Mittel Lidocain. easyangin spray wird angewendet zur unterst\u00fctzenden, kurzzeitigen lokalen Behandlung bei leichten bis mittelschweren Entz\u00fcndungen des Rachenraumes und der Mundh\u00f6hle (Halsschmerzen, Rachenkatarrh, Heiserkeit, Entz\u00fcndungen des Mund- und Rachenraumes (Pharyngitis) sowie des Zahnfleisches).<\/p>\n","protected":false},"excerpt":{"rendered":"<p>easyangin spray ist ein rezeptfreies Arzneimittel. easyangin spray ist ein Spray zur \u00f6rtlichen Anwendung im Mund- und Rachenraum. easyangin spray beinhaltet das keimt\u00f6tende Mittel (Antiseptikum) Chlorhexidin und das \u00f6rtlich schmerzstillend wirkende Mittel Lidocain. easyangin spray wird angewendet zur unterst\u00fctzenden, kurzzeitigen lokalen Behandlung bei leichten bis mittelschweren Entz\u00fcndungen des Rachenraumes und der Mundh\u00f6hle (Halsschmerzen, Rachenkatarrh, Heiserkeit, [&hellip;]<\/p>\n","protected":false},"featured_media":14557,"template":"","meta":{"_acf_changed":false},"product_brand":[367],"product_cat":[794],"product_tag":[],"class_list":{"0":"post-14555","1":"product","2":"type-product","3":"status-publish","4":"has-post-thumbnail","6":"product_brand-easypharm","7":"product_cat-e","8":"pa_farbe-farblos","9":"pa_packungsgroesse-30ml","11":"first","12":"instock","13":"shipping-taxable","14":"purchasable","15":"product-type-simple"},"acf":[],"_links":{"self":[{"href":"https:\/\/www.ernstbrunn-apotheke.at\/katalog\/wp-json\/wp\/v2\/product\/14555","targetHints":{"allow":["GET"]}}],"collection":[{"href":"https:\/\/www.ernstbrunn-apotheke.at\/katalog\/wp-json\/wp\/v2\/product"}],"about":[{"href":"https:\/\/www.ernstbrunn-apotheke.at\/katalog\/wp-json\/wp\/v2\/types\/product"}],"wp:featuredmedia":[{"embeddable":true,"href":"https:\/\/www.ernstbrunn-apotheke.at\/katalog\/wp-json\/wp\/v2\/media\/14557"}],"wp:attachment":[{"href":"https:\/\/www.ernstbrunn-apotheke.at\/katalog\/wp-json\/wp\/v2\/media?parent=14555"}],"wp:term":[{"taxonomy":"product_brand","embeddable":true,"href":"https:\/\/www.ernstbrunn-apotheke.at\/katalog\/wp-json\/wp\/v2\/product_brand?post=14555"},{"taxonomy":"product_cat","embeddable":true,"href":"https:\/\/www.ernstbrunn-apotheke.at\/katalog\/wp-json\/wp\/v2\/product_cat?post=14555"},{"taxonomy":"product_tag","embeddable":true,"href":"https:\/\/www.ernstbrunn-apotheke.at\/katalog\/wp-json\/wp\/v2\/product_tag?post=14555"}],"curies":[{"name":"wp","href":"https:\/\/api.w.org\/{rel}","templated":true}]}}