{"id":145336,"date":"2025-11-15T00:08:39","date_gmt":"2025-11-14T23:08:39","guid":{"rendered":"https:\/\/www.ernstbrunn-apotheke.at\/katalog\/produkt\/inkotinenz-attends-einlagen-224-stk\/"},"modified":"2025-12-09T10:55:18","modified_gmt":"2025-12-09T09:55:18","slug":"inkotinenz-attends-einlagen-224-stk","status":"publish","type":"product","link":"https:\/\/www.ernstbrunn-apotheke.at\/katalog\/produkt\/inkotinenz-attends-einlagen-224-stk\/","title":{"rendered":"Inkotinenz Attends Einlagen 224 Stk."},"content":{"rendered":"<p>Inkotinenz Attends Einlagen sind anatomisch geformte Hygiene-Einlage bei Blasenschw\u00e4che. Sie bieten sehr diskreten, hygienischen Schutz bei unkontrolliertem Abgang gr\u00f6\u00dferer Harnmengen, bei starkem Harndrang und wenn die Toilette nicht rechtzeitig erreicht wird.<\/p>\n","protected":false},"excerpt":{"rendered":"<p>Inkotinenz Attends Einlagen sind anatomisch geformte Hygiene-Einlage bei Blasenschw\u00e4che. Sie bieten sehr diskreten, hygienischen Schutz bei unkontrolliertem Abgang gr\u00f6\u00dferer Harnmengen, bei starkem Harndrang und wenn die Toilette nicht rechtzeitig erreicht wird.<\/p>\n","protected":false},"featured_media":0,"template":"","meta":{"_acf_changed":false},"product_brand":[788],"product_cat":[823],"product_tag":[],"class_list":{"0":"post-145336","1":"product","2":"type-product","3":"status-publish","5":"product_brand-attends","6":"product_cat-i","7":"pa_packungsgroesse-224-stueck","9":"first","10":"instock","11":"shipping-taxable","12":"purchasable","13":"product-type-simple"},"acf":[],"_links":{"self":[{"href":"https:\/\/www.ernstbrunn-apotheke.at\/katalog\/wp-json\/wp\/v2\/product\/145336","targetHints":{"allow":["GET"]}}],"collection":[{"href":"https:\/\/www.ernstbrunn-apotheke.at\/katalog\/wp-json\/wp\/v2\/product"}],"about":[{"href":"https:\/\/www.ernstbrunn-apotheke.at\/katalog\/wp-json\/wp\/v2\/types\/product"}],"wp:attachment":[{"href":"https:\/\/www.ernstbrunn-apotheke.at\/katalog\/wp-json\/wp\/v2\/media?parent=145336"}],"wp:term":[{"taxonomy":"product_brand","embeddable":true,"href":"https:\/\/www.ernstbrunn-apotheke.at\/katalog\/wp-json\/wp\/v2\/product_brand?post=145336"},{"taxonomy":"product_cat","embeddable":true,"href":"https:\/\/www.ernstbrunn-apotheke.at\/katalog\/wp-json\/wp\/v2\/product_cat?post=145336"},{"taxonomy":"product_tag","embeddable":true,"href":"https:\/\/www.ernstbrunn-apotheke.at\/katalog\/wp-json\/wp\/v2\/product_tag?post=145336"}],"curies":[{"name":"wp","href":"https:\/\/api.w.org\/{rel}","templated":true}]}}