{"id":14531,"date":"2025-11-07T15:24:50","date_gmt":"2025-11-07T14:24:50","guid":{"rendered":"https:\/\/www.ernstbrunn-apotheke.at\/katalog\/produkt\/ratiodolor-flurbiprofen-875-mg-lutschtabletten-24-stk\/"},"modified":"2025-12-08T13:47:50","modified_gmt":"2025-12-08T12:47:50","slug":"ratiodolor-flurbiprofen-875-mg-lutschtabletten-24-stk","status":"publish","type":"product","link":"https:\/\/www.ernstbrunn-apotheke.at\/katalog\/produkt\/ratiodolor-flurbiprofen-875-mg-lutschtabletten-24-stk\/","title":{"rendered":"ratioDolor Flurbiprofen 8,75 mg Lutschtabletten 24 Stk."},"content":{"rendered":"<p>ratioDolor\u00ae Lutschtabletten mit Flurbiprofen bieten rasche Hilfe bei Halsschmerzen. Der bew\u00e4hrte Wirkstoff Flurbiprofen wirkt schmerzlindernd und entz\u00fcndungshemmend. ratioDolor\u00ae Flurbiprofen Lutschtabletten k\u00f6nnen zur Behandlung von Halsschmerzen mit Entz\u00fcndungen der Rachenschleimhaut, Schmerzen und Schwellungen sowie Schluckbeschwerden eingesetzt werden. Innerhalb k\u00fcrzester Zeit bildet sich ein beruhigender, lindernder Schutzfilm.<\/p>\n","protected":false},"excerpt":{"rendered":"<p>ratioDolor\u00ae Lutschtabletten mit Flurbiprofen bieten rasche Hilfe bei Halsschmerzen. Der bew\u00e4hrte Wirkstoff Flurbiprofen wirkt schmerzlindernd und entz\u00fcndungshemmend. ratioDolor\u00ae Flurbiprofen Lutschtabletten k\u00f6nnen zur Behandlung von Halsschmerzen mit Entz\u00fcndungen der Rachenschleimhaut, Schmerzen und Schwellungen sowie Schluckbeschwerden eingesetzt werden. Innerhalb k\u00fcrzester Zeit bildet sich ein beruhigender, lindernder Schutzfilm.<\/p>\n","protected":false},"featured_media":14533,"template":"","meta":{"_acf_changed":false},"product_brand":[551],"product_cat":[808],"product_tag":[],"class_list":{"0":"post-14531","1":"product","2":"type-product","3":"status-publish","4":"has-post-thumbnail","6":"product_brand-ratiodolor","7":"product_cat-r","8":"pa_packungsgroesse-24-stueck","10":"first","11":"instock","12":"shipping-taxable","13":"purchasable","14":"product-type-simple"},"acf":[],"_links":{"self":[{"href":"https:\/\/www.ernstbrunn-apotheke.at\/katalog\/wp-json\/wp\/v2\/product\/14531","targetHints":{"allow":["GET"]}}],"collection":[{"href":"https:\/\/www.ernstbrunn-apotheke.at\/katalog\/wp-json\/wp\/v2\/product"}],"about":[{"href":"https:\/\/www.ernstbrunn-apotheke.at\/katalog\/wp-json\/wp\/v2\/types\/product"}],"wp:featuredmedia":[{"embeddable":true,"href":"https:\/\/www.ernstbrunn-apotheke.at\/katalog\/wp-json\/wp\/v2\/media\/14533"}],"wp:attachment":[{"href":"https:\/\/www.ernstbrunn-apotheke.at\/katalog\/wp-json\/wp\/v2\/media?parent=14531"}],"wp:term":[{"taxonomy":"product_brand","embeddable":true,"href":"https:\/\/www.ernstbrunn-apotheke.at\/katalog\/wp-json\/wp\/v2\/product_brand?post=14531"},{"taxonomy":"product_cat","embeddable":true,"href":"https:\/\/www.ernstbrunn-apotheke.at\/katalog\/wp-json\/wp\/v2\/product_cat?post=14531"},{"taxonomy":"product_tag","embeddable":true,"href":"https:\/\/www.ernstbrunn-apotheke.at\/katalog\/wp-json\/wp\/v2\/product_tag?post=14531"}],"curies":[{"name":"wp","href":"https:\/\/api.w.org\/{rel}","templated":true}]}}