{"id":14524,"date":"2025-11-07T15:24:22","date_gmt":"2025-11-07T14:24:22","guid":{"rendered":"https:\/\/www.ernstbrunn-apotheke.at\/katalog\/produkt\/easyangin-5mg-1mg-lemon-lutschtabletten-24-stk\/"},"modified":"2025-12-08T13:47:46","modified_gmt":"2025-12-08T12:47:46","slug":"easyangin-5mg-1mg-lemon-lutschtabletten-24-stk","status":"publish","type":"product","link":"https:\/\/www.ernstbrunn-apotheke.at\/katalog\/produkt\/easyangin-5mg-1mg-lemon-lutschtabletten-24-stk\/","title":{"rendered":"easyangin 5mg\/1mg Lemon Lutschtabletten 24 Stk."},"content":{"rendered":"<p>easyangin sind Lutschtabletten zur \u00f6rtlichen Anwendung im Mund- und Rachenraum. easyangin wird angewendet zur unterst\u00fctzenden, kurzzeitigen lokalen Behandlung bei leichten bis mittelschweren Entz\u00fcndungen des Rachenraumes und der Mundh\u00f6hle (Halsschmerzen, Rachenkatarrh, Heiserkeit, Entz\u00fcndungen des Mund- und Rachenraumes (Pharyngitis) sowie des Zahnfleisches)<\/p>\n","protected":false},"excerpt":{"rendered":"<p>easyangin sind Lutschtabletten zur \u00f6rtlichen Anwendung im Mund- und Rachenraum. easyangin wird angewendet zur unterst\u00fctzenden, kurzzeitigen lokalen Behandlung bei leichten bis mittelschweren Entz\u00fcndungen des Rachenraumes und der Mundh\u00f6hle (Halsschmerzen, Rachenkatarrh, Heiserkeit, Entz\u00fcndungen des Mund- und Rachenraumes (Pharyngitis) sowie des Zahnfleisches)<\/p>\n","protected":false},"featured_media":14526,"template":"","meta":{"_acf_changed":false},"product_brand":[367],"product_cat":[794],"product_tag":[],"class_list":{"0":"post-14524","1":"product","2":"type-product","3":"status-publish","4":"has-post-thumbnail","6":"product_brand-easypharm","7":"product_cat-e","8":"pa_farbe-weiss","9":"pa_geschmack-lemon","10":"pa_packungsgroesse-24-stueck","12":"first","13":"instock","14":"shipping-taxable","15":"purchasable","16":"product-type-simple"},"acf":[],"_links":{"self":[{"href":"https:\/\/www.ernstbrunn-apotheke.at\/katalog\/wp-json\/wp\/v2\/product\/14524","targetHints":{"allow":["GET"]}}],"collection":[{"href":"https:\/\/www.ernstbrunn-apotheke.at\/katalog\/wp-json\/wp\/v2\/product"}],"about":[{"href":"https:\/\/www.ernstbrunn-apotheke.at\/katalog\/wp-json\/wp\/v2\/types\/product"}],"wp:featuredmedia":[{"embeddable":true,"href":"https:\/\/www.ernstbrunn-apotheke.at\/katalog\/wp-json\/wp\/v2\/media\/14526"}],"wp:attachment":[{"href":"https:\/\/www.ernstbrunn-apotheke.at\/katalog\/wp-json\/wp\/v2\/media?parent=14524"}],"wp:term":[{"taxonomy":"product_brand","embeddable":true,"href":"https:\/\/www.ernstbrunn-apotheke.at\/katalog\/wp-json\/wp\/v2\/product_brand?post=14524"},{"taxonomy":"product_cat","embeddable":true,"href":"https:\/\/www.ernstbrunn-apotheke.at\/katalog\/wp-json\/wp\/v2\/product_cat?post=14524"},{"taxonomy":"product_tag","embeddable":true,"href":"https:\/\/www.ernstbrunn-apotheke.at\/katalog\/wp-json\/wp\/v2\/product_tag?post=14524"}],"curies":[{"name":"wp","href":"https:\/\/api.w.org\/{rel}","templated":true}]}}