{"id":145224,"date":"2025-11-14T23:59:09","date_gmt":"2025-11-14T22:59:09","guid":{"rendered":"https:\/\/www.ernstbrunn-apotheke.at\/katalog\/produkt\/arya-laya-badeoel-200-ml-thymian\/"},"modified":"2025-12-09T10:54:49","modified_gmt":"2025-12-09T09:54:49","slug":"arya-laya-badeoel-200-ml-thymian","status":"publish","type":"product","link":"https:\/\/www.ernstbrunn-apotheke.at\/katalog\/produkt\/arya-laya-badeoel-200-ml-thymian\/","title":{"rendered":"Arya Laya Bade\u00f6l 200 ml Thymian"},"content":{"rendered":"<p>Arya Laya Bade\u00f6l entfaltet aufgrund der speziellen Rezeptur und der hohen, fein abgestimmten Wirkstoffkonzentration eine hervorragende Wirkung auf K\u00f6rper und Seele. Sie enthalten eine Kombination aus \u00e4therischen \u00d6len und einen Extrakt aus der jeweiligen Heilpflanze. Die Ingredienzien so aufeinander abgestimmt, dass die Wirkstoffe \u00fcber die Hautbarriere besonders gut aufgenommen werden  jetzt mit hohem Rabatt bestellen!<\/p>\n","protected":false},"excerpt":{"rendered":"<p>Arya Laya Bade\u00f6l entfaltet aufgrund der speziellen Rezeptur und der hohen, fein abgestimmten Wirkstoffkonzentration eine hervorragende Wirkung auf K\u00f6rper und Seele. Sie enthalten eine Kombination aus \u00e4therischen \u00d6len und einen Extrakt aus der jeweiligen Heilpflanze. Die Ingredienzien so aufeinander abgestimmt, dass die Wirkstoffe \u00fcber die Hautbarriere besonders gut aufgenommen werden jetzt mit hohem Rabatt bestellen!<\/p>\n","protected":false},"featured_media":145226,"template":"","meta":{"_acf_changed":false},"product_brand":[],"product_cat":[801],"product_tag":[],"class_list":{"0":"post-145224","1":"product","2":"type-product","3":"status-publish","4":"has-post-thumbnail","6":"product_cat-a","7":"pa_packungsgroesse-200ml","9":"first","10":"instock","11":"shipping-taxable","12":"purchasable","13":"product-type-simple"},"acf":[],"_links":{"self":[{"href":"https:\/\/www.ernstbrunn-apotheke.at\/katalog\/wp-json\/wp\/v2\/product\/145224","targetHints":{"allow":["GET"]}}],"collection":[{"href":"https:\/\/www.ernstbrunn-apotheke.at\/katalog\/wp-json\/wp\/v2\/product"}],"about":[{"href":"https:\/\/www.ernstbrunn-apotheke.at\/katalog\/wp-json\/wp\/v2\/types\/product"}],"wp:featuredmedia":[{"embeddable":true,"href":"https:\/\/www.ernstbrunn-apotheke.at\/katalog\/wp-json\/wp\/v2\/media\/145226"}],"wp:attachment":[{"href":"https:\/\/www.ernstbrunn-apotheke.at\/katalog\/wp-json\/wp\/v2\/media?parent=145224"}],"wp:term":[{"taxonomy":"product_brand","embeddable":true,"href":"https:\/\/www.ernstbrunn-apotheke.at\/katalog\/wp-json\/wp\/v2\/product_brand?post=145224"},{"taxonomy":"product_cat","embeddable":true,"href":"https:\/\/www.ernstbrunn-apotheke.at\/katalog\/wp-json\/wp\/v2\/product_cat?post=145224"},{"taxonomy":"product_tag","embeddable":true,"href":"https:\/\/www.ernstbrunn-apotheke.at\/katalog\/wp-json\/wp\/v2\/product_tag?post=145224"}],"curies":[{"name":"wp","href":"https:\/\/api.w.org\/{rel}","templated":true}]}}