{"id":145214,"date":"2025-11-14T23:59:09","date_gmt":"2025-11-14T22:59:09","guid":{"rendered":"https:\/\/www.ernstbrunn-apotheke.at\/katalog\/produkt\/arya-laya-karottenoel-30-ml\/"},"modified":"2025-12-09T10:54:48","modified_gmt":"2025-12-09T09:54:48","slug":"arya-laya-karottenoel-30-ml","status":"publish","type":"product","link":"https:\/\/www.ernstbrunn-apotheke.at\/katalog\/produkt\/arya-laya-karottenoel-30-ml\/","title":{"rendered":"Arya Laya Karotten\u00f6l 30 ml"},"content":{"rendered":"<p>ARYA LAYA Karotten-\u00d6l pflegt trockene, beanspruchte Haut mit kostbaren Pflanzen\u00f6len und Ausz\u00fcgen aus Karotten, Arnika, Kamille, Hamamelis und Provitamin A glatt und geschmeidig. Falten werden gemildert und ihrer Neubildung vorgebeugt. Durch die leichte, nat\u00fcrliche T\u00f6nung wirkt die Haut strahlend und frisch.<\/p>\n","protected":false},"excerpt":{"rendered":"<p>ARYA LAYA Karotten-\u00d6l pflegt trockene, beanspruchte Haut mit kostbaren Pflanzen\u00f6len und Ausz\u00fcgen aus Karotten, Arnika, Kamille, Hamamelis und Provitamin A glatt und geschmeidig. Falten werden gemildert und ihrer Neubildung vorgebeugt. Durch die leichte, nat\u00fcrliche T\u00f6nung wirkt die Haut strahlend und frisch.<\/p>\n","protected":false},"featured_media":145216,"template":"","meta":{"_acf_changed":false},"product_brand":[],"product_cat":[801],"product_tag":[],"class_list":{"0":"post-145214","1":"product","2":"type-product","3":"status-publish","4":"has-post-thumbnail","6":"product_cat-a","7":"pa_packungsgroesse-30ml","9":"first","10":"instock","11":"shipping-taxable","12":"purchasable","13":"product-type-simple"},"acf":[],"_links":{"self":[{"href":"https:\/\/www.ernstbrunn-apotheke.at\/katalog\/wp-json\/wp\/v2\/product\/145214","targetHints":{"allow":["GET"]}}],"collection":[{"href":"https:\/\/www.ernstbrunn-apotheke.at\/katalog\/wp-json\/wp\/v2\/product"}],"about":[{"href":"https:\/\/www.ernstbrunn-apotheke.at\/katalog\/wp-json\/wp\/v2\/types\/product"}],"wp:featuredmedia":[{"embeddable":true,"href":"https:\/\/www.ernstbrunn-apotheke.at\/katalog\/wp-json\/wp\/v2\/media\/145216"}],"wp:attachment":[{"href":"https:\/\/www.ernstbrunn-apotheke.at\/katalog\/wp-json\/wp\/v2\/media?parent=145214"}],"wp:term":[{"taxonomy":"product_brand","embeddable":true,"href":"https:\/\/www.ernstbrunn-apotheke.at\/katalog\/wp-json\/wp\/v2\/product_brand?post=145214"},{"taxonomy":"product_cat","embeddable":true,"href":"https:\/\/www.ernstbrunn-apotheke.at\/katalog\/wp-json\/wp\/v2\/product_cat?post=145214"},{"taxonomy":"product_tag","embeddable":true,"href":"https:\/\/www.ernstbrunn-apotheke.at\/katalog\/wp-json\/wp\/v2\/product_tag?post=145214"}],"curies":[{"name":"wp","href":"https:\/\/api.w.org\/{rel}","templated":true}]}}