{"id":14501,"date":"2025-11-07T15:24:22","date_gmt":"2025-11-07T14:24:22","guid":{"rendered":"https:\/\/www.ernstbrunn-apotheke.at\/katalog\/produkt\/neo-angin-kirsche-pastillen-zuckerfrei-24-stk\/"},"modified":"2025-12-08T13:47:39","modified_gmt":"2025-12-08T12:47:39","slug":"neo-angin-kirsche-pastillen-zuckerfrei-24-stk","status":"publish","type":"product","link":"https:\/\/www.ernstbrunn-apotheke.at\/katalog\/produkt\/neo-angin-kirsche-pastillen-zuckerfrei-24-stk\/","title":{"rendered":"neo-angin Kirsche Pastillen Zuckerfrei 24 Stk."},"content":{"rendered":"<p>Bei neo-angin Pastillen handelt es sich um ein antiseptisch wirkendes Arzneimittel f\u00fcr Mund und Rachen. neo-angin sind Pastillen zur Anwendung bei Halsschmerzen, Rachenkatarrh, Heiserkeit, Erk\u00e4ltungen, Angina, Entz\u00fcndungen des Mund- und Rachenraumes (Pharyngitis) sowie Entz\u00fcndungen des Zahnfleisches bei Erwachsenen, Jugendlichen und Kindern ab sechs Jahren. Zuckerfrei und mit Kirschgeschmack.<\/p>\n","protected":false},"excerpt":{"rendered":"<p>Bei neo-angin Pastillen handelt es sich um ein antiseptisch wirkendes Arzneimittel f\u00fcr Mund und Rachen. neo-angin sind Pastillen zur Anwendung bei Halsschmerzen, Rachenkatarrh, Heiserkeit, Erk\u00e4ltungen, Angina, Entz\u00fcndungen des Mund- und Rachenraumes (Pharyngitis) sowie Entz\u00fcndungen des Zahnfleisches bei Erwachsenen, Jugendlichen und Kindern ab sechs Jahren. Zuckerfrei und mit Kirschgeschmack.<\/p>\n","protected":false},"featured_media":14503,"template":"","meta":{"_acf_changed":false},"product_brand":[325],"product_cat":[797],"product_tag":[],"class_list":{"0":"post-14501","1":"product","2":"type-product","3":"status-publish","4":"has-post-thumbnail","6":"product_brand-neo-angin","7":"product_cat-n","8":"pa_farbe-rot","9":"pa_geschmack-kirsche","10":"pa_packungsgroesse-24-stueck","12":"first","13":"instock","14":"shipping-taxable","15":"purchasable","16":"product-type-simple"},"acf":[],"_links":{"self":[{"href":"https:\/\/www.ernstbrunn-apotheke.at\/katalog\/wp-json\/wp\/v2\/product\/14501","targetHints":{"allow":["GET"]}}],"collection":[{"href":"https:\/\/www.ernstbrunn-apotheke.at\/katalog\/wp-json\/wp\/v2\/product"}],"about":[{"href":"https:\/\/www.ernstbrunn-apotheke.at\/katalog\/wp-json\/wp\/v2\/types\/product"}],"wp:featuredmedia":[{"embeddable":true,"href":"https:\/\/www.ernstbrunn-apotheke.at\/katalog\/wp-json\/wp\/v2\/media\/14503"}],"wp:attachment":[{"href":"https:\/\/www.ernstbrunn-apotheke.at\/katalog\/wp-json\/wp\/v2\/media?parent=14501"}],"wp:term":[{"taxonomy":"product_brand","embeddable":true,"href":"https:\/\/www.ernstbrunn-apotheke.at\/katalog\/wp-json\/wp\/v2\/product_brand?post=14501"},{"taxonomy":"product_cat","embeddable":true,"href":"https:\/\/www.ernstbrunn-apotheke.at\/katalog\/wp-json\/wp\/v2\/product_cat?post=14501"},{"taxonomy":"product_tag","embeddable":true,"href":"https:\/\/www.ernstbrunn-apotheke.at\/katalog\/wp-json\/wp\/v2\/product_tag?post=14501"}],"curies":[{"name":"wp","href":"https:\/\/api.w.org\/{rel}","templated":true}]}}