{"id":144406,"date":"2025-11-14T23:26:45","date_gmt":"2025-11-14T22:26:45","guid":{"rendered":"https:\/\/www.ernstbrunn-apotheke.at\/katalog\/produkt\/apofit-aetherisches-oel-elemi-10-ml\/"},"modified":"2025-12-09T10:51:37","modified_gmt":"2025-12-09T09:51:37","slug":"apofit-aetherisches-oel-elemi-10-ml","status":"publish","type":"product","link":"https:\/\/www.ernstbrunn-apotheke.at\/katalog\/produkt\/apofit-aetherisches-oel-elemi-10-ml\/","title":{"rendered":"Apofit \u00c4therisches \u00d6l Elemi 10 ml"},"content":{"rendered":"<p>Apofit \u00c4therisches \u00d6l 10 ml Elemi ist auch bekannt als Mittel gegen Atemwegserkrankungen, es reduziert Schleim und wirkt beruhigend auf den Husten. Das aus dem gelblichen Harz gewonnene \u00d6l ist au\u00dferdem durchblutungsf\u00f6rdernd und hautregenerierend. Dar\u00fcber hinaus verwendet man Elemi gerne zur Narbenpflege und -r\u00fcckbildung. Nicht zur Einnahme bestimmt!.<\/p>\n","protected":false},"excerpt":{"rendered":"<p>Apofit \u00c4therisches \u00d6l 10 ml Elemi ist auch bekannt als Mittel gegen Atemwegserkrankungen, es reduziert Schleim und wirkt beruhigend auf den Husten. Das aus dem gelblichen Harz gewonnene \u00d6l ist au\u00dferdem durchblutungsf\u00f6rdernd und hautregenerierend. Dar\u00fcber hinaus verwendet man Elemi gerne zur Narbenpflege und -r\u00fcckbildung. Nicht zur Einnahme bestimmt!.<\/p>\n","protected":false},"featured_media":144408,"template":"","meta":{"_acf_changed":false},"product_brand":[584],"product_cat":[801],"product_tag":[],"class_list":{"0":"post-144406","1":"product","2":"type-product","3":"status-publish","4":"has-post-thumbnail","6":"product_brand-apofit","7":"product_cat-a","8":"pa_packungsgroesse-10ml","10":"first","11":"instock","12":"shipping-taxable","13":"purchasable","14":"product-type-simple"},"acf":[],"_links":{"self":[{"href":"https:\/\/www.ernstbrunn-apotheke.at\/katalog\/wp-json\/wp\/v2\/product\/144406","targetHints":{"allow":["GET"]}}],"collection":[{"href":"https:\/\/www.ernstbrunn-apotheke.at\/katalog\/wp-json\/wp\/v2\/product"}],"about":[{"href":"https:\/\/www.ernstbrunn-apotheke.at\/katalog\/wp-json\/wp\/v2\/types\/product"}],"wp:featuredmedia":[{"embeddable":true,"href":"https:\/\/www.ernstbrunn-apotheke.at\/katalog\/wp-json\/wp\/v2\/media\/144408"}],"wp:attachment":[{"href":"https:\/\/www.ernstbrunn-apotheke.at\/katalog\/wp-json\/wp\/v2\/media?parent=144406"}],"wp:term":[{"taxonomy":"product_brand","embeddable":true,"href":"https:\/\/www.ernstbrunn-apotheke.at\/katalog\/wp-json\/wp\/v2\/product_brand?post=144406"},{"taxonomy":"product_cat","embeddable":true,"href":"https:\/\/www.ernstbrunn-apotheke.at\/katalog\/wp-json\/wp\/v2\/product_cat?post=144406"},{"taxonomy":"product_tag","embeddable":true,"href":"https:\/\/www.ernstbrunn-apotheke.at\/katalog\/wp-json\/wp\/v2\/product_tag?post=144406"}],"curies":[{"name":"wp","href":"https:\/\/api.w.org\/{rel}","templated":true}]}}