{"id":144373,"date":"2025-11-14T23:25:36","date_gmt":"2025-11-14T22:25:36","guid":{"rendered":"https:\/\/www.ernstbrunn-apotheke.at\/katalog\/produkt\/sonnentor-fish-chicks-grillgewuerz-packung-55-g-bio\/"},"modified":"2025-12-09T10:51:34","modified_gmt":"2025-12-09T09:51:34","slug":"sonnentor-fish-chicks-grillgewuerz-packung-55-g-bio","status":"publish","type":"product","link":"https:\/\/www.ernstbrunn-apotheke.at\/katalog\/produkt\/sonnentor-fish-chicks-grillgewuerz-packung-55-g-bio\/","title":{"rendered":"Sonnentor Fish &#038; Chicks Grillgew\u00fcrz Packung 55 g BIO"},"content":{"rendered":"<p>Sonnentor Fish &#038; Chicks Grillgew\u00fcrz in der 55 g Packung ist f\u00fcr Gefl\u00fcgel und Fisch gleicherma\u00dfen geeignet. Die frische Gew\u00fcrzmischung \u00fcberzeugt mit Zitrone und Pfeffer und bringt eine gro\u00dfartige Kombination aus feiner Sch\u00e4rfe und vollmundiger Frucht auf das zarte Fleisch \u2013 Spitzengew\u00fcrze von Sonnentor jetzt stark preisgesenkt online bestellen!<\/p>\n","protected":false},"excerpt":{"rendered":"<p>Sonnentor Fish &#038; Chicks Grillgew\u00fcrz in der 55 g Packung ist f\u00fcr Gefl\u00fcgel und Fisch gleicherma\u00dfen geeignet. Die frische Gew\u00fcrzmischung \u00fcberzeugt mit Zitrone und Pfeffer und bringt eine gro\u00dfartige Kombination aus feiner Sch\u00e4rfe und vollmundiger Frucht auf das zarte Fleisch \u2013 Spitzengew\u00fcrze von Sonnentor jetzt stark preisgesenkt online bestellen!<\/p>\n","protected":false},"featured_media":144375,"template":"","meta":{"_acf_changed":false},"product_brand":[],"product_cat":[791],"product_tag":[],"class_list":{"0":"post-144373","1":"product","2":"type-product","3":"status-publish","4":"has-post-thumbnail","6":"product_cat-s","7":"pa_packungsgroesse-55g","9":"first","10":"instock","11":"shipping-taxable","12":"purchasable","13":"product-type-simple"},"acf":[],"_links":{"self":[{"href":"https:\/\/www.ernstbrunn-apotheke.at\/katalog\/wp-json\/wp\/v2\/product\/144373","targetHints":{"allow":["GET"]}}],"collection":[{"href":"https:\/\/www.ernstbrunn-apotheke.at\/katalog\/wp-json\/wp\/v2\/product"}],"about":[{"href":"https:\/\/www.ernstbrunn-apotheke.at\/katalog\/wp-json\/wp\/v2\/types\/product"}],"wp:featuredmedia":[{"embeddable":true,"href":"https:\/\/www.ernstbrunn-apotheke.at\/katalog\/wp-json\/wp\/v2\/media\/144375"}],"wp:attachment":[{"href":"https:\/\/www.ernstbrunn-apotheke.at\/katalog\/wp-json\/wp\/v2\/media?parent=144373"}],"wp:term":[{"taxonomy":"product_brand","embeddable":true,"href":"https:\/\/www.ernstbrunn-apotheke.at\/katalog\/wp-json\/wp\/v2\/product_brand?post=144373"},{"taxonomy":"product_cat","embeddable":true,"href":"https:\/\/www.ernstbrunn-apotheke.at\/katalog\/wp-json\/wp\/v2\/product_cat?post=144373"},{"taxonomy":"product_tag","embeddable":true,"href":"https:\/\/www.ernstbrunn-apotheke.at\/katalog\/wp-json\/wp\/v2\/product_tag?post=144373"}],"curies":[{"name":"wp","href":"https:\/\/api.w.org\/{rel}","templated":true}]}}