{"id":144349,"date":"2025-11-14T23:25:36","date_gmt":"2025-11-14T22:25:36","guid":{"rendered":"https:\/\/www.ernstbrunn-apotheke.at\/katalog\/produkt\/sonnentor-mach-ne-fliege-aetherisches-oel-10-ml\/"},"modified":"2025-12-09T10:51:33","modified_gmt":"2025-12-09T09:51:33","slug":"sonnentor-mach-ne-fliege-aetherisches-oel-10-ml","status":"publish","type":"product","link":"https:\/\/www.ernstbrunn-apotheke.at\/katalog\/produkt\/sonnentor-mach-ne-fliege-aetherisches-oel-10-ml\/","title":{"rendered":"Sonnentor Mach ne Fliege \u00e4therisches \u00d6l 10 ml"},"content":{"rendered":"<p>Sonnentor Mach &#8217;ne Fliege \u00e4therisches \u00d6l 10 ml l\u00e4sst M\u00fccken und Fliegen keine Chance! Die wohlriechende Duftmischung aus Lavendel, Nelkenknospen und Eukalyptus l\u00e4sst sich auch besonders vielseitig einsetzen: Sie verzaubert in der Duftlampe und in der Sauna oder eignet sich auch hervorragend zum Mischen von K\u00f6rper\u00f6len. Nicht zur Einnahme bestimmt! \u2013 Spitzenprodukte von Sonnentor jetzt stark preisgesenkt bestellen!<\/p>\n","protected":false},"excerpt":{"rendered":"<p>Sonnentor Mach &#8217;ne Fliege \u00e4therisches \u00d6l 10 ml l\u00e4sst M\u00fccken und Fliegen keine Chance! Die wohlriechende Duftmischung aus Lavendel, Nelkenknospen und Eukalyptus l\u00e4sst sich auch besonders vielseitig einsetzen: Sie verzaubert in der Duftlampe und in der Sauna oder eignet sich auch hervorragend zum Mischen von K\u00f6rper\u00f6len. Nicht zur Einnahme bestimmt! \u2013 Spitzenprodukte von Sonnentor jetzt [&hellip;]<\/p>\n","protected":false},"featured_media":144351,"template":"","meta":{"_acf_changed":false},"product_brand":[],"product_cat":[791],"product_tag":[],"class_list":{"0":"post-144349","1":"product","2":"type-product","3":"status-publish","4":"has-post-thumbnail","6":"product_cat-s","7":"pa_packungsgroesse-10ml","9":"first","10":"instock","11":"shipping-taxable","12":"purchasable","13":"product-type-simple"},"acf":[],"_links":{"self":[{"href":"https:\/\/www.ernstbrunn-apotheke.at\/katalog\/wp-json\/wp\/v2\/product\/144349","targetHints":{"allow":["GET"]}}],"collection":[{"href":"https:\/\/www.ernstbrunn-apotheke.at\/katalog\/wp-json\/wp\/v2\/product"}],"about":[{"href":"https:\/\/www.ernstbrunn-apotheke.at\/katalog\/wp-json\/wp\/v2\/types\/product"}],"wp:featuredmedia":[{"embeddable":true,"href":"https:\/\/www.ernstbrunn-apotheke.at\/katalog\/wp-json\/wp\/v2\/media\/144351"}],"wp:attachment":[{"href":"https:\/\/www.ernstbrunn-apotheke.at\/katalog\/wp-json\/wp\/v2\/media?parent=144349"}],"wp:term":[{"taxonomy":"product_brand","embeddable":true,"href":"https:\/\/www.ernstbrunn-apotheke.at\/katalog\/wp-json\/wp\/v2\/product_brand?post=144349"},{"taxonomy":"product_cat","embeddable":true,"href":"https:\/\/www.ernstbrunn-apotheke.at\/katalog\/wp-json\/wp\/v2\/product_cat?post=144349"},{"taxonomy":"product_tag","embeddable":true,"href":"https:\/\/www.ernstbrunn-apotheke.at\/katalog\/wp-json\/wp\/v2\/product_tag?post=144349"}],"curies":[{"name":"wp","href":"https:\/\/api.w.org\/{rel}","templated":true}]}}