{"id":144331,"date":"2025-11-14T23:24:37","date_gmt":"2025-11-14T22:24:37","guid":{"rendered":"https:\/\/www.ernstbrunn-apotheke.at\/katalog\/produkt\/tetesept-meeressalz-ruecken-schulter-750-g\/"},"modified":"2025-12-09T10:51:30","modified_gmt":"2025-12-09T09:51:30","slug":"tetesept-meeressalz-ruecken-schulter-750-g","status":"publish","type":"product","link":"https:\/\/www.ernstbrunn-apotheke.at\/katalog\/produkt\/tetesept-meeressalz-ruecken-schulter-750-g\/","title":{"rendered":"Tetesept Meeressalz R\u00fccken &#038; Schulter 750 g"},"content":{"rendered":"<p>Tetesept Meeressalz R\u00fccken &#038; Schulter hilft hervorragend zur Entspannung Ihres R\u00fcckens und Ihrer Schultern. Angereichert mit Wintergr\u00fcn, Wacholder\u00f6l, Ingwer und Koriander\u00f6l durchw\u00e4rmt das wohltuende Bad Ihren K\u00f6rper und l\u00e4sst Schmerzen schnell verschwinden.<\/p>\n","protected":false},"excerpt":{"rendered":"<p>Tetesept Meeressalz R\u00fccken &#038; Schulter hilft hervorragend zur Entspannung Ihres R\u00fcckens und Ihrer Schultern. Angereichert mit Wintergr\u00fcn, Wacholder\u00f6l, Ingwer und Koriander\u00f6l durchw\u00e4rmt das wohltuende Bad Ihren K\u00f6rper und l\u00e4sst Schmerzen schnell verschwinden.<\/p>\n","protected":false},"featured_media":144333,"template":"","meta":{"_acf_changed":false},"product_brand":[],"product_cat":[798],"product_tag":[],"class_list":{"0":"post-144331","1":"product","2":"type-product","3":"status-publish","4":"has-post-thumbnail","6":"product_cat-t","7":"pa_packungsgroesse-750g","9":"first","10":"instock","11":"shipping-taxable","12":"purchasable","13":"product-type-simple"},"acf":[],"_links":{"self":[{"href":"https:\/\/www.ernstbrunn-apotheke.at\/katalog\/wp-json\/wp\/v2\/product\/144331","targetHints":{"allow":["GET"]}}],"collection":[{"href":"https:\/\/www.ernstbrunn-apotheke.at\/katalog\/wp-json\/wp\/v2\/product"}],"about":[{"href":"https:\/\/www.ernstbrunn-apotheke.at\/katalog\/wp-json\/wp\/v2\/types\/product"}],"wp:featuredmedia":[{"embeddable":true,"href":"https:\/\/www.ernstbrunn-apotheke.at\/katalog\/wp-json\/wp\/v2\/media\/144333"}],"wp:attachment":[{"href":"https:\/\/www.ernstbrunn-apotheke.at\/katalog\/wp-json\/wp\/v2\/media?parent=144331"}],"wp:term":[{"taxonomy":"product_brand","embeddable":true,"href":"https:\/\/www.ernstbrunn-apotheke.at\/katalog\/wp-json\/wp\/v2\/product_brand?post=144331"},{"taxonomy":"product_cat","embeddable":true,"href":"https:\/\/www.ernstbrunn-apotheke.at\/katalog\/wp-json\/wp\/v2\/product_cat?post=144331"},{"taxonomy":"product_tag","embeddable":true,"href":"https:\/\/www.ernstbrunn-apotheke.at\/katalog\/wp-json\/wp\/v2\/product_tag?post=144331"}],"curies":[{"name":"wp","href":"https:\/\/api.w.org\/{rel}","templated":true}]}}