{"id":144328,"date":"2025-11-14T23:24:37","date_gmt":"2025-11-14T22:24:37","guid":{"rendered":"https:\/\/www.ernstbrunn-apotheke.at\/katalog\/produkt\/retterspitz-hyalurongel-30-ml\/"},"modified":"2025-12-09T10:51:30","modified_gmt":"2025-12-09T09:51:30","slug":"retterspitz-hyalurongel-30-ml","status":"publish","type":"product","link":"https:\/\/www.ernstbrunn-apotheke.at\/katalog\/produkt\/retterspitz-hyalurongel-30-ml\/","title":{"rendered":"Retterspitz Hyalurongel 30 ml"},"content":{"rendered":"<p>Retterspitz Hyalurongel hat die F\u00e4higkeit Wasser zu binden. Dadurch bekommt die Haut mehr Volumen und wird auf nat\u00fcrliche Weise sanft aufgepolstert.Ausgesuchte Feuchthaltefaktoren wie Glycerin, Harnstoff und pflegendes Allantoin versorgen die Haut zus\u00e4tzlich 24 Stunden mit Feuchtigkeit, vermindern Zeichen der Hautalterung und erh\u00f6hen die Elastizit\u00e4t der obersten Hautschicht. 2-3 Mal pro Woche im Gesicht, um die Augenpartie und auf dem D\u00e9kollet\u00e9 auftragen. Das Gel zieht sehr schnell ein, fettet nicht und kann daher auch unter dem Make-up angewendet werden. Auch M\u00e4nner k\u00f6nnen mit Retterspitz Hyalurongel Hautlinien und gestresst aussehender Haut entgegenwirken.<\/p>\n","protected":false},"excerpt":{"rendered":"<p>Retterspitz Hyalurongel hat die F\u00e4higkeit Wasser zu binden. Dadurch bekommt die Haut mehr Volumen und wird auf nat\u00fcrliche Weise sanft aufgepolstert.Ausgesuchte Feuchthaltefaktoren wie Glycerin, Harnstoff und pflegendes Allantoin versorgen die Haut zus\u00e4tzlich 24 Stunden mit Feuchtigkeit, vermindern Zeichen der Hautalterung und erh\u00f6hen die Elastizit\u00e4t der obersten Hautschicht. 2-3 Mal pro Woche im Gesicht, um die [&hellip;]<\/p>\n","protected":false},"featured_media":144330,"template":"","meta":{"_acf_changed":false},"product_brand":[],"product_cat":[808],"product_tag":[],"class_list":{"0":"post-144328","1":"product","2":"type-product","3":"status-publish","4":"has-post-thumbnail","6":"product_cat-r","7":"pa_packungsgroesse-30ml","9":"first","10":"instock","11":"shipping-taxable","12":"purchasable","13":"product-type-simple"},"acf":[],"_links":{"self":[{"href":"https:\/\/www.ernstbrunn-apotheke.at\/katalog\/wp-json\/wp\/v2\/product\/144328","targetHints":{"allow":["GET"]}}],"collection":[{"href":"https:\/\/www.ernstbrunn-apotheke.at\/katalog\/wp-json\/wp\/v2\/product"}],"about":[{"href":"https:\/\/www.ernstbrunn-apotheke.at\/katalog\/wp-json\/wp\/v2\/types\/product"}],"wp:featuredmedia":[{"embeddable":true,"href":"https:\/\/www.ernstbrunn-apotheke.at\/katalog\/wp-json\/wp\/v2\/media\/144330"}],"wp:attachment":[{"href":"https:\/\/www.ernstbrunn-apotheke.at\/katalog\/wp-json\/wp\/v2\/media?parent=144328"}],"wp:term":[{"taxonomy":"product_brand","embeddable":true,"href":"https:\/\/www.ernstbrunn-apotheke.at\/katalog\/wp-json\/wp\/v2\/product_brand?post=144328"},{"taxonomy":"product_cat","embeddable":true,"href":"https:\/\/www.ernstbrunn-apotheke.at\/katalog\/wp-json\/wp\/v2\/product_cat?post=144328"},{"taxonomy":"product_tag","embeddable":true,"href":"https:\/\/www.ernstbrunn-apotheke.at\/katalog\/wp-json\/wp\/v2\/product_tag?post=144328"}],"curies":[{"name":"wp","href":"https:\/\/api.w.org\/{rel}","templated":true}]}}