{"id":144314,"date":"2025-11-14T23:24:37","date_gmt":"2025-11-14T22:24:37","guid":{"rendered":"https:\/\/www.ernstbrunn-apotheke.at\/katalog\/produkt\/casida-magnesiumchlorid-zum-einnehmen-trinken-210-g\/"},"modified":"2025-12-09T10:51:29","modified_gmt":"2025-12-09T09:51:29","slug":"casida-magnesiumchlorid-zum-einnehmen-trinken-210-g","status":"publish","type":"product","link":"https:\/\/www.ernstbrunn-apotheke.at\/katalog\/produkt\/casida-magnesiumchlorid-zum-einnehmen-trinken-210-g\/","title":{"rendered":"Casida Magnesiumchlorid zum Einnehmen \/ Trinken 210 g"},"content":{"rendered":"<p>Casida Magnesiumchlorid enth\u00e4lt 100 % reines Magnesiumchlorid Pulver und dient zur Entspannung und Regenerierung f\u00fcr K\u00f6rper und Geist. Ideal zum Trinken und Einnehmen &#8211; mit hohem Rabatt bestellen!<\/p>\n","protected":false},"excerpt":{"rendered":"<p>Casida Magnesiumchlorid enth\u00e4lt 100 % reines Magnesiumchlorid Pulver und dient zur Entspannung und Regenerierung f\u00fcr K\u00f6rper und Geist. Ideal zum Trinken und Einnehmen &#8211; mit hohem Rabatt bestellen!<\/p>\n","protected":false},"featured_media":144316,"template":"","meta":{"_acf_changed":false},"product_brand":[],"product_cat":[812],"product_tag":[],"class_list":{"0":"post-144314","1":"product","2":"type-product","3":"status-publish","4":"has-post-thumbnail","6":"product_cat-c","7":"pa_packungsgroesse-210g","9":"first","10":"instock","11":"shipping-taxable","12":"purchasable","13":"product-type-simple"},"acf":[],"_links":{"self":[{"href":"https:\/\/www.ernstbrunn-apotheke.at\/katalog\/wp-json\/wp\/v2\/product\/144314","targetHints":{"allow":["GET"]}}],"collection":[{"href":"https:\/\/www.ernstbrunn-apotheke.at\/katalog\/wp-json\/wp\/v2\/product"}],"about":[{"href":"https:\/\/www.ernstbrunn-apotheke.at\/katalog\/wp-json\/wp\/v2\/types\/product"}],"wp:featuredmedia":[{"embeddable":true,"href":"https:\/\/www.ernstbrunn-apotheke.at\/katalog\/wp-json\/wp\/v2\/media\/144316"}],"wp:attachment":[{"href":"https:\/\/www.ernstbrunn-apotheke.at\/katalog\/wp-json\/wp\/v2\/media?parent=144314"}],"wp:term":[{"taxonomy":"product_brand","embeddable":true,"href":"https:\/\/www.ernstbrunn-apotheke.at\/katalog\/wp-json\/wp\/v2\/product_brand?post=144314"},{"taxonomy":"product_cat","embeddable":true,"href":"https:\/\/www.ernstbrunn-apotheke.at\/katalog\/wp-json\/wp\/v2\/product_cat?post=144314"},{"taxonomy":"product_tag","embeddable":true,"href":"https:\/\/www.ernstbrunn-apotheke.at\/katalog\/wp-json\/wp\/v2\/product_tag?post=144314"}],"curies":[{"name":"wp","href":"https:\/\/api.w.org\/{rel}","templated":true}]}}