{"id":144285,"date":"2025-11-14T23:23:27","date_gmt":"2025-11-14T22:23:27","guid":{"rendered":"https:\/\/www.ernstbrunn-apotheke.at\/katalog\/produkt\/casida-melatonin-spray-schlaf-schoen-30-ml\/"},"modified":"2025-12-09T10:51:23","modified_gmt":"2025-12-09T09:51:23","slug":"casida-melatonin-spray-schlaf-schoen-30-ml","status":"publish","type":"product","link":"https:\/\/www.ernstbrunn-apotheke.at\/katalog\/produkt\/casida-melatonin-spray-schlaf-schoen-30-ml\/","title":{"rendered":"Casida Melatonin Spray Schlaf sch\u00f6n 30 ml"},"content":{"rendered":"<p>Nahrungserg\u00e4nzungsmittel mit Melatonin, Vitamin B6 und Lavendel-Extrakt. Wertvolle Unterst\u00fctzung f\u00fcr einen gesunden und erholsamen Schlaf.<\/p>\n","protected":false},"excerpt":{"rendered":"<p>Nahrungserg\u00e4nzungsmittel mit Melatonin, Vitamin B6 und Lavendel-Extrakt. Wertvolle Unterst\u00fctzung f\u00fcr einen gesunden und erholsamen Schlaf.<\/p>\n","protected":false},"featured_media":144287,"template":"","meta":{"_acf_changed":false},"product_brand":[],"product_cat":[812],"product_tag":[],"class_list":{"0":"post-144285","1":"product","2":"type-product","3":"status-publish","4":"has-post-thumbnail","6":"product_cat-c","7":"pa_packungsgroesse-30ml","9":"first","10":"instock","11":"shipping-taxable","12":"purchasable","13":"product-type-simple"},"acf":[],"_links":{"self":[{"href":"https:\/\/www.ernstbrunn-apotheke.at\/katalog\/wp-json\/wp\/v2\/product\/144285","targetHints":{"allow":["GET"]}}],"collection":[{"href":"https:\/\/www.ernstbrunn-apotheke.at\/katalog\/wp-json\/wp\/v2\/product"}],"about":[{"href":"https:\/\/www.ernstbrunn-apotheke.at\/katalog\/wp-json\/wp\/v2\/types\/product"}],"wp:featuredmedia":[{"embeddable":true,"href":"https:\/\/www.ernstbrunn-apotheke.at\/katalog\/wp-json\/wp\/v2\/media\/144287"}],"wp:attachment":[{"href":"https:\/\/www.ernstbrunn-apotheke.at\/katalog\/wp-json\/wp\/v2\/media?parent=144285"}],"wp:term":[{"taxonomy":"product_brand","embeddable":true,"href":"https:\/\/www.ernstbrunn-apotheke.at\/katalog\/wp-json\/wp\/v2\/product_brand?post=144285"},{"taxonomy":"product_cat","embeddable":true,"href":"https:\/\/www.ernstbrunn-apotheke.at\/katalog\/wp-json\/wp\/v2\/product_cat?post=144285"},{"taxonomy":"product_tag","embeddable":true,"href":"https:\/\/www.ernstbrunn-apotheke.at\/katalog\/wp-json\/wp\/v2\/product_tag?post=144285"}],"curies":[{"name":"wp","href":"https:\/\/api.w.org\/{rel}","templated":true}]}}