{"id":144268,"date":"2025-11-14T23:22:49","date_gmt":"2025-11-14T22:22:49","guid":{"rendered":"https:\/\/www.ernstbrunn-apotheke.at\/katalog\/produkt\/em-eukal-bonbons-salbei-zuckerfrei-box-50-g\/"},"modified":"2025-12-09T10:51:20","modified_gmt":"2025-12-09T09:51:20","slug":"em-eukal-bonbons-salbei-zuckerfrei-box-50-g","status":"publish","type":"product","link":"https:\/\/www.ernstbrunn-apotheke.at\/katalog\/produkt\/em-eukal-bonbons-salbei-zuckerfrei-box-50-g\/","title":{"rendered":"Em-Eukal Bonbons Salbei zuckerfrei Box 50 g"},"content":{"rendered":"<p>Die Em Eukal Salbei Bonbons sind Premiumbonbons mit wertvollem Salbeiextrakt aus kontrolliertem Anbau und hochwertigen \u00e4therischen \u00d6len. Sie sind samtig weich im Geschmack und ein nat\u00fcrlicher Balsam f\u00fcr Hals und Stimme.<\/p>\n","protected":false},"excerpt":{"rendered":"<p>Die Em Eukal Salbei Bonbons sind Premiumbonbons mit wertvollem Salbeiextrakt aus kontrolliertem Anbau und hochwertigen \u00e4therischen \u00d6len. Sie sind samtig weich im Geschmack und ein nat\u00fcrlicher Balsam f\u00fcr Hals und Stimme.<\/p>\n","protected":false},"featured_media":144270,"template":"","meta":{"_acf_changed":false},"product_brand":[1100],"product_cat":[794],"product_tag":[],"class_list":{"0":"post-144268","1":"product","2":"type-product","3":"status-publish","4":"has-post-thumbnail","6":"product_brand-em-eukal","7":"product_cat-e","8":"pa_packungsgroesse-50g","10":"first","11":"instock","12":"shipping-taxable","13":"purchasable","14":"product-type-simple"},"acf":[],"_links":{"self":[{"href":"https:\/\/www.ernstbrunn-apotheke.at\/katalog\/wp-json\/wp\/v2\/product\/144268","targetHints":{"allow":["GET"]}}],"collection":[{"href":"https:\/\/www.ernstbrunn-apotheke.at\/katalog\/wp-json\/wp\/v2\/product"}],"about":[{"href":"https:\/\/www.ernstbrunn-apotheke.at\/katalog\/wp-json\/wp\/v2\/types\/product"}],"wp:featuredmedia":[{"embeddable":true,"href":"https:\/\/www.ernstbrunn-apotheke.at\/katalog\/wp-json\/wp\/v2\/media\/144270"}],"wp:attachment":[{"href":"https:\/\/www.ernstbrunn-apotheke.at\/katalog\/wp-json\/wp\/v2\/media?parent=144268"}],"wp:term":[{"taxonomy":"product_brand","embeddable":true,"href":"https:\/\/www.ernstbrunn-apotheke.at\/katalog\/wp-json\/wp\/v2\/product_brand?post=144268"},{"taxonomy":"product_cat","embeddable":true,"href":"https:\/\/www.ernstbrunn-apotheke.at\/katalog\/wp-json\/wp\/v2\/product_cat?post=144268"},{"taxonomy":"product_tag","embeddable":true,"href":"https:\/\/www.ernstbrunn-apotheke.at\/katalog\/wp-json\/wp\/v2\/product_tag?post=144268"}],"curies":[{"name":"wp","href":"https:\/\/api.w.org\/{rel}","templated":true}]}}