{"id":144202,"date":"2025-11-14T23:21:14","date_gmt":"2025-11-14T22:21:14","guid":{"rendered":"https:\/\/www.ernstbrunn-apotheke.at\/katalog\/produkt\/zechsal-body-cream-125-ml\/"},"modified":"2025-12-09T10:51:08","modified_gmt":"2025-12-09T09:51:08","slug":"zechsal-body-cream-125-ml","status":"publish","type":"product","link":"https:\/\/www.ernstbrunn-apotheke.at\/katalog\/produkt\/zechsal-body-cream-125-ml\/","title":{"rendered":"Zechsal Body Cream 125 ml"},"content":{"rendered":"<p>Zechsal Body Cream kombiniert die heilsame Wirkung des reinen Magnesiums mit den pflegenden Eigenschaften der Shea Butter. Ganz besonders f\u00fcr die trockene oder gereizte Haut geeignet, aber auch f\u00fcr die Anwendung im Gesicht. Pflegt die Haut optimal und unterst\u00fctzt einen ausgeglichenen Magnesiumhaushalt.<\/p>\n","protected":false},"excerpt":{"rendered":"<p>Zechsal Body Cream kombiniert die heilsame Wirkung des reinen Magnesiums mit den pflegenden Eigenschaften der Shea Butter. Ganz besonders f\u00fcr die trockene oder gereizte Haut geeignet, aber auch f\u00fcr die Anwendung im Gesicht. Pflegt die Haut optimal und unterst\u00fctzt einen ausgeglichenen Magnesiumhaushalt.<\/p>\n","protected":false},"featured_media":144204,"template":"","meta":{"_acf_changed":false},"product_brand":[],"product_cat":[803],"product_tag":[],"class_list":{"0":"post-144202","1":"product","2":"type-product","3":"status-publish","4":"has-post-thumbnail","6":"product_cat-z","7":"pa_packungsgroesse-125ml","9":"first","10":"instock","11":"shipping-taxable","12":"purchasable","13":"product-type-simple"},"acf":[],"_links":{"self":[{"href":"https:\/\/www.ernstbrunn-apotheke.at\/katalog\/wp-json\/wp\/v2\/product\/144202","targetHints":{"allow":["GET"]}}],"collection":[{"href":"https:\/\/www.ernstbrunn-apotheke.at\/katalog\/wp-json\/wp\/v2\/product"}],"about":[{"href":"https:\/\/www.ernstbrunn-apotheke.at\/katalog\/wp-json\/wp\/v2\/types\/product"}],"wp:featuredmedia":[{"embeddable":true,"href":"https:\/\/www.ernstbrunn-apotheke.at\/katalog\/wp-json\/wp\/v2\/media\/144204"}],"wp:attachment":[{"href":"https:\/\/www.ernstbrunn-apotheke.at\/katalog\/wp-json\/wp\/v2\/media?parent=144202"}],"wp:term":[{"taxonomy":"product_brand","embeddable":true,"href":"https:\/\/www.ernstbrunn-apotheke.at\/katalog\/wp-json\/wp\/v2\/product_brand?post=144202"},{"taxonomy":"product_cat","embeddable":true,"href":"https:\/\/www.ernstbrunn-apotheke.at\/katalog\/wp-json\/wp\/v2\/product_cat?post=144202"},{"taxonomy":"product_tag","embeddable":true,"href":"https:\/\/www.ernstbrunn-apotheke.at\/katalog\/wp-json\/wp\/v2\/product_tag?post=144202"}],"curies":[{"name":"wp","href":"https:\/\/api.w.org\/{rel}","templated":true}]}}