{"id":144149,"date":"2025-11-14T23:19:31","date_gmt":"2025-11-14T22:19:31","guid":{"rendered":"https:\/\/www.ernstbrunn-apotheke.at\/katalog\/produkt\/bioscalin-tricoage-tabletten-30-stk\/"},"modified":"2025-12-09T10:51:03","modified_gmt":"2025-12-09T09:51:03","slug":"bioscalin-tricoage-tabletten-30-stk","status":"publish","type":"product","link":"https:\/\/www.ernstbrunn-apotheke.at\/katalog\/produkt\/bioscalin-tricoage-tabletten-30-stk\/","title":{"rendered":"Bioscalin TricoAGE+ Tabletten 30 Stk."},"content":{"rendered":"<div>&#13;<\/p>\n<p>Vor\u00fcbergehender Haarausfall z\u00e4hlt zu den g\u00e4ngigen Wechselbeschwerden und stellt eine nat\u00fcrliche Folge des hormonellen Ungleichgewichts dar. Der patentierte Wirkstoff-Komplex Biogenina\u00ae stimuliert das Haarwachstum tiefenwirksam an der Wurzel. Dar\u00fcber hinaus enth\u00e4lt TricoAGE+ wertvolle Soja-Isoflavone, die effektiv zur gezielten Linderung von Wechselbeschwerden beitragen. Bioscalin\u00ae TricoAGE+ kr\u00e4ftigt die Haarwurzel, steigert das Haarwachstum, verbessert die Haarstruktur und erh\u00f6ht den Anteil der Haare in der Wachstumsphase.<\/p>\n<p>&#13;\n<\/p><\/div>\n<p>&#13;<\/p>\n<div>&#13;<\/p>\n<p><strong>Bioscalin\u00ae TricoAGE45+ Tabletten:<\/strong>\u00a0So st\u00e4rken Frauen reiferes Haar von innen: mit Biogenina-Technologie und AlfaBiomeria, einer Kombination aus Omega 6, Rutin und Soja-Isoflavonen. Dar\u00fcber hinaus enth\u00e4lt TricoAGE+ auch andere wertvolle Inhaltsstoffe wie Emblica, Reservatrol, Fols\u00e4ure und Kupfer. Biotin und Zink unterst\u00fctzen die Erhaltung normaler Haare. Fols\u00e4ure bzw. Folat unterst\u00fctzt die Zellteilung. Zink und Kupfer tragen dazu bei die Zellen vor oxidativen Stress zu sch\u00fctzen. Bringen Sie sich und Ihr Haar wieder in Balance mit TricoAGE+ von Bioscalin\u00ae.<\/p>\n<p>&#13;<\/p>\n<p>Bioscalin\u00ae TricoAGE+ Tabletten sind vegan, gluten- und lactosefrei.<\/p>\n<p>&#13;\n<\/p><\/div>\n","protected":false},"excerpt":{"rendered":"<p>&#13; Vor\u00fcbergehender Haarausfall z\u00e4hlt zu den g\u00e4ngigen Wechselbeschwerden und stellt eine nat\u00fcrliche Folge des hormonellen Ungleichgewichts dar. Der patentierte Wirkstoff-Komplex Biogenina\u00ae stimuliert das Haarwachstum tiefenwirksam an der Wurzel. Dar\u00fcber hinaus enth\u00e4lt TricoAGE+ wertvolle Soja-Isoflavone, die effektiv zur gezielten Linderung von Wechselbeschwerden beitragen. Bioscalin\u00ae TricoAGE+ kr\u00e4ftigt die Haarwurzel, steigert das Haarwachstum, verbessert die Haarstruktur und erh\u00f6ht [&hellip;]<\/p>\n","protected":false},"featured_media":144151,"template":"","meta":{"_acf_changed":false},"product_brand":[1533],"product_cat":[802],"product_tag":[],"class_list":{"0":"post-144149","1":"product","2":"type-product","3":"status-publish","4":"has-post-thumbnail","6":"product_brand-bioscalin","7":"product_cat-b","8":"pa_packungsgroesse-30-stueck","10":"first","11":"instock","12":"shipping-taxable","13":"purchasable","14":"product-type-simple"},"acf":[],"_links":{"self":[{"href":"https:\/\/www.ernstbrunn-apotheke.at\/katalog\/wp-json\/wp\/v2\/product\/144149","targetHints":{"allow":["GET"]}}],"collection":[{"href":"https:\/\/www.ernstbrunn-apotheke.at\/katalog\/wp-json\/wp\/v2\/product"}],"about":[{"href":"https:\/\/www.ernstbrunn-apotheke.at\/katalog\/wp-json\/wp\/v2\/types\/product"}],"wp:featuredmedia":[{"embeddable":true,"href":"https:\/\/www.ernstbrunn-apotheke.at\/katalog\/wp-json\/wp\/v2\/media\/144151"}],"wp:attachment":[{"href":"https:\/\/www.ernstbrunn-apotheke.at\/katalog\/wp-json\/wp\/v2\/media?parent=144149"}],"wp:term":[{"taxonomy":"product_brand","embeddable":true,"href":"https:\/\/www.ernstbrunn-apotheke.at\/katalog\/wp-json\/wp\/v2\/product_brand?post=144149"},{"taxonomy":"product_cat","embeddable":true,"href":"https:\/\/www.ernstbrunn-apotheke.at\/katalog\/wp-json\/wp\/v2\/product_cat?post=144149"},{"taxonomy":"product_tag","embeddable":true,"href":"https:\/\/www.ernstbrunn-apotheke.at\/katalog\/wp-json\/wp\/v2\/product_tag?post=144149"}],"curies":[{"name":"wp","href":"https:\/\/api.w.org\/{rel}","templated":true}]}}