{"id":144135,"date":"2025-11-14T23:18:53","date_gmt":"2025-11-14T22:18:53","guid":{"rendered":"https:\/\/www.ernstbrunn-apotheke.at\/katalog\/produkt\/bioscalin-haaraktivator-10-ml\/"},"modified":"2025-12-09T10:50:59","modified_gmt":"2025-12-09T09:50:59","slug":"bioscalin-haaraktivator-10-ml","status":"publish","type":"product","link":"https:\/\/www.ernstbrunn-apotheke.at\/katalog\/produkt\/bioscalin-haaraktivator-10-ml\/","title":{"rendered":"Bioscalin Haaraktivator 10 ml"},"content":{"rendered":"<div>&#13;<\/p>\n<p><strong>Bioscalin Haaraktivator &#8211; die Innovation f\u00fcr mehr Haarf\u00fclle bei M\u00e4nnern &amp; Frauen<\/strong><\/p>\n<p>&#13;\n<\/p><\/div>\n<p>&#13;<\/p>\n<div>&#13;<\/p>\n<p><strong>\u00a0<\/strong><\/p>\n<p>&#13;<\/p>\n<p><strong>Einfach im Gebrauch &#8211; wirksam im Ergebnis!<\/strong><\/p>\n<p>&#13;<\/p>\n<p><strong>Anwendung nur 1 x pro Woche!<br \/><\/strong><\/p>\n<p>&#13;<\/p>\n<p>\u00a0<\/p>\n<p>&#13;<\/p>\n<p>Ein v\u00f6llig neuer Ansatz f\u00fcr Ihre Haare bei tempor\u00e4rer oder saisonal bedingter Haarschw\u00e4che. W\u00e4hrend SFRP-1 f\u00fcr ein verlangsamtes Haarwachstum verantwortlich ist, stimuliert der im Haaraktivator enthaltene Gegenspieler iSFRP-1<\/p>\n<p>&#13;<\/p>\n<p>(i = inhibitor) das Haarwachstum und sorgt f\u00fcr:<\/p>\n<p>&#13;<\/p>\n<p>* \u00a0 \u00a0 \u00a0 \u00a0 Verbesserte Haarstruktur<\/p>\n<p>&#13;<\/p>\n<p>* \u00a0 \u00a0 \u00a0 \u00a0 Mehr Haarf\u00fclle<\/p>\n<p>&#13;<\/p>\n<p>* \u00a0 \u00a0 \u00a0 \u00a0 Gest\u00e4rkte Haarwurzel<\/p>\n<p>&#13;<\/p>\n<p>\u00a0<\/p>\n<p>&#13;<\/p>\n<p>Gleichzeitig sorgt eine neue Technologie f\u00fcr eine schrittweise Wirkstofffreisetzung.<\/p>\n<p>&#13;<\/p>\n<p>Daher reicht eine Anwendung pro Woche aus. Eine Ampulle reicht f\u00fcr 6 Wochen. Idealerweise sollte sich eine Kur \u00fcber<\/p>\n<p>&#13;<\/p>\n<p>3 Monate erstrecken. Daher kann mit nur 2 Ampullen eine vollst\u00e4ndige Kur durchgef\u00fchrt werden.<\/p>\n<p>&#13;\n<\/p><\/div>\n","protected":false},"excerpt":{"rendered":"<p>&#13; Bioscalin Haaraktivator &#8211; die Innovation f\u00fcr mehr Haarf\u00fclle bei M\u00e4nnern &amp; Frauen &#13; &#13; &#13; \u00a0 &#13; Einfach im Gebrauch &#8211; wirksam im Ergebnis! &#13; Anwendung nur 1 x pro Woche! &#13; \u00a0 &#13; Ein v\u00f6llig neuer Ansatz f\u00fcr Ihre Haare bei tempor\u00e4rer oder saisonal bedingter Haarschw\u00e4che. W\u00e4hrend SFRP-1 f\u00fcr ein verlangsamtes Haarwachstum verantwortlich [&hellip;]<\/p>\n","protected":false},"featured_media":144137,"template":"","meta":{"_acf_changed":false},"product_brand":[],"product_cat":[802],"product_tag":[],"class_list":{"0":"post-144135","1":"product","2":"type-product","3":"status-publish","4":"has-post-thumbnail","6":"product_cat-b","7":"pa_packungsgroesse-10ml","9":"first","10":"instock","11":"shipping-taxable","12":"purchasable","13":"product-type-simple"},"acf":[],"_links":{"self":[{"href":"https:\/\/www.ernstbrunn-apotheke.at\/katalog\/wp-json\/wp\/v2\/product\/144135","targetHints":{"allow":["GET"]}}],"collection":[{"href":"https:\/\/www.ernstbrunn-apotheke.at\/katalog\/wp-json\/wp\/v2\/product"}],"about":[{"href":"https:\/\/www.ernstbrunn-apotheke.at\/katalog\/wp-json\/wp\/v2\/types\/product"}],"wp:featuredmedia":[{"embeddable":true,"href":"https:\/\/www.ernstbrunn-apotheke.at\/katalog\/wp-json\/wp\/v2\/media\/144137"}],"wp:attachment":[{"href":"https:\/\/www.ernstbrunn-apotheke.at\/katalog\/wp-json\/wp\/v2\/media?parent=144135"}],"wp:term":[{"taxonomy":"product_brand","embeddable":true,"href":"https:\/\/www.ernstbrunn-apotheke.at\/katalog\/wp-json\/wp\/v2\/product_brand?post=144135"},{"taxonomy":"product_cat","embeddable":true,"href":"https:\/\/www.ernstbrunn-apotheke.at\/katalog\/wp-json\/wp\/v2\/product_cat?post=144135"},{"taxonomy":"product_tag","embeddable":true,"href":"https:\/\/www.ernstbrunn-apotheke.at\/katalog\/wp-json\/wp\/v2\/product_tag?post=144135"}],"curies":[{"name":"wp","href":"https:\/\/api.w.org\/{rel}","templated":true}]}}