{"id":144125,"date":"2025-11-14T23:18:53","date_gmt":"2025-11-14T22:18:53","guid":{"rendered":"https:\/\/www.ernstbrunn-apotheke.at\/katalog\/produkt\/astaxanthin-kapseln-aus-island\/"},"modified":"2025-12-09T10:50:59","modified_gmt":"2025-12-09T09:50:59","slug":"astaxanthin-kapseln-aus-island","status":"publish","type":"product","link":"https:\/\/www.ernstbrunn-apotheke.at\/katalog\/produkt\/astaxanthin-kapseln-aus-island\/","title":{"rendered":"Astaxanthin Kapseln aus Island"},"content":{"rendered":"<p>Astaxanthin ist ein starkes Antioxidans, das eine Vielzahl von gesundheitlichen Vorteilen bietet:\u00a0<\/p>\n<ul>\n<li>Entz\u00fcndungsabwehrend<\/li>\n<li>Geistige Fitness<\/li>\n<li>Gesunde Sehkrat<\/li>\n<li>Herzgesundheit<\/li>\n<li>Strahlende Haut<\/li>\n<li>Trainingsregeneration<\/li>\n<\/ul>\n<p>\u00a0Alle diese Vorteile sind entscheidend f\u00fcr gesundes Altern. Sie helfen dabei, die Gesamtgesundheit zu st\u00e4rken und das Wohlbefinden zu erh\u00f6hen &#8211; beides Schl\u00fcsselkomponenten f\u00fcr ein l\u00e4ngeres, ges\u00fcnderes Leben.\u00a0<\/p>\n<p><strong>Zertifiziert von Climate Impact Partners<\/strong><br \/>klimaneutrales Produkt<\/p>\n<p>Getestet auf ausgew\u00e4hlte Dopingsubstanzen f\u00fcr Leistungssportler geeignet nach den Richtlinien der NADA-Austria<\/p>\n<h3>Astaxanthinreiches Oleoresin aus der Alge Haematococcus Pluvialis<\/h3>\n<p>Nat\u00fcrliches Astaxanthin gilt als das st\u00e4rkste Antioxidans, dessen gesundheitliche Vorteile durch eine Vielzahl wissenschaftlicher Studien belegt sind. Es geh\u00f6rt zur Familie der Carotinoide, den Xanthophyllen, und ist ein rotes Pigment, das in Algen, Hefe, Bakterien und Pilzen vorkommt. Astaxanthin kommt nat\u00fcrlich in Lebensmitteln wie Lachs vor; leider ist der Gehalt in der Nahrung nicht mit der Dosis vergleichbar, die empfohlen wird, um den gr\u00f6\u00dften Nutzen f\u00fcr die Gesundheit zu erzielen. Eine Supplementierung von Lebensmitteln ist daf\u00fcr erforderlich.\u00a0<\/p>\n<h3>Astaxanthin 8mg Iceland Harvest 30 Kapseln (25 g) Nahrungserg\u00e4nzungsmittel<\/h3>\n<p>Enth\u00e4lt Astalif\u00ae ein luftdicht verkapseltes nat\u00fcrliches Astaxanthinreiches Oleoresin aus der Alge Haematococcus Pluvialis in veganer SeaGel\u00ae Kapsel.\u00a0<\/p>\n<h3>Einsatzm\u00f6glichkeiten<\/h3>\n<p>Zur gezielten Zufuhr des Carotinoids Astaxanthin (Astalif\u00ae) in h\u00f6chster Qualit\u00e4t, Reinheit und Nachhaltigkeit. F\u00fcr Leistungssportler geeignet nach den Regeln von NADA-Austria und internationalen Anti-Doping Organisationen.<\/p>\n<h3>Bioverf\u00fcgbarer Mikron\u00e4hrstoff in reiner Form<\/h3>\n<ul>\n<li>Allergenfrei<\/li>\n<li>Gentechnikfrei<\/li>\n<li>Glutenfrei<\/li>\n<li>Lactosefrei \u00a0<\/li>\n<li>Halal<\/li>\n<li>Kosher<\/li>\n<li>Klimaneutrales Produkt<\/li>\n<li>Klimaneutrale Produktion<\/li>\n<li>Gepr\u00fcfte Qualit\u00e4t<\/li>\n<\/ul>\n<p>Die Produktion in Island wurde auf einem Fundament aus <strong>Qualit\u00e4t<\/strong>, <strong>Reinheit<\/strong> und <strong>Nachhaltigkeit<\/strong> aufgebaut. Engagement f\u00fcr sauberen Sport: Das <strong>Produkt<\/strong> wird regelm\u00e4\u00dfig auf ausgew\u00e4hlte Dopingsubstanzen getestet.<\/p>\n<h3>Qualit\u00e4t und Sicherheit an erster Stelle<\/h3>\n<ul>\n<li>Hochmoderne, cGMP-konforme Anlage<\/li>\n<li>Hoher Astaxanthin-Gehalt in der getrockneten Algenbiomasse (bis 7 %)<\/li>\n<li>Hohes Verh\u00e4ltnis von reinem Astaxanthin zu anderen Carotinoiden (\u2265 90%)<\/li>\n<li>Keine quantifizierbaren Mengen an Schwermetallen<\/li>\n<li>Geschlossenes Anbausystem zur Minimierung des Kontaminationsrisikos<\/li>\n<\/ul>\n<h3>Isl\u00e4ndische Reinheit<\/h3>\n<ul>\n<li>Saubere, nat\u00fcrliche Umwelt mit geringer Biobelastung<\/li>\n<li>Das isl\u00e4ndische Wasser ist rein, enth\u00e4lt kaum Mineralien und ist nicht gechlort<\/li>\n<li>Das Land erzeugt 100 % seines Stroms aus sauberer Energie (Wasserkraft und Erdw\u00e4rme)<\/li>\n<li>Island hat eine bessere Luftqualit\u00e4t als fast alle OECD-L\u00e4nder<\/li>\n<\/ul>\n<h3>Nachhaltige Produktion<\/h3>\n<ul>\n<li>Die Anlage wird zu 100 % mit erneuerbarer geothermischer Energie betrieben<\/li>\n<li>Ein propriet\u00e4res Beleuchtungssystem reduziert den Energieverbrauch um 50 %<\/li>\n<li>Die Produktionsmethode erm\u00f6glicht eine minimale Wasserverdunstung<\/li>\n<li>Ein stabiles Klima mit niedrigen Temperaturen minimiert den Bedarf an energieintensiver K\u00fchlung\u00a0<\/li>\n<\/ul>\n<table border=\"0\" cellpadding=\"0\" cellspacing=\"0\" width=\"652\">\n<tbody>\n<tr>\n<td valign=\"top\" width=\"64.0552995391705%\">\n<p>INHALTSSTOFFE pro Tagesdosis<\/p>\n<\/td>\n<td valign=\"top\" width=\"17.665130568356375%\">\n<p>\u00a0 \u00a0 \u00a0 1 Kapsel<\/p>\n<\/td>\n<td valign=\"top\" width=\"3.8402457757296466%\">\n<p><\/p>\n<\/td>\n<td valign=\"top\" width=\"14.439324116743471%\">\n<p>\u00a0 \u00a0 \u00a0 % NRV*<\/p>\n<\/td>\n<\/tr>\n<tr>\n<td valign=\"top\" width=\"64.0552995391705%\">\n<p>Astaxanthinreiches Oleoresin aus der Alge <em>Haematococcus Pluvialis<\/em><\/p>\n<\/td>\n<td valign=\"top\" width=\"17.665130568356375%\">\n<p>80 mg<\/p>\n<\/td>\n<td valign=\"top\" width=\"3.8402457757296466%\">\n<p><\/p>\n<\/td>\n<td valign=\"top\" width=\"14.439324116743471%\">\n<p>&#8211;<\/p>\n<\/td>\n<\/tr>\n<tr>\n<td valign=\"top\" width=\"64.0552995391705%\">\n<p>\u00a0 \u00a0darin: <em>Haematococcus Pluvialis<\/em> Extrakt<\/p>\n<\/td>\n<td valign=\"top\" width=\"17.665130568356375%\">\n<p>54 mg<\/p>\n<\/td>\n<td valign=\"top\" width=\"3.8402457757296466%\">\n<p><\/p>\n<\/td>\n<td valign=\"top\" width=\"14.439324116743471%\">\n<p>&#8211;<\/p>\n<\/td>\n<\/tr>\n<tr>\n<td valign=\"top\" width=\"64.0552995391705%\">\n<p>\u00a0 \u00a0darin: Astaxanthin<\/p>\n<\/td>\n<td valign=\"top\" width=\"17.665130568356375%\">\n<p>\u00a0 8 mg<\/p>\n<\/td>\n<td valign=\"top\" width=\"3.8402457757296466%\">\n<p><\/p>\n<\/td>\n<td valign=\"top\" width=\"14.439324116743471%\">\n<p>&#8211;<\/p>\n<\/td>\n<\/tr>\n<\/tbody>\n<\/table>\n<p>*% DER REFERENZMENGE NACH EU-VERORDNUNG 1169\/2011.<\/p>\n<h3>ZUTATEN<\/h3>\n<p>Kapsel: Verdickungsmittel Hydroxypropylst\u00e4rke, Feuchthaltemittel Glycerin, Sorbit; Geliermittel Carrageen, Wasser, Farbstoff Eisenoxide und Eisenhydroxide, S\u00e4ureregulator Natriumcarbonate. Kapselinhalt: Distel\u00f6l, Astaxanthinreiches Oleoresin aus der Alge <em>Haematococcus Pluvialis<\/em>, Sonnenblumen\u00f6l, Antioxidationsmittel Alpha-Tocopherol.<\/p>\n<h3>VERZEHRSEMPFEHLUNG<\/h3>\n<p>T\u00e4glich 1 Kapsel mit viel Fl\u00fcssigkeit zu einer Mahlzeit verzehren. Geeignet f\u00fcr Vegetarier und Veganer.<\/p>\n<h3>HINWEIS<\/h3>\n<p>Nahrungserg\u00e4nzungsmittel gem\u00e4\u00df EU-Richtlinie 2002\/46\/EG und Durchf\u00fchrungsverordnung (EU) 2023\/1581 der Kommission.<\/p>\n<h3>ERG\u00c4NZENDER HINWEIS<\/h3>\n<p>Dieses Produkt darf nicht von S\u00e4uglingen, Kindern und Jugendlichen unter 14 Jahren verzehrt werden. \u00dcberschreiten Sie nicht die t\u00e4gliche H\u00f6chstmenge an Astaxanthin-Ester enthaltenden Nahrungserg\u00e4nzungsmitteln: 8 mg f\u00fcr Personen \u00fcber 14 Jahren, 5,7 mg f\u00fcr Jugendliche von 10 \u2013 14 Jahren und 2,3 mg f\u00fcr Kinder von 3 \u2013 10 Jahren.<\/p>\n","protected":false},"excerpt":{"rendered":"<p>Astaxanthin ist ein starkes Antioxidans, das eine Vielzahl von gesundheitlichen Vorteilen bietet:\u00a0 Entz\u00fcndungsabwehrend Geistige Fitness Gesunde Sehkrat Herzgesundheit Strahlende Haut Trainingsregeneration \u00a0Alle diese Vorteile sind entscheidend f\u00fcr gesundes Altern. Sie helfen dabei, die Gesamtgesundheit zu st\u00e4rken und das Wohlbefinden zu erh\u00f6hen &#8211; beides Schl\u00fcsselkomponenten f\u00fcr ein l\u00e4ngeres, ges\u00fcnderes Leben.\u00a0 Zertifiziert von Climate Impact Partnersklimaneutrales Produkt [&hellip;]<\/p>\n","protected":false},"featured_media":144127,"template":"","meta":{"_acf_changed":false},"product_brand":[],"product_cat":[801],"product_tag":[],"class_list":{"0":"post-144125","1":"product","2":"type-product","3":"status-publish","4":"has-post-thumbnail","6":"product_cat-a","7":"pa_packungsgroesse-30-stueck","9":"first","10":"instock","11":"shipping-taxable","12":"purchasable","13":"product-type-simple"},"acf":[],"_links":{"self":[{"href":"https:\/\/www.ernstbrunn-apotheke.at\/katalog\/wp-json\/wp\/v2\/product\/144125","targetHints":{"allow":["GET"]}}],"collection":[{"href":"https:\/\/www.ernstbrunn-apotheke.at\/katalog\/wp-json\/wp\/v2\/product"}],"about":[{"href":"https:\/\/www.ernstbrunn-apotheke.at\/katalog\/wp-json\/wp\/v2\/types\/product"}],"wp:featuredmedia":[{"embeddable":true,"href":"https:\/\/www.ernstbrunn-apotheke.at\/katalog\/wp-json\/wp\/v2\/media\/144127"}],"wp:attachment":[{"href":"https:\/\/www.ernstbrunn-apotheke.at\/katalog\/wp-json\/wp\/v2\/media?parent=144125"}],"wp:term":[{"taxonomy":"product_brand","embeddable":true,"href":"https:\/\/www.ernstbrunn-apotheke.at\/katalog\/wp-json\/wp\/v2\/product_brand?post=144125"},{"taxonomy":"product_cat","embeddable":true,"href":"https:\/\/www.ernstbrunn-apotheke.at\/katalog\/wp-json\/wp\/v2\/product_cat?post=144125"},{"taxonomy":"product_tag","embeddable":true,"href":"https:\/\/www.ernstbrunn-apotheke.at\/katalog\/wp-json\/wp\/v2\/product_tag?post=144125"}],"curies":[{"name":"wp","href":"https:\/\/api.w.org\/{rel}","templated":true}]}}