{"id":14412,"date":"2025-11-07T15:22:51","date_gmt":"2025-11-07T14:22:51","guid":{"rendered":"https:\/\/www.ernstbrunn-apotheke.at\/katalog\/produkt\/lemocin-lutschtabletten\/"},"modified":"2025-12-08T13:38:48","modified_gmt":"2025-12-08T12:38:48","slug":"lemocin-lutschtabletten","status":"publish","type":"product","link":"https:\/\/www.ernstbrunn-apotheke.at\/katalog\/produkt\/lemocin-lutschtabletten\/","title":{"rendered":"Lemocin Lutschtabletten"},"content":{"rendered":"<p>Lemocin wird zur unterst\u00fctzenden Behandlung bei leichten bis mittelschweren Entz\u00fcndungen des Rachenraumes und der Mundh\u00f6hle (Halsschmerzen und Entz\u00fcndungen der Mundschleimhaut) angewendet.<\/p>\n","protected":false},"excerpt":{"rendered":"<p>Lemocin wird zur unterst\u00fctzenden Behandlung bei leichten bis mittelschweren Entz\u00fcndungen des Rachenraumes und der Mundh\u00f6hle (Halsschmerzen und Entz\u00fcndungen der Mundschleimhaut) angewendet.<\/p>\n","protected":false},"featured_media":14414,"template":"","meta":{"_acf_changed":false},"product_brand":[],"product_cat":[795],"product_tag":[],"class_list":{"0":"post-14412","1":"product","2":"type-product","3":"status-publish","4":"has-post-thumbnail","6":"product_cat-l","7":"pa_packungsgroesse-20-stueck","8":"pa_packungsgroesse-50-stueck","10":"first","11":"instock","12":"shipping-taxable","13":"purchasable","14":"product-type-simple"},"acf":[],"_links":{"self":[{"href":"https:\/\/www.ernstbrunn-apotheke.at\/katalog\/wp-json\/wp\/v2\/product\/14412","targetHints":{"allow":["GET"]}}],"collection":[{"href":"https:\/\/www.ernstbrunn-apotheke.at\/katalog\/wp-json\/wp\/v2\/product"}],"about":[{"href":"https:\/\/www.ernstbrunn-apotheke.at\/katalog\/wp-json\/wp\/v2\/types\/product"}],"wp:featuredmedia":[{"embeddable":true,"href":"https:\/\/www.ernstbrunn-apotheke.at\/katalog\/wp-json\/wp\/v2\/media\/14414"}],"wp:attachment":[{"href":"https:\/\/www.ernstbrunn-apotheke.at\/katalog\/wp-json\/wp\/v2\/media?parent=14412"}],"wp:term":[{"taxonomy":"product_brand","embeddable":true,"href":"https:\/\/www.ernstbrunn-apotheke.at\/katalog\/wp-json\/wp\/v2\/product_brand?post=14412"},{"taxonomy":"product_cat","embeddable":true,"href":"https:\/\/www.ernstbrunn-apotheke.at\/katalog\/wp-json\/wp\/v2\/product_cat?post=14412"},{"taxonomy":"product_tag","embeddable":true,"href":"https:\/\/www.ernstbrunn-apotheke.at\/katalog\/wp-json\/wp\/v2\/product_tag?post=14412"}],"curies":[{"name":"wp","href":"https:\/\/api.w.org\/{rel}","templated":true}]}}