{"id":14382,"date":"2025-11-07T15:22:26","date_gmt":"2025-11-07T14:22:26","guid":{"rendered":"https:\/\/www.ernstbrunn-apotheke.at\/katalog\/produkt\/bioflora-lab-japanisches-heilpflanzenoel-30-ml\/"},"modified":"2025-12-08T13:38:43","modified_gmt":"2025-12-08T12:38:43","slug":"bioflora-lab-japanisches-heilpflanzenoel-30-ml","status":"publish","type":"product","link":"https:\/\/www.ernstbrunn-apotheke.at\/katalog\/produkt\/bioflora-lab-japanisches-heilpflanzenoel-30-ml\/","title":{"rendered":"Bioflora LAB  Japanisches Heilpflanzen\u00f6l 30 ml"},"content":{"rendered":"<p>Bioflora Japanisches Heilpflanzen\u00f6l hilft gegen Erk\u00e4ltung, Kopfschmerzen und zum Anregen der Verdauung.<\/p>\n","protected":false},"excerpt":{"rendered":"<p>Bioflora Japanisches Heilpflanzen\u00f6l hilft gegen Erk\u00e4ltung, Kopfschmerzen und zum Anregen der Verdauung.<\/p>\n","protected":false},"featured_media":14384,"template":"","meta":{"_acf_changed":false},"product_brand":[434],"product_cat":[802],"product_tag":[],"class_list":{"0":"post-14382","1":"product","2":"type-product","3":"status-publish","4":"has-post-thumbnail","6":"product_brand-bioflora-lab","7":"product_cat-b","8":"pa_packungsgroesse-30ml","10":"first","11":"instock","12":"shipping-taxable","13":"purchasable","14":"product-type-simple"},"acf":[],"_links":{"self":[{"href":"https:\/\/www.ernstbrunn-apotheke.at\/katalog\/wp-json\/wp\/v2\/product\/14382","targetHints":{"allow":["GET"]}}],"collection":[{"href":"https:\/\/www.ernstbrunn-apotheke.at\/katalog\/wp-json\/wp\/v2\/product"}],"about":[{"href":"https:\/\/www.ernstbrunn-apotheke.at\/katalog\/wp-json\/wp\/v2\/types\/product"}],"wp:featuredmedia":[{"embeddable":true,"href":"https:\/\/www.ernstbrunn-apotheke.at\/katalog\/wp-json\/wp\/v2\/media\/14384"}],"wp:attachment":[{"href":"https:\/\/www.ernstbrunn-apotheke.at\/katalog\/wp-json\/wp\/v2\/media?parent=14382"}],"wp:term":[{"taxonomy":"product_brand","embeddable":true,"href":"https:\/\/www.ernstbrunn-apotheke.at\/katalog\/wp-json\/wp\/v2\/product_brand?post=14382"},{"taxonomy":"product_cat","embeddable":true,"href":"https:\/\/www.ernstbrunn-apotheke.at\/katalog\/wp-json\/wp\/v2\/product_cat?post=14382"},{"taxonomy":"product_tag","embeddable":true,"href":"https:\/\/www.ernstbrunn-apotheke.at\/katalog\/wp-json\/wp\/v2\/product_tag?post=14382"}],"curies":[{"name":"wp","href":"https:\/\/api.w.org\/{rel}","templated":true}]}}