{"id":14350,"date":"2025-11-07T15:21:45","date_gmt":"2025-11-07T14:21:45","guid":{"rendered":"https:\/\/www.ernstbrunn-apotheke.at\/katalog\/produkt\/xenofit-zinkaktiv-c-vitamin-c-granulat-10-stk\/"},"modified":"2025-12-08T13:38:37","modified_gmt":"2025-12-08T12:38:37","slug":"xenofit-zinkaktiv-c-vitamin-c-granulat-10-stk","status":"publish","type":"product","link":"https:\/\/www.ernstbrunn-apotheke.at\/katalog\/produkt\/xenofit-zinkaktiv-c-vitamin-c-granulat-10-stk\/","title":{"rendered":"Xenofit Zinkaktiv C Vitamin C Granulat 10 Stk."},"content":{"rendered":"<p>Xenofit Zinkaktiv C Vitamin C Granulat schmecken je nach Wetterlage hei\u00df oder kalt serviert. Die besondere Zusammensetzung macht es m\u00f6glich, dass wertvolles Vitamin C auch hei\u00df zubereitet nicht verloren geht. Gerade in Belastungsphasen und Zeiten eines generell erh\u00f6hten Bedarfs brauchen wir viel Vitamin C. Vitamin C ist t\u00e4glich f\u00fcr ein normales Immunsystem wichtig, aber auch von gro\u00dfer Bedeutung f\u00fcr gesunde Haut, Knochen, Z\u00e4hne und viele Stoffwechselvorg\u00e4nge, die in unserem K\u00f6rper ablaufen \u2013 jetzt bestellen!<\/p>\n","protected":false},"excerpt":{"rendered":"<p>Xenofit Zinkaktiv C Vitamin C Granulat schmecken je nach Wetterlage hei\u00df oder kalt serviert. Die besondere Zusammensetzung macht es m\u00f6glich, dass wertvolles Vitamin C auch hei\u00df zubereitet nicht verloren geht. Gerade in Belastungsphasen und Zeiten eines generell erh\u00f6hten Bedarfs brauchen wir viel Vitamin C. Vitamin C ist t\u00e4glich f\u00fcr ein normales Immunsystem wichtig, aber auch [&hellip;]<\/p>\n","protected":false},"featured_media":14352,"template":"","meta":{"_acf_changed":false},"product_brand":[],"product_cat":[950],"product_tag":[],"class_list":{"0":"post-14350","1":"product","2":"type-product","3":"status-publish","4":"has-post-thumbnail","6":"product_cat-x","7":"pa_geschmack-grapefruit","8":"pa_packungsgroesse-10-stueck","10":"first","11":"instock","12":"shipping-taxable","13":"purchasable","14":"product-type-simple"},"acf":[],"_links":{"self":[{"href":"https:\/\/www.ernstbrunn-apotheke.at\/katalog\/wp-json\/wp\/v2\/product\/14350","targetHints":{"allow":["GET"]}}],"collection":[{"href":"https:\/\/www.ernstbrunn-apotheke.at\/katalog\/wp-json\/wp\/v2\/product"}],"about":[{"href":"https:\/\/www.ernstbrunn-apotheke.at\/katalog\/wp-json\/wp\/v2\/types\/product"}],"wp:featuredmedia":[{"embeddable":true,"href":"https:\/\/www.ernstbrunn-apotheke.at\/katalog\/wp-json\/wp\/v2\/media\/14352"}],"wp:attachment":[{"href":"https:\/\/www.ernstbrunn-apotheke.at\/katalog\/wp-json\/wp\/v2\/media?parent=14350"}],"wp:term":[{"taxonomy":"product_brand","embeddable":true,"href":"https:\/\/www.ernstbrunn-apotheke.at\/katalog\/wp-json\/wp\/v2\/product_brand?post=14350"},{"taxonomy":"product_cat","embeddable":true,"href":"https:\/\/www.ernstbrunn-apotheke.at\/katalog\/wp-json\/wp\/v2\/product_cat?post=14350"},{"taxonomy":"product_tag","embeddable":true,"href":"https:\/\/www.ernstbrunn-apotheke.at\/katalog\/wp-json\/wp\/v2\/product_tag?post=14350"}],"curies":[{"name":"wp","href":"https:\/\/api.w.org\/{rel}","templated":true}]}}