{"id":143402,"date":"2025-11-14T23:03:09","date_gmt":"2025-11-14T22:03:09","guid":{"rendered":"https:\/\/www.ernstbrunn-apotheke.at\/katalog\/produkt\/phyto-phytocyane-men-anti-haarausfall\/"},"modified":"2025-12-09T10:48:08","modified_gmt":"2025-12-09T09:48:08","slug":"phyto-phytocyane-men-anti-haarausfall","status":"publish","type":"product","link":"https:\/\/www.ernstbrunn-apotheke.at\/katalog\/produkt\/phyto-phytocyane-men-anti-haarausfall\/","title":{"rendered":"Phyto  Phytocyane Men &#8211; Anti Haarausfall"},"content":{"rendered":"<p>STARKER HAARAUSFALL, ALTERS ODER\u00a0&#8211; Erblich bedingt<\/p>\n<h1 data-v-fa98dd34=\"\">PHYTOCYANE BEHANDLUNG GEGEN HAARAUSFALL &#8211;<\/h1>\n<h1 data-v-fa98dd34=\"\">M\u00c4NNER<\/h1>\n<p>F\u00fcr eine ganzheitliche Behandlung: Bestellen Sie 3 Packungen.<\/p>\n<p>Dreifach wirksame Anti-Haarausfall-Behandlung zur Behandlung von Haarausfall und zur Stimulierung des Wachstums von dickerem Haar.<\/p>\n<p>Diese Behandlung richtet sich an M\u00e4nner mit alters- oder erblich bedingtem, starkem Haarausfall. Porgressiver Haarausfall, gekennzeichnet durch d\u00fcnner werdendes Haar an den betroffenen Stellen: Schl\u00e4fen, Geheimratsecken, Oberkopf seit mehr als 6 Monaten.<\/p>\n<p><strong>95% Inhaltsstoffe nat\u00fcrlichen Ursprungs<\/strong>, angereichert mit einem patentierten Maca-Extrakt, einer biovektorisierten Aminos\u00e4ure und einem patentierten Shiitak\u00e9-Extrakt.<\/p>\n<p>Nicht aussp\u00fclbar, nicht fettend, nicht klebend.<\/p>\n","protected":false},"excerpt":{"rendered":"<p>STARKER HAARAUSFALL, ALTERS ODER\u00a0&#8211; Erblich bedingt PHYTOCYANE BEHANDLUNG GEGEN HAARAUSFALL &#8211; M\u00c4NNER F\u00fcr eine ganzheitliche Behandlung: Bestellen Sie 3 Packungen. Dreifach wirksame Anti-Haarausfall-Behandlung zur Behandlung von Haarausfall und zur Stimulierung des Wachstums von dickerem Haar. Diese Behandlung richtet sich an M\u00e4nner mit alters- oder erblich bedingtem, starkem Haarausfall. Porgressiver Haarausfall, gekennzeichnet durch d\u00fcnner werdendes Haar [&hellip;]<\/p>\n","protected":false},"featured_media":143404,"template":"","meta":{"_acf_changed":false},"product_brand":[732],"product_cat":[793],"product_tag":[],"class_list":{"0":"post-143402","1":"product","2":"type-product","3":"status-publish","4":"has-post-thumbnail","6":"product_brand-phyto","7":"product_cat-p","8":"pa_packungsgroesse-12-stueck","10":"first","11":"instock","12":"shipping-taxable","13":"purchasable","14":"product-type-simple"},"acf":[],"_links":{"self":[{"href":"https:\/\/www.ernstbrunn-apotheke.at\/katalog\/wp-json\/wp\/v2\/product\/143402","targetHints":{"allow":["GET"]}}],"collection":[{"href":"https:\/\/www.ernstbrunn-apotheke.at\/katalog\/wp-json\/wp\/v2\/product"}],"about":[{"href":"https:\/\/www.ernstbrunn-apotheke.at\/katalog\/wp-json\/wp\/v2\/types\/product"}],"wp:featuredmedia":[{"embeddable":true,"href":"https:\/\/www.ernstbrunn-apotheke.at\/katalog\/wp-json\/wp\/v2\/media\/143404"}],"wp:attachment":[{"href":"https:\/\/www.ernstbrunn-apotheke.at\/katalog\/wp-json\/wp\/v2\/media?parent=143402"}],"wp:term":[{"taxonomy":"product_brand","embeddable":true,"href":"https:\/\/www.ernstbrunn-apotheke.at\/katalog\/wp-json\/wp\/v2\/product_brand?post=143402"},{"taxonomy":"product_cat","embeddable":true,"href":"https:\/\/www.ernstbrunn-apotheke.at\/katalog\/wp-json\/wp\/v2\/product_cat?post=143402"},{"taxonomy":"product_tag","embeddable":true,"href":"https:\/\/www.ernstbrunn-apotheke.at\/katalog\/wp-json\/wp\/v2\/product_tag?post=143402"}],"curies":[{"name":"wp","href":"https:\/\/api.w.org\/{rel}","templated":true}]}}