{"id":14335,"date":"2025-11-07T15:21:45","date_gmt":"2025-11-07T14:21:45","guid":{"rendered":"https:\/\/www.ernstbrunn-apotheke.at\/katalog\/produkt\/xenofit-heisses-c-granulat-10-stk\/"},"modified":"2025-12-08T13:38:35","modified_gmt":"2025-12-08T12:38:35","slug":"xenofit-heisses-c-granulat-10-stk","status":"publish","type":"product","link":"https:\/\/www.ernstbrunn-apotheke.at\/katalog\/produkt\/xenofit-heisses-c-granulat-10-stk\/","title":{"rendered":"Xenofit Hei\u00dfes C-Granulat 10 Stk."},"content":{"rendered":"<p>Xenofit Heisses C-Granulat im Beutel ist ein Nahrungserg\u00e4nzungsmittel, das eine ausreichende Versorgung an Vitamin C f\u00fcr die ganze Familie garantiert.<\/p>\n","protected":false},"excerpt":{"rendered":"<p>Xenofit Heisses C-Granulat im Beutel ist ein Nahrungserg\u00e4nzungsmittel, das eine ausreichende Versorgung an Vitamin C f\u00fcr die ganze Familie garantiert.<\/p>\n","protected":false},"featured_media":14337,"template":"","meta":{"_acf_changed":false},"product_brand":[],"product_cat":[950],"product_tag":[],"class_list":{"0":"post-14335","1":"product","2":"type-product","3":"status-publish","4":"has-post-thumbnail","6":"product_cat-x","7":"pa_geschmack-zitrone","8":"pa_packungsgroesse-10-beutel","10":"first","11":"instock","12":"shipping-taxable","13":"purchasable","14":"product-type-simple"},"acf":[],"_links":{"self":[{"href":"https:\/\/www.ernstbrunn-apotheke.at\/katalog\/wp-json\/wp\/v2\/product\/14335","targetHints":{"allow":["GET"]}}],"collection":[{"href":"https:\/\/www.ernstbrunn-apotheke.at\/katalog\/wp-json\/wp\/v2\/product"}],"about":[{"href":"https:\/\/www.ernstbrunn-apotheke.at\/katalog\/wp-json\/wp\/v2\/types\/product"}],"wp:featuredmedia":[{"embeddable":true,"href":"https:\/\/www.ernstbrunn-apotheke.at\/katalog\/wp-json\/wp\/v2\/media\/14337"}],"wp:attachment":[{"href":"https:\/\/www.ernstbrunn-apotheke.at\/katalog\/wp-json\/wp\/v2\/media?parent=14335"}],"wp:term":[{"taxonomy":"product_brand","embeddable":true,"href":"https:\/\/www.ernstbrunn-apotheke.at\/katalog\/wp-json\/wp\/v2\/product_brand?post=14335"},{"taxonomy":"product_cat","embeddable":true,"href":"https:\/\/www.ernstbrunn-apotheke.at\/katalog\/wp-json\/wp\/v2\/product_cat?post=14335"},{"taxonomy":"product_tag","embeddable":true,"href":"https:\/\/www.ernstbrunn-apotheke.at\/katalog\/wp-json\/wp\/v2\/product_tag?post=14335"}],"curies":[{"name":"wp","href":"https:\/\/api.w.org\/{rel}","templated":true}]}}