{"id":143326,"date":"2025-11-14T23:01:19","date_gmt":"2025-11-14T22:01:19","guid":{"rendered":"https:\/\/www.ernstbrunn-apotheke.at\/katalog\/produkt\/madara-acne-hydra-fluid\/"},"modified":"2025-12-09T10:47:54","modified_gmt":"2025-12-09T09:47:54","slug":"madara-acne-hydra-fluid","status":"publish","type":"product","link":"https:\/\/www.ernstbrunn-apotheke.at\/katalog\/produkt\/madara-acne-hydra-fluid\/","title":{"rendered":"Madara ACNE Hydra Fluid"},"content":{"rendered":"<p>Das leichte Hydra-Derm Balancing Fluid versorgt die Haut mit ausreichend Feuchtigkeit und hilft gleichzeitig das Hautbild von Teenagern und Erwachsenen zu verbessern. Die besondere Kombination aus Stammzellen des Wacholders, Flechten-Extrakten und Mat\u00e9-Tee liefern hautberuhigende Extrakte und sch\u00fctzen vor sch\u00e4dlichen Umwelteinfl\u00fcssen. Au\u00dferdem h\u00e4lt die Rezeptur das hauteigene Mikrobiom im Gleichgewicht, verfeinert die Poren und verleiht einen klaren, gesunden Teint.<\/p>\n<p><strong>Anwendung:<\/strong> Morgens und abends auf die saubere Haut auftragen.<\/p>\n","protected":false},"excerpt":{"rendered":"<p>Das leichte Hydra-Derm Balancing Fluid versorgt die Haut mit ausreichend Feuchtigkeit und hilft gleichzeitig das Hautbild von Teenagern und Erwachsenen zu verbessern. Die besondere Kombination aus Stammzellen des Wacholders, Flechten-Extrakten und Mat\u00e9-Tee liefern hautberuhigende Extrakte und sch\u00fctzen vor sch\u00e4dlichen Umwelteinfl\u00fcssen. Au\u00dferdem h\u00e4lt die Rezeptur das hauteigene Mikrobiom im Gleichgewicht, verfeinert die Poren und verleiht einen [&hellip;]<\/p>\n","protected":false},"featured_media":143328,"template":"","meta":{"_acf_changed":false},"product_brand":[1253],"product_cat":[800],"product_tag":[],"class_list":{"0":"post-143326","1":"product","2":"type-product","3":"status-publish","4":"has-post-thumbnail","6":"product_brand-madara","7":"product_cat-m","8":"pa_packungsgroesse-40ml","10":"first","11":"instock","12":"shipping-taxable","13":"purchasable","14":"product-type-simple"},"acf":[],"_links":{"self":[{"href":"https:\/\/www.ernstbrunn-apotheke.at\/katalog\/wp-json\/wp\/v2\/product\/143326","targetHints":{"allow":["GET"]}}],"collection":[{"href":"https:\/\/www.ernstbrunn-apotheke.at\/katalog\/wp-json\/wp\/v2\/product"}],"about":[{"href":"https:\/\/www.ernstbrunn-apotheke.at\/katalog\/wp-json\/wp\/v2\/types\/product"}],"wp:featuredmedia":[{"embeddable":true,"href":"https:\/\/www.ernstbrunn-apotheke.at\/katalog\/wp-json\/wp\/v2\/media\/143328"}],"wp:attachment":[{"href":"https:\/\/www.ernstbrunn-apotheke.at\/katalog\/wp-json\/wp\/v2\/media?parent=143326"}],"wp:term":[{"taxonomy":"product_brand","embeddable":true,"href":"https:\/\/www.ernstbrunn-apotheke.at\/katalog\/wp-json\/wp\/v2\/product_brand?post=143326"},{"taxonomy":"product_cat","embeddable":true,"href":"https:\/\/www.ernstbrunn-apotheke.at\/katalog\/wp-json\/wp\/v2\/product_cat?post=143326"},{"taxonomy":"product_tag","embeddable":true,"href":"https:\/\/www.ernstbrunn-apotheke.at\/katalog\/wp-json\/wp\/v2\/product_tag?post=143326"}],"curies":[{"name":"wp","href":"https:\/\/api.w.org\/{rel}","templated":true}]}}