{"id":143323,"date":"2025-11-14T23:01:01","date_gmt":"2025-11-14T22:01:01","guid":{"rendered":"https:\/\/www.ernstbrunn-apotheke.at\/katalog\/produkt\/madara-acne-sebum-control-klaerende-gesichtsreinigung\/"},"modified":"2025-12-09T10:47:54","modified_gmt":"2025-12-09T09:47:54","slug":"madara-acne-sebum-control-klaerende-gesichtsreinigung","status":"publish","type":"product","link":"https:\/\/www.ernstbrunn-apotheke.at\/katalog\/produkt\/madara-acne-sebum-control-klaerende-gesichtsreinigung\/","title":{"rendered":"Madara ACNE Sebum Control Kl\u00e4rende Gesichtsreinigung"},"content":{"rendered":"<p>Diese sanfte Gesichtsreinigung kl\u00e4rt die Haut, ohne sie auszutrocknen. Die milden Tenside reinigen zuverl\u00e4ssig, erfrischen die Haut und sorgen f\u00fcr mehr Balance. Fermentierte Polysaccharide regulieren das Sebum, w\u00e4hrend Stammzellen des Wacholers und Extrakte aus Flechten sowie Mat\u00e9-Tee helfen die Haut zu beruhigen. Das Hautbild wirkt sichtlich gekl\u00e4rt und Mitesser oder Unreinheiten haben keine Chance mehr.<\/p>\n<p><strong>Anwendung:<\/strong><\/p>\n<ul>\n<li>Etwas Reiniger auf die feuchte Haut auftragen und abwaschen.<\/li>\n<li>Im Anschluss eine Feuchtigkeitscreme auftragen.<\/li>\n<\/ul>\n","protected":false},"excerpt":{"rendered":"<p>Diese sanfte Gesichtsreinigung kl\u00e4rt die Haut, ohne sie auszutrocknen. Die milden Tenside reinigen zuverl\u00e4ssig, erfrischen die Haut und sorgen f\u00fcr mehr Balance. Fermentierte Polysaccharide regulieren das Sebum, w\u00e4hrend Stammzellen des Wacholers und Extrakte aus Flechten sowie Mat\u00e9-Tee helfen die Haut zu beruhigen. Das Hautbild wirkt sichtlich gekl\u00e4rt und Mitesser oder Unreinheiten haben keine Chance mehr. [&hellip;]<\/p>\n","protected":false},"featured_media":143325,"template":"","meta":{"_acf_changed":false},"product_brand":[1253],"product_cat":[800],"product_tag":[],"class_list":{"0":"post-143323","1":"product","2":"type-product","3":"status-publish","4":"has-post-thumbnail","6":"product_brand-madara","7":"product_cat-m","8":"pa_packungsgroesse-140ml","10":"first","11":"instock","12":"shipping-taxable","13":"purchasable","14":"product-type-simple"},"acf":[],"_links":{"self":[{"href":"https:\/\/www.ernstbrunn-apotheke.at\/katalog\/wp-json\/wp\/v2\/product\/143323","targetHints":{"allow":["GET"]}}],"collection":[{"href":"https:\/\/www.ernstbrunn-apotheke.at\/katalog\/wp-json\/wp\/v2\/product"}],"about":[{"href":"https:\/\/www.ernstbrunn-apotheke.at\/katalog\/wp-json\/wp\/v2\/types\/product"}],"wp:featuredmedia":[{"embeddable":true,"href":"https:\/\/www.ernstbrunn-apotheke.at\/katalog\/wp-json\/wp\/v2\/media\/143325"}],"wp:attachment":[{"href":"https:\/\/www.ernstbrunn-apotheke.at\/katalog\/wp-json\/wp\/v2\/media?parent=143323"}],"wp:term":[{"taxonomy":"product_brand","embeddable":true,"href":"https:\/\/www.ernstbrunn-apotheke.at\/katalog\/wp-json\/wp\/v2\/product_brand?post=143323"},{"taxonomy":"product_cat","embeddable":true,"href":"https:\/\/www.ernstbrunn-apotheke.at\/katalog\/wp-json\/wp\/v2\/product_cat?post=143323"},{"taxonomy":"product_tag","embeddable":true,"href":"https:\/\/www.ernstbrunn-apotheke.at\/katalog\/wp-json\/wp\/v2\/product_tag?post=143323"}],"curies":[{"name":"wp","href":"https:\/\/api.w.org\/{rel}","templated":true}]}}