{"id":14322,"date":"2025-11-07T15:21:31","date_gmt":"2025-11-07T14:21:31","guid":{"rendered":"https:\/\/www.ernstbrunn-apotheke.at\/katalog\/produkt\/dr-ehrenberger-sternanis-kapseln-bio-90-stk\/"},"modified":"2025-12-08T13:38:31","modified_gmt":"2025-12-08T12:38:31","slug":"dr-ehrenberger-sternanis-kapseln-bio-90-stk","status":"publish","type":"product","link":"https:\/\/www.ernstbrunn-apotheke.at\/katalog\/produkt\/dr-ehrenberger-sternanis-kapseln-bio-90-stk\/","title":{"rendered":"Dr. Ehrenberger Sternanis Kapseln BIO 90 Stk."},"content":{"rendered":"<p>Dr. Ehrenberger Sternanis Kapseln BIO bietet das gesamte Spektrum des Sternanis. Er ist f\u00fcr die ganze Familie geeignet und selbst Schwangere und M\u00fctter die stillen d\u00fcrfen Sternanis einnehmen. Das Produkt enth\u00e4lt zu 100% biologische Inhaltsstoffe.<\/p>\n","protected":false},"excerpt":{"rendered":"<p>Dr. Ehrenberger Sternanis Kapseln BIO bietet das gesamte Spektrum des Sternanis. Er ist f\u00fcr die ganze Familie geeignet und selbst Schwangere und M\u00fctter die stillen d\u00fcrfen Sternanis einnehmen. Das Produkt enth\u00e4lt zu 100% biologische Inhaltsstoffe.<\/p>\n","protected":false},"featured_media":14324,"template":"","meta":{"_acf_changed":false},"product_brand":[509],"product_cat":[792],"product_tag":[],"class_list":{"0":"post-14322","1":"product","2":"type-product","3":"status-publish","4":"has-post-thumbnail","6":"product_brand-dr-ehrenberger","7":"product_cat-d","8":"pa_packungsgroesse-90-stueck","10":"first","11":"instock","12":"shipping-taxable","13":"purchasable","14":"product-type-simple"},"acf":[],"_links":{"self":[{"href":"https:\/\/www.ernstbrunn-apotheke.at\/katalog\/wp-json\/wp\/v2\/product\/14322","targetHints":{"allow":["GET"]}}],"collection":[{"href":"https:\/\/www.ernstbrunn-apotheke.at\/katalog\/wp-json\/wp\/v2\/product"}],"about":[{"href":"https:\/\/www.ernstbrunn-apotheke.at\/katalog\/wp-json\/wp\/v2\/types\/product"}],"wp:featuredmedia":[{"embeddable":true,"href":"https:\/\/www.ernstbrunn-apotheke.at\/katalog\/wp-json\/wp\/v2\/media\/14324"}],"wp:attachment":[{"href":"https:\/\/www.ernstbrunn-apotheke.at\/katalog\/wp-json\/wp\/v2\/media?parent=14322"}],"wp:term":[{"taxonomy":"product_brand","embeddable":true,"href":"https:\/\/www.ernstbrunn-apotheke.at\/katalog\/wp-json\/wp\/v2\/product_brand?post=14322"},{"taxonomy":"product_cat","embeddable":true,"href":"https:\/\/www.ernstbrunn-apotheke.at\/katalog\/wp-json\/wp\/v2\/product_cat?post=14322"},{"taxonomy":"product_tag","embeddable":true,"href":"https:\/\/www.ernstbrunn-apotheke.at\/katalog\/wp-json\/wp\/v2\/product_tag?post=14322"}],"curies":[{"name":"wp","href":"https:\/\/api.w.org\/{rel}","templated":true}]}}