{"id":143163,"date":"2025-11-14T22:57:05","date_gmt":"2025-11-14T21:57:05","guid":{"rendered":"https:\/\/www.ernstbrunn-apotheke.at\/katalog\/produkt\/madara-grow-volume-shampoo-250-ml\/"},"modified":"2025-12-09T10:47:18","modified_gmt":"2025-12-09T09:47:18","slug":"madara-grow-volume-shampoo-250-ml","status":"publish","type":"product","link":"https:\/\/www.ernstbrunn-apotheke.at\/katalog\/produkt\/madara-grow-volume-shampoo-250-ml\/","title":{"rendered":"Madara Grow Volume Shampoo 250 ml"},"content":{"rendered":"<p>Grow Volume Shampoo &#8211; starten Sie einen Tag der guten Haare mit diesem Shampoo basierend auf Koffein, Zink und Pilzen, reich an Vitamin F \u00fcr den Haarwuchs Niacin und Panthenol f\u00fcr dickeres Haar. Reaktiviert Ihre Kopfhaut ,reinigt Ihr Haar und macht es weich, glatt und volumin\u00f6s.<\/p>\n","protected":false},"excerpt":{"rendered":"<p>Grow Volume Shampoo &#8211; starten Sie einen Tag der guten Haare mit diesem Shampoo basierend auf Koffein, Zink und Pilzen, reich an Vitamin F \u00fcr den Haarwuchs Niacin und Panthenol f\u00fcr dickeres Haar. Reaktiviert Ihre Kopfhaut ,reinigt Ihr Haar und macht es weich, glatt und volumin\u00f6s.<\/p>\n","protected":false},"featured_media":143165,"template":"","meta":{"_acf_changed":false},"product_brand":[1253],"product_cat":[800],"product_tag":[],"class_list":{"0":"post-143163","1":"product","2":"type-product","3":"status-publish","4":"has-post-thumbnail","6":"product_brand-madara","7":"product_cat-m","8":"pa_packungsgroesse-250ml","10":"first","11":"instock","12":"shipping-taxable","13":"purchasable","14":"product-type-simple"},"acf":[],"_links":{"self":[{"href":"https:\/\/www.ernstbrunn-apotheke.at\/katalog\/wp-json\/wp\/v2\/product\/143163","targetHints":{"allow":["GET"]}}],"collection":[{"href":"https:\/\/www.ernstbrunn-apotheke.at\/katalog\/wp-json\/wp\/v2\/product"}],"about":[{"href":"https:\/\/www.ernstbrunn-apotheke.at\/katalog\/wp-json\/wp\/v2\/types\/product"}],"wp:featuredmedia":[{"embeddable":true,"href":"https:\/\/www.ernstbrunn-apotheke.at\/katalog\/wp-json\/wp\/v2\/media\/143165"}],"wp:attachment":[{"href":"https:\/\/www.ernstbrunn-apotheke.at\/katalog\/wp-json\/wp\/v2\/media?parent=143163"}],"wp:term":[{"taxonomy":"product_brand","embeddable":true,"href":"https:\/\/www.ernstbrunn-apotheke.at\/katalog\/wp-json\/wp\/v2\/product_brand?post=143163"},{"taxonomy":"product_cat","embeddable":true,"href":"https:\/\/www.ernstbrunn-apotheke.at\/katalog\/wp-json\/wp\/v2\/product_cat?post=143163"},{"taxonomy":"product_tag","embeddable":true,"href":"https:\/\/www.ernstbrunn-apotheke.at\/katalog\/wp-json\/wp\/v2\/product_tag?post=143163"}],"curies":[{"name":"wp","href":"https:\/\/api.w.org\/{rel}","templated":true}]}}