{"id":14316,"date":"2025-11-07T15:21:31","date_gmt":"2025-11-07T14:21:31","guid":{"rendered":"https:\/\/www.ernstbrunn-apotheke.at\/katalog\/produkt\/a-vogel-echinaforce-hot-drink-100-ml\/"},"modified":"2025-12-08T13:38:30","modified_gmt":"2025-12-08T12:38:30","slug":"a-vogel-echinaforce-hot-drink-100-ml","status":"publish","type":"product","link":"https:\/\/www.ernstbrunn-apotheke.at\/katalog\/produkt\/a-vogel-echinaforce-hot-drink-100-ml\/","title":{"rendered":"A.Vogel Echinaforce Hot Drink 100 ml"},"content":{"rendered":"<p>A.Vogel Echinaforce Hot Drink 100 ml ist ein Frischpflanzen-Pr\u00e4parat und wird aus dem frischen, bl\u00fchenden Kraut und den frischen Wurzeln von Rotem Sonnenhut hergestellt. Der Drink dient traditionsgem\u00e4\u00df der kurzfristigen Behandlung von Erk\u00e4ltungskrankheiten sowie zur Vorbeigung bei Anf\u00e4lligkeit gegen Erk\u00e4ltungskrankheiten &#8211;<\/p>\n","protected":false},"excerpt":{"rendered":"<p>A.Vogel Echinaforce Hot Drink 100 ml ist ein Frischpflanzen-Pr\u00e4parat und wird aus dem frischen, bl\u00fchenden Kraut und den frischen Wurzeln von Rotem Sonnenhut hergestellt. Der Drink dient traditionsgem\u00e4\u00df der kurzfristigen Behandlung von Erk\u00e4ltungskrankheiten sowie zur Vorbeigung bei Anf\u00e4lligkeit gegen Erk\u00e4ltungskrankheiten &#8211;<\/p>\n","protected":false},"featured_media":14318,"template":"","meta":{"_acf_changed":false},"product_brand":[],"product_cat":[801],"product_tag":[],"class_list":{"0":"post-14316","1":"product","2":"type-product","3":"status-publish","4":"has-post-thumbnail","6":"product_cat-a","7":"pa_geschmack-holunder","8":"pa_packungsgroesse-100ml","10":"first","11":"instock","12":"shipping-taxable","13":"purchasable","14":"product-type-simple"},"acf":[],"_links":{"self":[{"href":"https:\/\/www.ernstbrunn-apotheke.at\/katalog\/wp-json\/wp\/v2\/product\/14316","targetHints":{"allow":["GET"]}}],"collection":[{"href":"https:\/\/www.ernstbrunn-apotheke.at\/katalog\/wp-json\/wp\/v2\/product"}],"about":[{"href":"https:\/\/www.ernstbrunn-apotheke.at\/katalog\/wp-json\/wp\/v2\/types\/product"}],"wp:featuredmedia":[{"embeddable":true,"href":"https:\/\/www.ernstbrunn-apotheke.at\/katalog\/wp-json\/wp\/v2\/media\/14318"}],"wp:attachment":[{"href":"https:\/\/www.ernstbrunn-apotheke.at\/katalog\/wp-json\/wp\/v2\/media?parent=14316"}],"wp:term":[{"taxonomy":"product_brand","embeddable":true,"href":"https:\/\/www.ernstbrunn-apotheke.at\/katalog\/wp-json\/wp\/v2\/product_brand?post=14316"},{"taxonomy":"product_cat","embeddable":true,"href":"https:\/\/www.ernstbrunn-apotheke.at\/katalog\/wp-json\/wp\/v2\/product_cat?post=14316"},{"taxonomy":"product_tag","embeddable":true,"href":"https:\/\/www.ernstbrunn-apotheke.at\/katalog\/wp-json\/wp\/v2\/product_tag?post=14316"}],"curies":[{"name":"wp","href":"https:\/\/api.w.org\/{rel}","templated":true}]}}