{"id":143116,"date":"2025-11-14T22:55:51","date_gmt":"2025-11-14T21:55:51","guid":{"rendered":"https:\/\/www.ernstbrunn-apotheke.at\/katalog\/produkt\/madara-melting-cleansing-oil-100-ml\/"},"modified":"2025-12-09T10:47:09","modified_gmt":"2025-12-09T09:47:09","slug":"madara-melting-cleansing-oil-100-ml","status":"publish","type":"product","link":"https:\/\/www.ernstbrunn-apotheke.at\/katalog\/produkt\/madara-melting-cleansing-oil-100-ml\/","title":{"rendered":"Madara Melting Cleansing Oil 100 ml"},"content":{"rendered":"<p>Dieser sanfte, \u00f6l-basierte Reiniger reinigt tief jedoch delikat die trockene, dehydrierte, fragile, gestresste und alternde Haut. Perfekt, um Foundation oder mineralischen Sonnenschutz zu entfernen. Die schmelzende Textur ist superleicht abzuwaschen. Kann als erster Schritt der Doppelreinigung genutzt werden. F\u00fcr den Gebrauch um die Augen geeignet. Entfernt Unreinheiten und Make-Up ohne die Haut zu irritieren oder die nat\u00fcrliche Schutzbarriere der Haut anzukratzen. Leicht abzuwaschen &#8211; Die Textur ist soft und schmelzend. N\u00e4hrt, gl\u00e4ttet und beruhigt die Haut.<\/p>\n","protected":false},"excerpt":{"rendered":"<p>Dieser sanfte, \u00f6l-basierte Reiniger reinigt tief jedoch delikat die trockene, dehydrierte, fragile, gestresste und alternde Haut. Perfekt, um Foundation oder mineralischen Sonnenschutz zu entfernen. Die schmelzende Textur ist superleicht abzuwaschen. Kann als erster Schritt der Doppelreinigung genutzt werden. F\u00fcr den Gebrauch um die Augen geeignet. Entfernt Unreinheiten und Make-Up ohne die Haut zu irritieren oder [&hellip;]<\/p>\n","protected":false},"featured_media":143118,"template":"","meta":{"_acf_changed":false},"product_brand":[1253],"product_cat":[800],"product_tag":[],"class_list":{"0":"post-143116","1":"product","2":"type-product","3":"status-publish","4":"has-post-thumbnail","6":"product_brand-madara","7":"product_cat-m","8":"pa_packungsgroesse-100ml","10":"first","11":"instock","12":"shipping-taxable","13":"purchasable","14":"product-type-simple"},"acf":[],"_links":{"self":[{"href":"https:\/\/www.ernstbrunn-apotheke.at\/katalog\/wp-json\/wp\/v2\/product\/143116","targetHints":{"allow":["GET"]}}],"collection":[{"href":"https:\/\/www.ernstbrunn-apotheke.at\/katalog\/wp-json\/wp\/v2\/product"}],"about":[{"href":"https:\/\/www.ernstbrunn-apotheke.at\/katalog\/wp-json\/wp\/v2\/types\/product"}],"wp:featuredmedia":[{"embeddable":true,"href":"https:\/\/www.ernstbrunn-apotheke.at\/katalog\/wp-json\/wp\/v2\/media\/143118"}],"wp:attachment":[{"href":"https:\/\/www.ernstbrunn-apotheke.at\/katalog\/wp-json\/wp\/v2\/media?parent=143116"}],"wp:term":[{"taxonomy":"product_brand","embeddable":true,"href":"https:\/\/www.ernstbrunn-apotheke.at\/katalog\/wp-json\/wp\/v2\/product_brand?post=143116"},{"taxonomy":"product_cat","embeddable":true,"href":"https:\/\/www.ernstbrunn-apotheke.at\/katalog\/wp-json\/wp\/v2\/product_cat?post=143116"},{"taxonomy":"product_tag","embeddable":true,"href":"https:\/\/www.ernstbrunn-apotheke.at\/katalog\/wp-json\/wp\/v2\/product_tag?post=143116"}],"curies":[{"name":"wp","href":"https:\/\/api.w.org\/{rel}","templated":true}]}}