{"id":143113,"date":"2025-11-14T22:55:51","date_gmt":"2025-11-14T21:55:51","guid":{"rendered":"https:\/\/www.ernstbrunn-apotheke.at\/katalog\/produkt\/madara-boost-3-minute-growth-boost-scalp-treatment-100-ml\/"},"modified":"2025-12-09T10:47:08","modified_gmt":"2025-12-09T09:47:08","slug":"madara-boost-3-minute-growth-boost-scalp-treatment-100-ml","status":"publish","type":"product","link":"https:\/\/www.ernstbrunn-apotheke.at\/katalog\/produkt\/madara-boost-3-minute-growth-boost-scalp-treatment-100-ml\/","title":{"rendered":"Madara Boost 3 minute Growth Boost Scalp Treatment 100 ml"},"content":{"rendered":"<p>Diese stimulierende Pre-Shampoo-Behandlung auf Pilzbasis mit der Anwendungszeit von 3 Minuten verleiht Ihrer Kopfhaut Energie und aktiviert sie f\u00fcr vollere und st\u00e4rkere Haare. Beugt der Alterung der Kopfhaut, Haarausfall und der Verd\u00fcnnung der Haare vor. Verleiht den Wurzeln Volumen.<\/p>\n","protected":false},"excerpt":{"rendered":"<p>Diese stimulierende Pre-Shampoo-Behandlung auf Pilzbasis mit der Anwendungszeit von 3 Minuten verleiht Ihrer Kopfhaut Energie und aktiviert sie f\u00fcr vollere und st\u00e4rkere Haare. Beugt der Alterung der Kopfhaut, Haarausfall und der Verd\u00fcnnung der Haare vor. Verleiht den Wurzeln Volumen.<\/p>\n","protected":false},"featured_media":143115,"template":"","meta":{"_acf_changed":false},"product_brand":[1253],"product_cat":[800],"product_tag":[],"class_list":{"0":"post-143113","1":"product","2":"type-product","3":"status-publish","4":"has-post-thumbnail","6":"product_brand-madara","7":"product_cat-m","8":"pa_packungsgroesse-100ml","10":"first","11":"instock","12":"shipping-taxable","13":"purchasable","14":"product-type-simple"},"acf":[],"_links":{"self":[{"href":"https:\/\/www.ernstbrunn-apotheke.at\/katalog\/wp-json\/wp\/v2\/product\/143113","targetHints":{"allow":["GET"]}}],"collection":[{"href":"https:\/\/www.ernstbrunn-apotheke.at\/katalog\/wp-json\/wp\/v2\/product"}],"about":[{"href":"https:\/\/www.ernstbrunn-apotheke.at\/katalog\/wp-json\/wp\/v2\/types\/product"}],"wp:featuredmedia":[{"embeddable":true,"href":"https:\/\/www.ernstbrunn-apotheke.at\/katalog\/wp-json\/wp\/v2\/media\/143115"}],"wp:attachment":[{"href":"https:\/\/www.ernstbrunn-apotheke.at\/katalog\/wp-json\/wp\/v2\/media?parent=143113"}],"wp:term":[{"taxonomy":"product_brand","embeddable":true,"href":"https:\/\/www.ernstbrunn-apotheke.at\/katalog\/wp-json\/wp\/v2\/product_brand?post=143113"},{"taxonomy":"product_cat","embeddable":true,"href":"https:\/\/www.ernstbrunn-apotheke.at\/katalog\/wp-json\/wp\/v2\/product_cat?post=143113"},{"taxonomy":"product_tag","embeddable":true,"href":"https:\/\/www.ernstbrunn-apotheke.at\/katalog\/wp-json\/wp\/v2\/product_tag?post=143113"}],"curies":[{"name":"wp","href":"https:\/\/api.w.org\/{rel}","templated":true}]}}