{"id":143102,"date":"2025-11-14T22:55:19","date_gmt":"2025-11-14T21:55:19","guid":{"rendered":"https:\/\/www.ernstbrunn-apotheke.at\/katalog\/produkt\/madara-bi-phase-make-up-entferner-100-ml\/"},"modified":"2025-12-09T10:47:06","modified_gmt":"2025-12-09T09:47:06","slug":"madara-bi-phase-make-up-entferner-100-ml","status":"publish","type":"product","link":"https:\/\/www.ernstbrunn-apotheke.at\/katalog\/produkt\/madara-bi-phase-make-up-entferner-100-ml\/","title":{"rendered":"Madara  BI-Phase Make-Up Entferner 100 ml"},"content":{"rendered":"<p>Dieser Make-up Entferner ist perfekt f\u00fcr Augen und Lippen Make-up Entfernung. Es l\u00f6st effektiv selbst das hartn\u00e4ckigste Make-Up (Lippenstift, wasserfester Mascara, etc.) &#8211; kein Rubbeln oder Stretchen der Haut notwendig.<\/p>\n","protected":false},"excerpt":{"rendered":"<p>Dieser Make-up Entferner ist perfekt f\u00fcr Augen und Lippen Make-up Entfernung. Es l\u00f6st effektiv selbst das hartn\u00e4ckigste Make-Up (Lippenstift, wasserfester Mascara, etc.) &#8211; kein Rubbeln oder Stretchen der Haut notwendig.<\/p>\n","protected":false},"featured_media":143104,"template":"","meta":{"_acf_changed":false},"product_brand":[1253],"product_cat":[800],"product_tag":[],"class_list":{"0":"post-143102","1":"product","2":"type-product","3":"status-publish","4":"has-post-thumbnail","6":"product_brand-madara","7":"product_cat-m","8":"pa_packungsgroesse-100ml","10":"first","11":"instock","12":"shipping-taxable","13":"purchasable","14":"product-type-simple"},"acf":[],"_links":{"self":[{"href":"https:\/\/www.ernstbrunn-apotheke.at\/katalog\/wp-json\/wp\/v2\/product\/143102","targetHints":{"allow":["GET"]}}],"collection":[{"href":"https:\/\/www.ernstbrunn-apotheke.at\/katalog\/wp-json\/wp\/v2\/product"}],"about":[{"href":"https:\/\/www.ernstbrunn-apotheke.at\/katalog\/wp-json\/wp\/v2\/types\/product"}],"wp:featuredmedia":[{"embeddable":true,"href":"https:\/\/www.ernstbrunn-apotheke.at\/katalog\/wp-json\/wp\/v2\/media\/143104"}],"wp:attachment":[{"href":"https:\/\/www.ernstbrunn-apotheke.at\/katalog\/wp-json\/wp\/v2\/media?parent=143102"}],"wp:term":[{"taxonomy":"product_brand","embeddable":true,"href":"https:\/\/www.ernstbrunn-apotheke.at\/katalog\/wp-json\/wp\/v2\/product_brand?post=143102"},{"taxonomy":"product_cat","embeddable":true,"href":"https:\/\/www.ernstbrunn-apotheke.at\/katalog\/wp-json\/wp\/v2\/product_cat?post=143102"},{"taxonomy":"product_tag","embeddable":true,"href":"https:\/\/www.ernstbrunn-apotheke.at\/katalog\/wp-json\/wp\/v2\/product_tag?post=143102"}],"curies":[{"name":"wp","href":"https:\/\/api.w.org\/{rel}","templated":true}]}}