{"id":143031,"date":"2025-11-14T22:53:21","date_gmt":"2025-11-14T21:53:21","guid":{"rendered":"https:\/\/www.ernstbrunn-apotheke.at\/katalog\/produkt\/magnesium-loges\/"},"modified":"2025-12-09T10:46:56","modified_gmt":"2025-12-09T09:46:56","slug":"magnesium-loges","status":"publish","type":"product","link":"https:\/\/www.ernstbrunn-apotheke.at\/katalog\/produkt\/magnesium-loges\/","title":{"rendered":"magnesium-Loges"},"content":{"rendered":"<p><strong>Schnell<\/strong><\/p>\n<p>&#13;<\/p>\n<p>Organisches Magnesium wird dank seiner guten L\u00f6slichkeit im Vergleich zu anorganischem Magnesium besonders leicht aufgenommen und steht schnell zur direkten Verwertung bereit.<\/p>\n<p>&#13;<\/p>\n<p>\u00a0<\/p>\n<p>&#13;<\/p>\n<p><strong>Stark<\/strong><\/p>\n<p>&#13;<\/p>\n<p>Das Kraftpaket Magnesium sorgt f\u00fcr eine reibungslose Funktion des Energiestoffwechsels und unterst\u00fctzt eine gesunde Muskelfunktion sowie Eiwei\u00dfbildung. Auch die Knochen verdanken ihre St\u00e4rke unter anderem Magnesium. Dank seiner Vielseitigkeit wirkt Magnesium zus\u00e4tzlich entspannend auf das Muskel- und Nervensystem. So unterst\u00fctzt das Multitalent nach Belastungssituationen die Regeneration und das innere Wohlbefinden.<\/p>\n<p>&#13;<\/p>\n<p>\u00a0<\/p>\n<p>&#13;<\/p>\n<p><strong>Smart<\/strong><\/p>\n<p>&#13;<\/p>\n<p>Magnesium sollte in kleinen Portionen \u00fcber den Tag verteilt zugef\u00fchrt werden, da der Organismus das Mineral so besser aufnehmen kann. Zudem sind mehrere kleinere Dosen besonders vertr\u00e4glich f\u00fcr Magen und Darm. Der tats\u00e4chliche Magnesiumbedarf ist individuell und wird von vielen Lebensumst\u00e4nden beeinflusst. Daher ist magnesium-Loges vario 100 mg flexibel dosierbar.<\/p>\n","protected":false},"excerpt":{"rendered":"<p>Schnell &#13; Organisches Magnesium wird dank seiner guten L\u00f6slichkeit im Vergleich zu anorganischem Magnesium besonders leicht aufgenommen und steht schnell zur direkten Verwertung bereit. &#13; \u00a0 &#13; Stark &#13; Das Kraftpaket Magnesium sorgt f\u00fcr eine reibungslose Funktion des Energiestoffwechsels und unterst\u00fctzt eine gesunde Muskelfunktion sowie Eiwei\u00dfbildung. Auch die Knochen verdanken ihre St\u00e4rke unter anderem Magnesium. [&hellip;]<\/p>\n","protected":false},"featured_media":0,"template":"","meta":{"_acf_changed":false},"product_brand":[508],"product_cat":[800],"product_tag":[],"class_list":{"0":"post-143031","1":"product","2":"type-product","3":"status-publish","5":"product_brand-dr-loges","6":"product_cat-m","7":"pa_packungsgroesse-120-stueck","9":"first","10":"instock","11":"shipping-taxable","12":"purchasable","13":"product-type-simple"},"acf":[],"_links":{"self":[{"href":"https:\/\/www.ernstbrunn-apotheke.at\/katalog\/wp-json\/wp\/v2\/product\/143031","targetHints":{"allow":["GET"]}}],"collection":[{"href":"https:\/\/www.ernstbrunn-apotheke.at\/katalog\/wp-json\/wp\/v2\/product"}],"about":[{"href":"https:\/\/www.ernstbrunn-apotheke.at\/katalog\/wp-json\/wp\/v2\/types\/product"}],"wp:attachment":[{"href":"https:\/\/www.ernstbrunn-apotheke.at\/katalog\/wp-json\/wp\/v2\/media?parent=143031"}],"wp:term":[{"taxonomy":"product_brand","embeddable":true,"href":"https:\/\/www.ernstbrunn-apotheke.at\/katalog\/wp-json\/wp\/v2\/product_brand?post=143031"},{"taxonomy":"product_cat","embeddable":true,"href":"https:\/\/www.ernstbrunn-apotheke.at\/katalog\/wp-json\/wp\/v2\/product_cat?post=143031"},{"taxonomy":"product_tag","embeddable":true,"href":"https:\/\/www.ernstbrunn-apotheke.at\/katalog\/wp-json\/wp\/v2\/product_tag?post=143031"}],"curies":[{"name":"wp","href":"https:\/\/api.w.org\/{rel}","templated":true}]}}