{"id":143015,"date":"2025-11-14T22:52:27","date_gmt":"2025-11-14T21:52:27","guid":{"rendered":"https:\/\/www.ernstbrunn-apotheke.at\/katalog\/produkt\/ka-ex-reload-after-sport-after-party-1-x-30g\/"},"modified":"2025-12-09T10:46:54","modified_gmt":"2025-12-09T09:46:54","slug":"ka-ex-reload-after-sport-after-party-1-x-30g","status":"publish","type":"product","link":"https:\/\/www.ernstbrunn-apotheke.at\/katalog\/produkt\/ka-ex-reload-after-sport-after-party-1-x-30g\/","title":{"rendered":"KA-EX Reload After Sport \/ After Party 1 x 30g"},"content":{"rendered":"<p>Die Regenerationsphase nach dem Sport oder nach dem Feiern ist entscheidend f\u00fcr das Wohlbefinden am n\u00e4chsten Tag. KA-EX enth\u00e4lt mehr als nur Elektrolyte und ist eine wissenschaftliche Innovation aus Aminos\u00e4uren, basischen Salzen, Vitaminen, Elektrolyten und ausgew\u00e4hlten Spezialzutaten zur Einnahme in der Regenerationsphase.<br \/>Das Nahrungserg\u00e4nzungsmittel KA-EX besteht aus veganen und glutenfreien Inhaltstoffen und wird als Premium-Nahrungserg\u00e4nzungsmittel in h\u00f6chster, zertifizierter Qualit\u00e4t hergestellt.<br \/>Das Trinkpulver wird innerhalb von 2 Stunden nach dem Sport oder direkt nach dem Feiern in 300-500ml kaltem Wasser zu einem erfrischenden Getr\u00e4nk gemischt. Die praktischen KA-EX Sachets passen in jede Tasche, ob f\u00fcrs Training, im Fitness oder am Festival, immer einfach und schnell angemischt.<\/p>\n","protected":false},"excerpt":{"rendered":"<p>Die Regenerationsphase nach dem Sport oder nach dem Feiern ist entscheidend f\u00fcr das Wohlbefinden am n\u00e4chsten Tag. KA-EX enth\u00e4lt mehr als nur Elektrolyte und ist eine wissenschaftliche Innovation aus Aminos\u00e4uren, basischen Salzen, Vitaminen, Elektrolyten und ausgew\u00e4hlten Spezialzutaten zur Einnahme in der Regenerationsphase.Das Nahrungserg\u00e4nzungsmittel KA-EX besteht aus veganen und glutenfreien Inhaltstoffen und wird als Premium-Nahrungserg\u00e4nzungsmittel in [&hellip;]<\/p>\n","protected":false},"featured_media":143017,"template":"","meta":{"_acf_changed":false},"product_brand":[],"product_cat":[807],"product_tag":[],"class_list":{"0":"post-143015","1":"product","2":"type-product","3":"status-publish","4":"has-post-thumbnail","6":"product_cat-k","7":"pa_packungsgroesse-1-beutel","9":"first","10":"instock","11":"shipping-taxable","12":"purchasable","13":"product-type-simple"},"acf":[],"_links":{"self":[{"href":"https:\/\/www.ernstbrunn-apotheke.at\/katalog\/wp-json\/wp\/v2\/product\/143015","targetHints":{"allow":["GET"]}}],"collection":[{"href":"https:\/\/www.ernstbrunn-apotheke.at\/katalog\/wp-json\/wp\/v2\/product"}],"about":[{"href":"https:\/\/www.ernstbrunn-apotheke.at\/katalog\/wp-json\/wp\/v2\/types\/product"}],"wp:featuredmedia":[{"embeddable":true,"href":"https:\/\/www.ernstbrunn-apotheke.at\/katalog\/wp-json\/wp\/v2\/media\/143017"}],"wp:attachment":[{"href":"https:\/\/www.ernstbrunn-apotheke.at\/katalog\/wp-json\/wp\/v2\/media?parent=143015"}],"wp:term":[{"taxonomy":"product_brand","embeddable":true,"href":"https:\/\/www.ernstbrunn-apotheke.at\/katalog\/wp-json\/wp\/v2\/product_brand?post=143015"},{"taxonomy":"product_cat","embeddable":true,"href":"https:\/\/www.ernstbrunn-apotheke.at\/katalog\/wp-json\/wp\/v2\/product_cat?post=143015"},{"taxonomy":"product_tag","embeddable":true,"href":"https:\/\/www.ernstbrunn-apotheke.at\/katalog\/wp-json\/wp\/v2\/product_tag?post=143015"}],"curies":[{"name":"wp","href":"https:\/\/api.w.org\/{rel}","templated":true}]}}