{"id":142921,"date":"2025-11-14T22:51:03","date_gmt":"2025-11-14T21:51:03","guid":{"rendered":"https:\/\/www.ernstbrunn-apotheke.at\/katalog\/produkt\/immundoc-nasenspray-booster-20-ml\/"},"modified":"2025-12-09T10:46:45","modified_gmt":"2025-12-09T09:46:45","slug":"immundoc-nasenspray-booster-20-ml","status":"publish","type":"product","link":"https:\/\/www.ernstbrunn-apotheke.at\/katalog\/produkt\/immundoc-nasenspray-booster-20-ml\/","title":{"rendered":"immundoc Nasenspray Booster 20 ml"},"content":{"rendered":"<p>immundoc Nasenspray Boost ist eine Salzl\u00f6sung mit Lactoferrin mit abschwellender Wirkung durch osmotischen Effekt. Optimal f\u00fcr Hygiene, Befeuchtung und Schutz der Nasenschleimhaut und der oberen Atemwege vor \u00e4u\u00dferen Angriffen, lindert bei Erk\u00e4ltung und allergischer Rhinitis, Symptomen von Sinusitis, Staub und Schadstoffen.<\/p>\n","protected":false},"excerpt":{"rendered":"<p>immundoc Nasenspray Boost ist eine Salzl\u00f6sung mit Lactoferrin mit abschwellender Wirkung durch osmotischen Effekt. Optimal f\u00fcr Hygiene, Befeuchtung und Schutz der Nasenschleimhaut und der oberen Atemwege vor \u00e4u\u00dferen Angriffen, lindert bei Erk\u00e4ltung und allergischer Rhinitis, Symptomen von Sinusitis, Staub und Schadstoffen.<\/p>\n","protected":false},"featured_media":142923,"template":"","meta":{"_acf_changed":false},"product_brand":[],"product_cat":[823],"product_tag":[],"class_list":{"0":"post-142921","1":"product","2":"type-product","3":"status-publish","4":"has-post-thumbnail","6":"product_cat-i","7":"pa_packungsgroesse-20ml","9":"first","10":"instock","11":"shipping-taxable","12":"purchasable","13":"product-type-simple"},"acf":[],"_links":{"self":[{"href":"https:\/\/www.ernstbrunn-apotheke.at\/katalog\/wp-json\/wp\/v2\/product\/142921","targetHints":{"allow":["GET"]}}],"collection":[{"href":"https:\/\/www.ernstbrunn-apotheke.at\/katalog\/wp-json\/wp\/v2\/product"}],"about":[{"href":"https:\/\/www.ernstbrunn-apotheke.at\/katalog\/wp-json\/wp\/v2\/types\/product"}],"wp:featuredmedia":[{"embeddable":true,"href":"https:\/\/www.ernstbrunn-apotheke.at\/katalog\/wp-json\/wp\/v2\/media\/142923"}],"wp:attachment":[{"href":"https:\/\/www.ernstbrunn-apotheke.at\/katalog\/wp-json\/wp\/v2\/media?parent=142921"}],"wp:term":[{"taxonomy":"product_brand","embeddable":true,"href":"https:\/\/www.ernstbrunn-apotheke.at\/katalog\/wp-json\/wp\/v2\/product_brand?post=142921"},{"taxonomy":"product_cat","embeddable":true,"href":"https:\/\/www.ernstbrunn-apotheke.at\/katalog\/wp-json\/wp\/v2\/product_cat?post=142921"},{"taxonomy":"product_tag","embeddable":true,"href":"https:\/\/www.ernstbrunn-apotheke.at\/katalog\/wp-json\/wp\/v2\/product_tag?post=142921"}],"curies":[{"name":"wp","href":"https:\/\/api.w.org\/{rel}","templated":true}]}}