{"id":142832,"date":"2025-11-14T22:49:02","date_gmt":"2025-11-14T21:49:02","guid":{"rendered":"https:\/\/www.ernstbrunn-apotheke.at\/katalog\/produkt\/xailin-ha-02-augentropfen-10-ml\/"},"modified":"2025-12-09T10:46:29","modified_gmt":"2025-12-09T09:46:29","slug":"xailin-ha-02-augentropfen-10-ml","status":"publish","type":"product","link":"https:\/\/www.ernstbrunn-apotheke.at\/katalog\/produkt\/xailin-ha-02-augentropfen-10-ml\/","title":{"rendered":"Xailin HA 0,2% Augentropfen 10 ml"},"content":{"rendered":"<p>Xailin HA ist eine hochwertige k\u00fcnstliche Tr\u00e4ne mit Hyalurons\u00e4ure, die konservierungmittelfrei am Auge ist. Xailin HA besitzt eine hohe Konzentration von Hyalurons\u00e4ure (0,2%) und durch die mukoadh\u00e4siven Eigenschaften verbleibt Xailin HA lange auf der Hornhaut.Dadurch sch\u00fctzt und lindert Xailin HA die Symptome des Trockenen Auges. Die gew\u00f6hnliche Dosierung betr\u00e4gt ein bis zwei Tropfen, die nach Bedarf 2 \u2013 4 mal am Tag appliziert werden. Xailin HA \u2013 leicht anzuwenden aus der praktischen 10 ml Flasche und nach dem ersten \u00d6ffnen bis zu 4 Wochen haltbar.<\/p>\n","protected":false},"excerpt":{"rendered":"<p>Xailin HA ist eine hochwertige k\u00fcnstliche Tr\u00e4ne mit Hyalurons\u00e4ure, die konservierungmittelfrei am Auge ist. Xailin HA besitzt eine hohe Konzentration von Hyalurons\u00e4ure (0,2%) und durch die mukoadh\u00e4siven Eigenschaften verbleibt Xailin HA lange auf der Hornhaut.Dadurch sch\u00fctzt und lindert Xailin HA die Symptome des Trockenen Auges. Die gew\u00f6hnliche Dosierung betr\u00e4gt ein bis zwei Tropfen, die nach [&hellip;]<\/p>\n","protected":false},"featured_media":142834,"template":"","meta":{"_acf_changed":false},"product_brand":[],"product_cat":[950],"product_tag":[],"class_list":{"0":"post-142832","1":"product","2":"type-product","3":"status-publish","4":"has-post-thumbnail","6":"product_cat-x","7":"pa_packungsgroesse-10ml","9":"first","10":"instock","11":"shipping-taxable","12":"purchasable","13":"product-type-simple"},"acf":[],"_links":{"self":[{"href":"https:\/\/www.ernstbrunn-apotheke.at\/katalog\/wp-json\/wp\/v2\/product\/142832","targetHints":{"allow":["GET"]}}],"collection":[{"href":"https:\/\/www.ernstbrunn-apotheke.at\/katalog\/wp-json\/wp\/v2\/product"}],"about":[{"href":"https:\/\/www.ernstbrunn-apotheke.at\/katalog\/wp-json\/wp\/v2\/types\/product"}],"wp:featuredmedia":[{"embeddable":true,"href":"https:\/\/www.ernstbrunn-apotheke.at\/katalog\/wp-json\/wp\/v2\/media\/142834"}],"wp:attachment":[{"href":"https:\/\/www.ernstbrunn-apotheke.at\/katalog\/wp-json\/wp\/v2\/media?parent=142832"}],"wp:term":[{"taxonomy":"product_brand","embeddable":true,"href":"https:\/\/www.ernstbrunn-apotheke.at\/katalog\/wp-json\/wp\/v2\/product_brand?post=142832"},{"taxonomy":"product_cat","embeddable":true,"href":"https:\/\/www.ernstbrunn-apotheke.at\/katalog\/wp-json\/wp\/v2\/product_cat?post=142832"},{"taxonomy":"product_tag","embeddable":true,"href":"https:\/\/www.ernstbrunn-apotheke.at\/katalog\/wp-json\/wp\/v2\/product_tag?post=142832"}],"curies":[{"name":"wp","href":"https:\/\/api.w.org\/{rel}","templated":true}]}}