{"id":142822,"date":"2025-11-14T22:49:02","date_gmt":"2025-11-14T21:49:02","guid":{"rendered":"https:\/\/www.ernstbrunn-apotheke.at\/katalog\/produkt\/xailin-night-augensalbe-5-g\/"},"modified":"2025-12-09T10:46:29","modified_gmt":"2025-12-09T09:46:29","slug":"xailin-night-augensalbe-5-g","status":"publish","type":"product","link":"https:\/\/www.ernstbrunn-apotheke.at\/katalog\/produkt\/xailin-night-augensalbe-5-g\/","title":{"rendered":"Xailin Night Augensalbe 5 g"},"content":{"rendered":"<p>Xailin Night Augensalbe zum Schutz der Hornhaut bei trockenen Augen auch w\u00e4hrend der Nacht. Die Xailin\u00ae Produkte bieten 24 Stunden Linderung, f\u00fcr alle Schweregrade des Trockenen Auges: von Erfrischung \u00fcber Pr\u00e4vention, t\u00e4gliche Pflege bis hin zur Therapie chronischer Beschwerden. Durch seine Inhaltsstoffe in Kombination mit Konservierungsmittelfreiheit ist Xailin Night\u00ae einzigartig und enth\u00e4lt bew\u00e4hrte Inhaltstoffe: wei\u00dfe Vaseline 573 mg\/g, dickfl\u00fcssiges Paraffin 425 mg\/g und Wollwachsalkohole 2mg\/g.<\/p>\n","protected":false},"excerpt":{"rendered":"<p>Xailin Night Augensalbe zum Schutz der Hornhaut bei trockenen Augen auch w\u00e4hrend der Nacht. Die Xailin\u00ae Produkte bieten 24 Stunden Linderung, f\u00fcr alle Schweregrade des Trockenen Auges: von Erfrischung \u00fcber Pr\u00e4vention, t\u00e4gliche Pflege bis hin zur Therapie chronischer Beschwerden. Durch seine Inhaltsstoffe in Kombination mit Konservierungsmittelfreiheit ist Xailin Night\u00ae einzigartig und enth\u00e4lt bew\u00e4hrte Inhaltstoffe: wei\u00dfe [&hellip;]<\/p>\n","protected":false},"featured_media":142824,"template":"","meta":{"_acf_changed":false},"product_brand":[],"product_cat":[950],"product_tag":[],"class_list":{"0":"post-142822","1":"product","2":"type-product","3":"status-publish","4":"has-post-thumbnail","6":"product_cat-x","7":"pa_packungsgroesse-5g","9":"first","10":"instock","11":"shipping-taxable","12":"purchasable","13":"product-type-simple"},"acf":[],"_links":{"self":[{"href":"https:\/\/www.ernstbrunn-apotheke.at\/katalog\/wp-json\/wp\/v2\/product\/142822","targetHints":{"allow":["GET"]}}],"collection":[{"href":"https:\/\/www.ernstbrunn-apotheke.at\/katalog\/wp-json\/wp\/v2\/product"}],"about":[{"href":"https:\/\/www.ernstbrunn-apotheke.at\/katalog\/wp-json\/wp\/v2\/types\/product"}],"wp:featuredmedia":[{"embeddable":true,"href":"https:\/\/www.ernstbrunn-apotheke.at\/katalog\/wp-json\/wp\/v2\/media\/142824"}],"wp:attachment":[{"href":"https:\/\/www.ernstbrunn-apotheke.at\/katalog\/wp-json\/wp\/v2\/media?parent=142822"}],"wp:term":[{"taxonomy":"product_brand","embeddable":true,"href":"https:\/\/www.ernstbrunn-apotheke.at\/katalog\/wp-json\/wp\/v2\/product_brand?post=142822"},{"taxonomy":"product_cat","embeddable":true,"href":"https:\/\/www.ernstbrunn-apotheke.at\/katalog\/wp-json\/wp\/v2\/product_cat?post=142822"},{"taxonomy":"product_tag","embeddable":true,"href":"https:\/\/www.ernstbrunn-apotheke.at\/katalog\/wp-json\/wp\/v2\/product_tag?post=142822"}],"curies":[{"name":"wp","href":"https:\/\/api.w.org\/{rel}","templated":true}]}}