{"id":14278,"date":"2025-11-07T15:20:15","date_gmt":"2025-11-07T14:20:15","guid":{"rendered":"https:\/\/www.ernstbrunn-apotheke.at\/katalog\/produkt\/xenofit-heisse-hexe-vitamine-calcium-mit-himbeergeschmack-10-stk\/"},"modified":"2025-12-08T13:38:25","modified_gmt":"2025-12-08T12:38:25","slug":"xenofit-heisse-hexe-vitamine-calcium-mit-himbeergeschmack-10-stk","status":"publish","type":"product","link":"https:\/\/www.ernstbrunn-apotheke.at\/katalog\/produkt\/xenofit-heisse-hexe-vitamine-calcium-mit-himbeergeschmack-10-stk\/","title":{"rendered":"Xenofit Hei\u00dfe Hexe Vitamine + Calcium mit Himbeergeschmack 10 Stk."},"content":{"rendered":"<p>Xenofit Hei\u00dfe Hexe Vitamine + Calcium mit Himbeergeschmack bietet 5 Vitamine und Calcium f\u00fcr die ganze Familie.<\/p>\n","protected":false},"excerpt":{"rendered":"<p>Xenofit Hei\u00dfe Hexe Vitamine + Calcium mit Himbeergeschmack bietet 5 Vitamine und Calcium f\u00fcr die ganze Familie.<\/p>\n","protected":false},"featured_media":14280,"template":"","meta":{"_acf_changed":false},"product_brand":[],"product_cat":[950],"product_tag":[],"class_list":{"0":"post-14278","1":"product","2":"type-product","3":"status-publish","4":"has-post-thumbnail","6":"product_cat-x","7":"pa_geschmack-himbeer","8":"pa_packungsgroesse-10-beutel","10":"first","11":"instock","12":"shipping-taxable","13":"purchasable","14":"product-type-simple"},"acf":[],"_links":{"self":[{"href":"https:\/\/www.ernstbrunn-apotheke.at\/katalog\/wp-json\/wp\/v2\/product\/14278","targetHints":{"allow":["GET"]}}],"collection":[{"href":"https:\/\/www.ernstbrunn-apotheke.at\/katalog\/wp-json\/wp\/v2\/product"}],"about":[{"href":"https:\/\/www.ernstbrunn-apotheke.at\/katalog\/wp-json\/wp\/v2\/types\/product"}],"wp:featuredmedia":[{"embeddable":true,"href":"https:\/\/www.ernstbrunn-apotheke.at\/katalog\/wp-json\/wp\/v2\/media\/14280"}],"wp:attachment":[{"href":"https:\/\/www.ernstbrunn-apotheke.at\/katalog\/wp-json\/wp\/v2\/media?parent=14278"}],"wp:term":[{"taxonomy":"product_brand","embeddable":true,"href":"https:\/\/www.ernstbrunn-apotheke.at\/katalog\/wp-json\/wp\/v2\/product_brand?post=14278"},{"taxonomy":"product_cat","embeddable":true,"href":"https:\/\/www.ernstbrunn-apotheke.at\/katalog\/wp-json\/wp\/v2\/product_cat?post=14278"},{"taxonomy":"product_tag","embeddable":true,"href":"https:\/\/www.ernstbrunn-apotheke.at\/katalog\/wp-json\/wp\/v2\/product_tag?post=14278"}],"curies":[{"name":"wp","href":"https:\/\/api.w.org\/{rel}","templated":true}]}}