{"id":142776,"date":"2025-11-14T22:47:56","date_gmt":"2025-11-14T21:47:56","guid":{"rendered":"https:\/\/www.ernstbrunn-apotheke.at\/katalog\/produkt\/gum-kids-monster-zahngel-mit-erdbeergeschmack-50-ml\/"},"modified":"2025-12-09T10:46:21","modified_gmt":"2025-12-09T09:46:21","slug":"gum-kids-monster-zahngel-mit-erdbeergeschmack-50-ml","status":"publish","type":"product","link":"https:\/\/www.ernstbrunn-apotheke.at\/katalog\/produkt\/gum-kids-monster-zahngel-mit-erdbeergeschmack-50-ml\/","title":{"rendered":"Gum Kids Monster Zahngel mit Erdbeergeschmack 50 ml"},"content":{"rendered":"<p>Das GUM Kids Monster Zahngel mit patentierter Kombination von Fluorid und Isomalt erh\u00f6ht dieSchmelz-Remineralisation. Der angepasste Flouridgehalt (500 ppm) ist speziell f\u00fcr Kinder unter 6 Jahren geeignet. Gel-Textur mit Erdbeergeschmack &#8211; die besonders sanfte Formulierung f\u00fcr besten Schutz und Pflege der Milchz\u00e4hne als Grundvoraussetzung f\u00fcr gesunde bleibende Z\u00e4hne &#8211; Jetzt online bestellen<\/p>\n","protected":false},"excerpt":{"rendered":"<p>Das GUM Kids Monster Zahngel mit patentierter Kombination von Fluorid und Isomalt erh\u00f6ht dieSchmelz-Remineralisation. Der angepasste Flouridgehalt (500 ppm) ist speziell f\u00fcr Kinder unter 6 Jahren geeignet. Gel-Textur mit Erdbeergeschmack &#8211; die besonders sanfte Formulierung f\u00fcr besten Schutz und Pflege der Milchz\u00e4hne als Grundvoraussetzung f\u00fcr gesunde bleibende Z\u00e4hne &#8211; Jetzt online bestellen<\/p>\n","protected":false},"featured_media":0,"template":"","meta":{"_acf_changed":false},"product_brand":[894],"product_cat":[810],"product_tag":[],"class_list":{"0":"post-142776","1":"product","2":"type-product","3":"status-publish","5":"product_brand-g-u-m","6":"product_cat-g","7":"pa_packungsgroesse-50ml","9":"first","10":"instock","11":"shipping-taxable","12":"purchasable","13":"product-type-simple"},"acf":[],"_links":{"self":[{"href":"https:\/\/www.ernstbrunn-apotheke.at\/katalog\/wp-json\/wp\/v2\/product\/142776","targetHints":{"allow":["GET"]}}],"collection":[{"href":"https:\/\/www.ernstbrunn-apotheke.at\/katalog\/wp-json\/wp\/v2\/product"}],"about":[{"href":"https:\/\/www.ernstbrunn-apotheke.at\/katalog\/wp-json\/wp\/v2\/types\/product"}],"wp:attachment":[{"href":"https:\/\/www.ernstbrunn-apotheke.at\/katalog\/wp-json\/wp\/v2\/media?parent=142776"}],"wp:term":[{"taxonomy":"product_brand","embeddable":true,"href":"https:\/\/www.ernstbrunn-apotheke.at\/katalog\/wp-json\/wp\/v2\/product_brand?post=142776"},{"taxonomy":"product_cat","embeddable":true,"href":"https:\/\/www.ernstbrunn-apotheke.at\/katalog\/wp-json\/wp\/v2\/product_cat?post=142776"},{"taxonomy":"product_tag","embeddable":true,"href":"https:\/\/www.ernstbrunn-apotheke.at\/katalog\/wp-json\/wp\/v2\/product_tag?post=142776"}],"curies":[{"name":"wp","href":"https:\/\/api.w.org\/{rel}","templated":true}]}}