{"id":142766,"date":"2025-11-14T22:47:10","date_gmt":"2025-11-14T21:47:10","guid":{"rendered":"https:\/\/www.ernstbrunn-apotheke.at\/katalog\/produkt\/gall-pharma-biotin-10-mg-kapseln-90-stk\/"},"modified":"2025-12-09T10:46:19","modified_gmt":"2025-12-09T09:46:19","slug":"gall-pharma-biotin-10-mg-kapseln-90-stk","status":"publish","type":"product","link":"https:\/\/www.ernstbrunn-apotheke.at\/katalog\/produkt\/gall-pharma-biotin-10-mg-kapseln-90-stk\/","title":{"rendered":"Gall Pharma Biotin 10 mg Kapseln 90 Stk."},"content":{"rendered":"<p>Biotin (Vitamin H, Vitamin B7) geh\u00f6rt zur Gruppe der wasserl\u00f6slichen B-Vitamine und kommt in geringen Mengen in Nahrungsmitteln vor. Zus\u00e4tzlich kann es endogen mit Hilfe von Darmbakterien gebildet werden. Das Vitamin ist direkt am Aufbau der Grundsubstanz von Haaren und N\u00e4gel beteiligt und f\u00f6rdert das Zellwachstum von Haut und Bindegewebe. Durch die gezielte Einnahme von hochdosiertem Biotin kann das Wachstum von gl\u00e4nzendem, kr\u00e4ftigem Haar und starken N\u00e4geln sowie ein strahlendes Hautbild erreicht werden. Ein verbessertes Biotinangebot hat sich bei bereits bestehenden Funktionsst\u00f6rungen und Krankheiten von Haut, Haaren und N\u00e4gel ebenfalls bew\u00e4hrt, da es an zahlreichen Stoffwechsel- und Zellteilungsprozessen beteiligt ist. Demnach ist es Bestandteil des Fett-, Kohlenhydrat- und Eiwei\u00dfstoffwechsels. Biotinhaltige Enzyme sind unter anderem an der Gluconeogenese (dabei wird aus k\u00f6rpereigenem Eiwei\u00df und Fetten Zucker gewonnen), Synthese langkettiger unges\u00e4ttigter Fetts\u00e4uren und dem Aminos\u00e4urestoffwechsel beteiligt. Weiters wird Biotin f\u00fcr die Antik\u00f6rperproduktion ben\u00f6tigt.<\/p>\n","protected":false},"excerpt":{"rendered":"<p>Biotin (Vitamin H, Vitamin B7) geh\u00f6rt zur Gruppe der wasserl\u00f6slichen B-Vitamine und kommt in geringen Mengen in Nahrungsmitteln vor. Zus\u00e4tzlich kann es endogen mit Hilfe von Darmbakterien gebildet werden. Das Vitamin ist direkt am Aufbau der Grundsubstanz von Haaren und N\u00e4gel beteiligt und f\u00f6rdert das Zellwachstum von Haut und Bindegewebe. Durch die gezielte Einnahme von [&hellip;]<\/p>\n","protected":false},"featured_media":142768,"template":"","meta":{"_acf_changed":false},"product_brand":[],"product_cat":[810],"product_tag":[],"class_list":{"0":"post-142766","1":"product","2":"type-product","3":"status-publish","4":"has-post-thumbnail","6":"product_cat-g","7":"pa_packungsgroesse-90-stueck","9":"first","10":"instock","11":"shipping-taxable","12":"purchasable","13":"product-type-simple"},"acf":[],"_links":{"self":[{"href":"https:\/\/www.ernstbrunn-apotheke.at\/katalog\/wp-json\/wp\/v2\/product\/142766","targetHints":{"allow":["GET"]}}],"collection":[{"href":"https:\/\/www.ernstbrunn-apotheke.at\/katalog\/wp-json\/wp\/v2\/product"}],"about":[{"href":"https:\/\/www.ernstbrunn-apotheke.at\/katalog\/wp-json\/wp\/v2\/types\/product"}],"wp:featuredmedia":[{"embeddable":true,"href":"https:\/\/www.ernstbrunn-apotheke.at\/katalog\/wp-json\/wp\/v2\/media\/142768"}],"wp:attachment":[{"href":"https:\/\/www.ernstbrunn-apotheke.at\/katalog\/wp-json\/wp\/v2\/media?parent=142766"}],"wp:term":[{"taxonomy":"product_brand","embeddable":true,"href":"https:\/\/www.ernstbrunn-apotheke.at\/katalog\/wp-json\/wp\/v2\/product_brand?post=142766"},{"taxonomy":"product_cat","embeddable":true,"href":"https:\/\/www.ernstbrunn-apotheke.at\/katalog\/wp-json\/wp\/v2\/product_cat?post=142766"},{"taxonomy":"product_tag","embeddable":true,"href":"https:\/\/www.ernstbrunn-apotheke.at\/katalog\/wp-json\/wp\/v2\/product_tag?post=142766"}],"curies":[{"name":"wp","href":"https:\/\/api.w.org\/{rel}","templated":true}]}}