{"id":142762,"date":"2025-11-14T22:47:10","date_gmt":"2025-11-14T21:47:10","guid":{"rendered":"https:\/\/www.ernstbrunn-apotheke.at\/katalog\/produkt\/balsan-hornhaut-balsam-100-ml\/"},"modified":"2025-12-09T10:46:18","modified_gmt":"2025-12-09T09:46:18","slug":"balsan-hornhaut-balsam-100-ml","status":"publish","type":"product","link":"https:\/\/www.ernstbrunn-apotheke.at\/katalog\/produkt\/balsan-hornhaut-balsam-100-ml\/","title":{"rendered":"Balsan Hornhaut Balsam 100 ml"},"content":{"rendered":"<p>Balsan Hornhaut Balsam gegen rauhe Fersen, rissige und trockene Haut an den F\u00fc\u00dfen. Reduzieren Sie Hornhaut mit wertvollen nat\u00fcrlichen Inhaltsstoffen und einem hohen Urea Anteil zuverl\u00e4ssig. Dieser spezielle Hornhaut-Balsam ist ebenfalls zur Behandlung von trockenen Ellenbogen oder Knien geeignet und macht die rauhen und schrundigen Hautpartien wieder glatt und geschmeidig.<\/p>\n","protected":false},"excerpt":{"rendered":"<p>Balsan Hornhaut Balsam gegen rauhe Fersen, rissige und trockene Haut an den F\u00fc\u00dfen. Reduzieren Sie Hornhaut mit wertvollen nat\u00fcrlichen Inhaltsstoffen und einem hohen Urea Anteil zuverl\u00e4ssig. Dieser spezielle Hornhaut-Balsam ist ebenfalls zur Behandlung von trockenen Ellenbogen oder Knien geeignet und macht die rauhen und schrundigen Hautpartien wieder glatt und geschmeidig.<\/p>\n","protected":false},"featured_media":0,"template":"","meta":{"_acf_changed":false},"product_brand":[],"product_cat":[802],"product_tag":[],"class_list":{"0":"post-142762","1":"product","2":"type-product","3":"status-publish","5":"product_cat-b","6":"pa_packungsgroesse-100ml","8":"first","9":"instock","10":"shipping-taxable","11":"purchasable","12":"product-type-simple"},"acf":[],"_links":{"self":[{"href":"https:\/\/www.ernstbrunn-apotheke.at\/katalog\/wp-json\/wp\/v2\/product\/142762","targetHints":{"allow":["GET"]}}],"collection":[{"href":"https:\/\/www.ernstbrunn-apotheke.at\/katalog\/wp-json\/wp\/v2\/product"}],"about":[{"href":"https:\/\/www.ernstbrunn-apotheke.at\/katalog\/wp-json\/wp\/v2\/types\/product"}],"wp:attachment":[{"href":"https:\/\/www.ernstbrunn-apotheke.at\/katalog\/wp-json\/wp\/v2\/media?parent=142762"}],"wp:term":[{"taxonomy":"product_brand","embeddable":true,"href":"https:\/\/www.ernstbrunn-apotheke.at\/katalog\/wp-json\/wp\/v2\/product_brand?post=142762"},{"taxonomy":"product_cat","embeddable":true,"href":"https:\/\/www.ernstbrunn-apotheke.at\/katalog\/wp-json\/wp\/v2\/product_cat?post=142762"},{"taxonomy":"product_tag","embeddable":true,"href":"https:\/\/www.ernstbrunn-apotheke.at\/katalog\/wp-json\/wp\/v2\/product_tag?post=142762"}],"curies":[{"name":"wp","href":"https:\/\/api.w.org\/{rel}","templated":true}]}}