{"id":142760,"date":"2025-11-14T22:47:10","date_gmt":"2025-11-14T21:47:10","guid":{"rendered":"https:\/\/www.ernstbrunn-apotheke.at\/katalog\/produkt\/aqveo-sulf-waermend-200-ml\/"},"modified":"2025-12-09T10:46:18","modified_gmt":"2025-12-09T09:46:18","slug":"aqveo-sulf-waermend-200-ml","status":"publish","type":"product","link":"https:\/\/www.ernstbrunn-apotheke.at\/katalog\/produkt\/aqveo-sulf-waermend-200-ml\/","title":{"rendered":"Aqveo Sulf w\u00e4rmend 200 ml"},"content":{"rendered":"<p>Das w\u00e4rmende \u00d6l unterst\u00fctzt die Therapie mit Cayennepfeffer Extrakt f\u00fcr Ischias, &#8211; und Kreuzschmerzen, Nervenschmerzen, Muskelverspannungen, Chronische Rheumatische Beschwerden oder Abn\u00fctzungserscheinungen.<\/p>\n","protected":false},"excerpt":{"rendered":"<p>Das w\u00e4rmende \u00d6l unterst\u00fctzt die Therapie mit Cayennepfeffer Extrakt f\u00fcr Ischias, &#8211; und Kreuzschmerzen, Nervenschmerzen, Muskelverspannungen, Chronische Rheumatische Beschwerden oder Abn\u00fctzungserscheinungen.<\/p>\n","protected":false},"featured_media":0,"template":"","meta":{"_acf_changed":false},"product_brand":[],"product_cat":[801],"product_tag":[],"class_list":{"0":"post-142760","1":"product","2":"type-product","3":"status-publish","5":"product_cat-a","6":"pa_packungsgroesse-200ml","8":"first","9":"instock","10":"shipping-taxable","11":"purchasable","12":"product-type-simple"},"acf":[],"_links":{"self":[{"href":"https:\/\/www.ernstbrunn-apotheke.at\/katalog\/wp-json\/wp\/v2\/product\/142760","targetHints":{"allow":["GET"]}}],"collection":[{"href":"https:\/\/www.ernstbrunn-apotheke.at\/katalog\/wp-json\/wp\/v2\/product"}],"about":[{"href":"https:\/\/www.ernstbrunn-apotheke.at\/katalog\/wp-json\/wp\/v2\/types\/product"}],"wp:attachment":[{"href":"https:\/\/www.ernstbrunn-apotheke.at\/katalog\/wp-json\/wp\/v2\/media?parent=142760"}],"wp:term":[{"taxonomy":"product_brand","embeddable":true,"href":"https:\/\/www.ernstbrunn-apotheke.at\/katalog\/wp-json\/wp\/v2\/product_brand?post=142760"},{"taxonomy":"product_cat","embeddable":true,"href":"https:\/\/www.ernstbrunn-apotheke.at\/katalog\/wp-json\/wp\/v2\/product_cat?post=142760"},{"taxonomy":"product_tag","embeddable":true,"href":"https:\/\/www.ernstbrunn-apotheke.at\/katalog\/wp-json\/wp\/v2\/product_tag?post=142760"}],"curies":[{"name":"wp","href":"https:\/\/api.w.org\/{rel}","templated":true}]}}